{"id":11152,"date":"2023-01-18T18:36:33","date_gmt":"2023-01-18T16:36:33","guid":{"rendered":"https:\/\/dev.zezz.ee\/garden\/toode\/miscanthus-sinensis-adagio\/"},"modified":"2026-03-03T10:53:24","modified_gmt":"2026-03-03T08:53:24","slug":"miscanthus-sinensis-adagio","status":"publish","type":"product","link":"https:\/\/dev.garden.ee\/en\/product\/miscanthus-sinensis-adagio\/","title":{"rendered":"Miscanthus sinensis &#8216;Adagio&#8217;"},"content":{"rendered":"<input class=\"fooboxshare_post_id\" type=\"hidden\" value=\"11152\"\/>","protected":false},"excerpt":{"rendered":"<p>Antud sort on teistest hiina siidp\u00f6\u00f6ristest madalakasvulisem, sobides v\u00e4iksemale pinnale.\u00a0K\u00f5rreline moodustab kompaktse, mitte eriti k\u00f5rge p\u00f5\u00f5sa. Hallikas-h\u00f5bedased pikad ja kitsad lehed muutuvad s\u00fcgise saabudes kollaseks. \u00d5ied ilmuvad suvel, pisut roosaka alatooniga, hiljem muutuvad kreemikaks. Kogu p\u00f5\u00f5sas muutub s\u00fcgisel s\u00e4ravalt kuldseks, ehtides aeda ka kogu talve jooksul.<\/p>","protected":false},"featured_media":11153,"template":"","meta":[],"product_brand":[],"product_cat":[4407,4400,4415,4401,22],"product_tag":[],"class_list":{"0":"post-11152","1":"product","2":"type-product","3":"status-publish","4":"has-post-thumbnail","6":"product_cat-aasad","7":"product_cat-korrelised","8":"product_cat-lilleaed","9":"product_cat-pusikud","10":"product_cat-taimed","11":"pa_haiguskindlus-vaga-hea","12":"pa_moodud-k-90-cm-l-90-cm","13":"pa_oie-varv-kreemjas","14":"pa_oitsemise-aeg-august-september","15":"pa_talvekindlus-hea","16":"pa_tsoon-z-5-9","17":"pa_variatsioon-suurem-pott","18":"pa_variatsioon-vaiksem-pott","20":"first","21":"outofstock","22":"purchasable","23":"product-type-variable"},"acf":[],"_links":{"self":[{"href":"https:\/\/dev.garden.ee\/en\/wp-json\/wp\/v2\/product\/11152","targetHints":{"allow":["GET"]}}],"collection":[{"href":"https:\/\/dev.garden.ee\/en\/wp-json\/wp\/v2\/product"}],"about":[{"href":"https:\/\/dev.garden.ee\/en\/wp-json\/wp\/v2\/types\/product"}],"wp:featuredmedia":[{"embeddable":true,"href":"https:\/\/dev.garden.ee\/en\/wp-json\/wp\/v2\/media\/11153"}],"wp:attachment":[{"href":"https:\/\/dev.garden.ee\/en\/wp-json\/wp\/v2\/media?parent=11152"}],"wp:term":[{"taxonomy":"product_brand","embeddable":true,"href":"https:\/\/dev.garden.ee\/en\/wp-json\/wp\/v2\/product_brand?post=11152"},{"taxonomy":"product_cat","embeddable":true,"href":"https:\/\/dev.garden.ee\/en\/wp-json\/wp\/v2\/product_cat?post=11152"},{"taxonomy":"product_tag","embeddable":true,"href":"https:\/\/dev.garden.ee\/en\/wp-json\/wp\/v2\/product_tag?post=11152"}],"curies":[{"name":"wp","href":"https:\/\/api.w.org\/{rel}","templated":true}]}}