{"id":11141,"date":"2023-01-18T18:36:26","date_gmt":"2023-01-18T16:36:26","guid":{"rendered":"https:\/\/dev.zezz.ee\/garden\/toode\/rhus-typhina\/"},"modified":"2023-03-23T09:59:43","modified_gmt":"2023-03-23T07:59:43","slug":"rhus-typhina","status":"publish","type":"product","link":"https:\/\/dev.garden.ee\/en\/product\/rhus-typhina\/","title":{"rendered":"Rhus typhina"},"content":{"rendered":"<input class=\"fooboxshare_post_id\" type=\"hidden\" value=\"11141\"\/>","protected":false},"excerpt":{"rendered":"<p>Erakordselt efektne puu! S\u00fcgavalt l\u00f5histunud, sakilise \u00e4\u00e4rega lehed on suvel rohelised ja s\u00fcgisel hakkab v\u00e4rvi muutma, algul kollaseks ja siis saavutavad s\u00e4ravad tulipunased ja oran\u017eid toonid. Suvel v\u00e4ikesed kollakasrohelised \u00f5ied ja s\u00fcgisel emastaimedel punased viljap\u00f6\u00f6rised.\u00a0Talub saastunud \u00f5hku, saab hakkama erinevates muldades.<\/p>","protected":false},"featured_media":11142,"template":"","meta":[],"product_brand":[],"product_cat":[4403,4406,4396,22],"product_tag":[],"class_list":{"0":"post-11141","1":"product","2":"type-product","3":"status-publish","4":"has-post-thumbnail","6":"product_cat-kodu","7":"product_cat-park","8":"product_cat-puud-ja-poosad","9":"product_cat-taimed","10":"pa_moodud-k-5-m-l-6-m","11":"pa_muugisuurus-erinevad-suurused","12":"pa_oie-varv-kollane","13":"pa_oitsemise-aeg-juuli","14":"pa_talvekindlus-vaga-hea","15":"pa_tsoon-999","16":"pa_variatsioon-puuvorm-h-125-150-cm","17":"pa_variatsioon-puuvorm-h-175-200-cm","18":"pa_variatsioon-puuvorm-h-200-250-cm","20":"first","21":"outofstock","22":"taxable","23":"shipping-taxable","24":"purchasable","25":"product-type-variable"},"acf":[],"_links":{"self":[{"href":"https:\/\/dev.garden.ee\/en\/wp-json\/wp\/v2\/product\/11141","targetHints":{"allow":["GET"]}}],"collection":[{"href":"https:\/\/dev.garden.ee\/en\/wp-json\/wp\/v2\/product"}],"about":[{"href":"https:\/\/dev.garden.ee\/en\/wp-json\/wp\/v2\/types\/product"}],"wp:featuredmedia":[{"embeddable":true,"href":"https:\/\/dev.garden.ee\/en\/wp-json\/wp\/v2\/media\/11142"}],"wp:attachment":[{"href":"https:\/\/dev.garden.ee\/en\/wp-json\/wp\/v2\/media?parent=11141"}],"wp:term":[{"taxonomy":"product_brand","embeddable":true,"href":"https:\/\/dev.garden.ee\/en\/wp-json\/wp\/v2\/product_brand?post=11141"},{"taxonomy":"product_cat","embeddable":true,"href":"https:\/\/dev.garden.ee\/en\/wp-json\/wp\/v2\/product_cat?post=11141"},{"taxonomy":"product_tag","embeddable":true,"href":"https:\/\/dev.garden.ee\/en\/wp-json\/wp\/v2\/product_tag?post=11141"}],"curies":[{"name":"wp","href":"https:\/\/api.w.org\/{rel}","templated":true}]}}