{"id":1110,"date":"2023-01-18T17:00:56","date_gmt":"2023-01-18T15:00:56","guid":{"rendered":"https:\/\/dev.zezz.ee\/garden\/toode\/eden-rose-85-pierre-de-ronsard\/"},"modified":"2026-02-03T11:41:08","modified_gmt":"2026-02-03T09:41:08","slug":"eden-rose-85-pierre-de-ronsard","status":"publish","type":"product","link":"https:\/\/dev.garden.ee\/en\/product\/eden-rose-85-pierre-de-ronsard\/","title":{"rendered":"Eden Rose\u00ae 85 \/ Pierre de Ronsard\u00ae"},"content":{"rendered":"<input class=\"fooboxshare_post_id\" type=\"hidden\" value=\"1110\"\/>","protected":false},"excerpt":{"rendered":"<p>K\u00f5ige kaunim ja romantilisem roos, mille Meilland on loonud. \u00d5ied meenutavad vanu roose; suured (10-11 cm), t\u00e4idetud (70 kroonlehte) ja kausjad. Helerohelised pungad avanevad kreemjasvalgeteks \u00f5iteks, mille kuju meenutab kapsapead, hiljem v\u00f5tavad \u00f5ied kausja kuju, mille s\u00fcdamikust \u00f5hetab roosakat tooni. Vananedes muutuvad \u00f5ied peaaegu valgeks. Lehestik tumeroheline ja l\u00e4ikiv. V\u00f5ib kasutada roniroosina.<\/p>\n<p>Euroopas on roos enamasti tuntud nimega Eden Rose, kuigi nime sai ta Prantsusmaa luuletaja Pierre De Ronsardi j\u00e4rgi.<\/p>\n<p>Aretus: Jacques Mouchotte (Prantsusmaa, enne 1985).<\/p>\n<p><span style=\"color: #ff0000;\">ETTETELLIMINE, V\u00c4LJASTAMINE APRILLI TEISEST POOLEST<\/span><\/p>","protected":false},"featured_media":24729,"template":"","meta":[],"product_brand":[],"product_cat":[4415,4413,4397,4416,4402,22],"product_tag":[],"class_list":{"0":"post-1110","1":"product","2":"type-product","3":"status-publish","4":"has-post-thumbnail","6":"product_cat-lilleaed","7":"product_cat-loikelilleaed","8":"product_cat-ronitaimed","9":"product_cat-roosiaed","10":"product_cat-roosid","11":"product_cat-taimed","12":"pa_aretus-meilland","13":"pa_avalikustamisaasta-prantsusmaa-1985","14":"pa_haiguskindlus-vaga-hea","15":"pa_kollektsioon-romantica","16":"pa_laius-60-cm","17":"pa_lisainfo-sobib-kasutamiseks-roniroosina","18":"pa_lisainfo-sobib-loikelilleks","19":"pa_lohn-orn","20":"pa_oie-suurus-suur","21":"pa_oie-varv-kreemikasvalge","22":"pa_oie-varv-roosakas","23":"pa_oietuup-taidisois","24":"pa_oitsemine-korduvalt-oitsev","25":"pa_sort-poosasroos","26":"pa_taimede-arvestus-ruutmeetri-9213","27":"pa_talvekindlus-hea","28":"pa_variatsioon-paljasjuurne-ainult-kevadel","29":"pa_variatsioon-potis-2l-kevadel","30":"pa_variatsioon-potis-4-6l-suvel-ja-sugisel","32":"first","33":"outofstock","34":"purchasable","35":"product-type-variable"},"acf":[],"_links":{"self":[{"href":"https:\/\/dev.garden.ee\/en\/wp-json\/wp\/v2\/product\/1110","targetHints":{"allow":["GET"]}}],"collection":[{"href":"https:\/\/dev.garden.ee\/en\/wp-json\/wp\/v2\/product"}],"about":[{"href":"https:\/\/dev.garden.ee\/en\/wp-json\/wp\/v2\/types\/product"}],"wp:featuredmedia":[{"embeddable":true,"href":"https:\/\/dev.garden.ee\/en\/wp-json\/wp\/v2\/media\/24729"}],"wp:attachment":[{"href":"https:\/\/dev.garden.ee\/en\/wp-json\/wp\/v2\/media?parent=1110"}],"wp:term":[{"taxonomy":"product_brand","embeddable":true,"href":"https:\/\/dev.garden.ee\/en\/wp-json\/wp\/v2\/product_brand?post=1110"},{"taxonomy":"product_cat","embeddable":true,"href":"https:\/\/dev.garden.ee\/en\/wp-json\/wp\/v2\/product_cat?post=1110"},{"taxonomy":"product_tag","embeddable":true,"href":"https:\/\/dev.garden.ee\/en\/wp-json\/wp\/v2\/product_tag?post=1110"}],"curies":[{"name":"wp","href":"https:\/\/api.w.org\/{rel}","templated":true}]}}