{"id":11047,"date":"2023-01-18T18:35:34","date_gmt":"2023-01-18T16:35:34","guid":{"rendered":"https:\/\/dev.zezz.ee\/garden\/toode\/libertas\/"},"modified":"2026-02-06T18:37:07","modified_gmt":"2026-02-06T16:37:07","slug":"libertas","status":"publish","type":"product","link":"https:\/\/dev.garden.ee\/en\/product\/libertas\/","title":{"rendered":"Libertas\u00ae"},"content":{"rendered":"<input class=\"fooboxshare_post_id\" type=\"hidden\" value=\"11047\"\/>","protected":false},"excerpt":{"rendered":"<p>Roosa variant roniroosidest Perennial Blue ja Perennial Blush. \u00a0Tema pikad, h\u00e4stipainduvad oksad on v\u00f5imalik seada ja juhatada nii, et nad maksimaalselt kataksid pinda ja moodustuks tihe, k\u00fclluslik roheline sein \u00f5rnade fuksiaroosade liht\u00f5itega (2-4cm). Pilkup\u00fc\u00fcdev valge \u00f5ies\u00fcdamik teeb roosi veelgi k\u00fctkestavamaks. Roos on p\u00e4lvinud prestii\u017ese ADR tiitli ja mitmeidki muid k\u00f5rgeid auhindu t\u00e4nu oma suurep\u00e4rasele haiguskindlusele.<\/p>\n<p>Sobib kasutamiseks pergolatel, puudel, v\u00f5redel ja kaartel, paviljonil, maja esiseinal, terrassidel, sirmidel.<\/p>\n<p>Auhinnad: ADR\u00ae Rose 2013; Honorary Award of the City of Zweibr\u00fccken (Germany 2009); Silver Medal Baden-Baden (Germany 2009).<\/p>","protected":false},"featured_media":11048,"template":"","meta":[],"product_brand":[],"product_cat":[4415,4414,6934,4397,4416,4402,22],"product_tag":[9418,9417],"class_list":{"0":"post-11047","1":"product","2":"type-product","3":"status-publish","4":"has-post-thumbnail","6":"product_cat-lilleaed","7":"product_cat-lohnaaed","8":"product_cat-mesilassobralik-aed","9":"product_cat-ronitaimed","10":"product_cat-roosiaed","11":"product_cat-roosid","12":"product_cat-taimed","13":"product_tag-adr-roos","14":"product_tag-soodushind-50","15":"pa_adr-9754","16":"pa_aretus-rosen-tantau","17":"pa_avalikustamisaasta-saksamaa-2016","18":"pa_haiguskindlus-vaga-hea","19":"pa_kasvukorgus-200-300-cm","20":"pa_laius-80-cm","21":"pa_lisainfo-mesilaste-lemmik","22":"pa_lisainfo-ronitaim","23":"pa_lohn-orn","24":"pa_oie-suurus-vaike","25":"pa_oie-varv-roosa","26":"pa_oie-varv-valge","27":"pa_oietuup-lihtois","28":"pa_oitsemine-korduvalt-oitsev","29":"pa_sort-roniroos","30":"pa_taimede-arvestus-ruutmeetri-9216","31":"pa_talvekindlus-vaga-hea","32":"pa_variatsioon-potis-2l-kevadel","33":"pa_variatsioon-potis-4-6l","34":"pa_variatsioon-potis-4-6l-suvel-ja-sugisel","36":"first","37":"outofstock","38":"sale","39":"purchasable","40":"product-type-variable"},"acf":[],"_links":{"self":[{"href":"https:\/\/dev.garden.ee\/en\/wp-json\/wp\/v2\/product\/11047","targetHints":{"allow":["GET"]}}],"collection":[{"href":"https:\/\/dev.garden.ee\/en\/wp-json\/wp\/v2\/product"}],"about":[{"href":"https:\/\/dev.garden.ee\/en\/wp-json\/wp\/v2\/types\/product"}],"wp:featuredmedia":[{"embeddable":true,"href":"https:\/\/dev.garden.ee\/en\/wp-json\/wp\/v2\/media\/11048"}],"wp:attachment":[{"href":"https:\/\/dev.garden.ee\/en\/wp-json\/wp\/v2\/media?parent=11047"}],"wp:term":[{"taxonomy":"product_brand","embeddable":true,"href":"https:\/\/dev.garden.ee\/en\/wp-json\/wp\/v2\/product_brand?post=11047"},{"taxonomy":"product_cat","embeddable":true,"href":"https:\/\/dev.garden.ee\/en\/wp-json\/wp\/v2\/product_cat?post=11047"},{"taxonomy":"product_tag","embeddable":true,"href":"https:\/\/dev.garden.ee\/en\/wp-json\/wp\/v2\/product_tag?post=11047"}],"curies":[{"name":"wp","href":"https:\/\/api.w.org\/{rel}","templated":true}]}}