{"id":11026,"date":"2023-01-18T18:35:23","date_gmt":"2023-01-18T16:35:23","guid":{"rendered":"https:\/\/dev.zezz.ee\/garden\/toode\/eisvogel\/"},"modified":"2026-02-03T12:00:42","modified_gmt":"2026-02-03T10:00:42","slug":"eisvogel","status":"publish","type":"product","link":"https:\/\/dev.garden.ee\/en\/product\/eisvogel\/","title":{"rendered":"Eisvogel\u00ae"},"content":{"rendered":"<input class=\"fooboxshare_post_id\" type=\"hidden\" value=\"11026\"\/>","protected":false},"excerpt":{"rendered":"<p>See 2016 aasta roos v\u00f5lub oma unikaalse kontrastsusega. 10-12 cm suuruste \u00f5ite kroonlehtede p\u00f5hitoon on k\u00fclm lillakasroosa, mis peidab sisemuses pastelset ja sooja vasekarva s\u00fcdamikku. Roosi nostalgiline v\u00e4limus ja eksootiline l\u00f5hn teevad roosist meeldej\u00e4\u00e4va sordi.<\/p>\n<p>Sobib kasutamiseks l\u00f5hnaaedades, teeh\u00fcbriidpeenardes, romantilistes aedades koos p\u00fcsikutega, l\u00f5ikelilleks.<\/p>\n<p><span style=\"color: #ff0000;\">ETTETELLIMINE, V\u00c4LJASTAMINE APRILLI TEISEST POOLEST<\/span><\/p>","protected":false},"featured_media":24731,"template":"","meta":[],"product_brand":[],"product_cat":[4415,4414,4413,4416,4402,22],"product_tag":[],"class_list":{"0":"post-11026","1":"product","2":"type-product","3":"status-publish","4":"has-post-thumbnail","6":"product_cat-lilleaed","7":"product_cat-lohnaaed","8":"product_cat-loikelilleaed","9":"product_cat-roosiaed","10":"product_cat-roosid","11":"product_cat-taimed","12":"pa_aretus-rosen-tantau","13":"pa_avalikustamisaasta-saksamaa-2016","14":"pa_haiguskindlus-hea","15":"pa_kasvukorgus-80-120-cm","16":"pa_laius-40-50-cm","17":"pa_lisainfo-sobib-lohnaaeda","18":"pa_lisainfo-sobib-loikelilleks","19":"pa_lohn-tugev","20":"pa_lohn-eksootiline","21":"pa_oie-suurus-suur","22":"pa_oie-varv-lilla","23":"pa_oie-varv-roosakas","24":"pa_oie-varv-vaskne","25":"pa_oietuup-taidisois","26":"pa_oitsemine-korduvalt-oitsev","27":"pa_sort-nostalgiline-teehubriidroos","28":"pa_sunonuum-kongfisher-uk","29":"pa_talvekindlus-hea","30":"pa_variatsioon-potis-2l-kevadel","31":"pa_variatsioon-potis-4-6l","33":"first","34":"outofstock","35":"purchasable","36":"product-type-variable"},"acf":[],"_links":{"self":[{"href":"https:\/\/dev.garden.ee\/en\/wp-json\/wp\/v2\/product\/11026","targetHints":{"allow":["GET"]}}],"collection":[{"href":"https:\/\/dev.garden.ee\/en\/wp-json\/wp\/v2\/product"}],"about":[{"href":"https:\/\/dev.garden.ee\/en\/wp-json\/wp\/v2\/types\/product"}],"wp:featuredmedia":[{"embeddable":true,"href":"https:\/\/dev.garden.ee\/en\/wp-json\/wp\/v2\/media\/24731"}],"wp:attachment":[{"href":"https:\/\/dev.garden.ee\/en\/wp-json\/wp\/v2\/media?parent=11026"}],"wp:term":[{"taxonomy":"product_brand","embeddable":true,"href":"https:\/\/dev.garden.ee\/en\/wp-json\/wp\/v2\/product_brand?post=11026"},{"taxonomy":"product_cat","embeddable":true,"href":"https:\/\/dev.garden.ee\/en\/wp-json\/wp\/v2\/product_cat?post=11026"},{"taxonomy":"product_tag","embeddable":true,"href":"https:\/\/dev.garden.ee\/en\/wp-json\/wp\/v2\/product_tag?post=11026"}],"curies":[{"name":"wp","href":"https:\/\/api.w.org\/{rel}","templated":true}]}}