{"id":11011,"date":"2023-01-18T18:35:10","date_gmt":"2023-01-18T16:35:10","guid":{"rendered":"https:\/\/dev.zezz.ee\/garden\/toode\/syringa-reticulata-city-of-toronto\/"},"modified":"2023-03-24T11:24:58","modified_gmt":"2023-03-24T09:24:58","slug":"syringa-reticulata-city-of-toronto","status":"publish","type":"product","link":"https:\/\/dev.garden.ee\/en\/product\/syringa-reticulata-city-of-toronto\/","title":{"rendered":"Syringa reticulata &#8216;City of Toronto&#8217;"},"content":{"rendered":"<input class=\"fooboxshare_post_id\" type=\"hidden\" value=\"11011\"\/>","protected":false},"excerpt":{"rendered":"<p>P\u00f5\u00f5sakujuline sirel, aeglase kasvuga, v\u00e4ga pilkup\u00fc\u00fcdvate, suurte kuni 30 cm ulatuvate kreemjasvalgete \u00f5isikutega, mis meelitavad oma meel\u00f5hnaga liblikaid ja mesilasi. V\u00e4ga efektne kasvama \u00fcksikuna, samas suurep\u00e4rane valik ka r\u00fchmistutuseks kui tarvis luua eraldavat seina. Suvel lehestiks tumeroheline, s\u00fcgisel kollane. Kindlasti, kui on soov istutada aeda \u00f5itsevat pisemakasvulist puud ei tohiks antud kaunitari m\u00e4rkamata j\u00e4tta.<\/p>","protected":false},"featured_media":11012,"template":"","meta":[],"product_brand":[],"product_cat":[4403,4395,4414,4406,4396,22],"product_tag":[],"class_list":{"0":"post-11011","1":"product","2":"type-product","3":"status-publish","4":"has-post-thumbnail","6":"product_cat-kodu","7":"product_cat-hekid","8":"product_cat-lohnaaed","9":"product_cat-park","10":"product_cat-puud-ja-poosad","11":"product_cat-taimed","12":"pa_moodud-k-3-m-l-25-m","13":"pa_oie-varv-kreemjas","14":"pa_oitsemise-aeg-juuni","15":"pa_talvekindlus-hea","16":"pa_variatsioon-poosas-h-100-125-cm","17":"pa_variatsioon-poosas-h-120-150-cm","18":"pa_variatsioon-poosas-h-175-200-cm","19":"pa_variatsioon-poosas-h-80-100-cm","21":"first","22":"instock","23":"taxable","24":"shipping-taxable","25":"purchasable","26":"product-type-variable"},"acf":[],"_links":{"self":[{"href":"https:\/\/dev.garden.ee\/en\/wp-json\/wp\/v2\/product\/11011","targetHints":{"allow":["GET"]}}],"collection":[{"href":"https:\/\/dev.garden.ee\/en\/wp-json\/wp\/v2\/product"}],"about":[{"href":"https:\/\/dev.garden.ee\/en\/wp-json\/wp\/v2\/types\/product"}],"wp:featuredmedia":[{"embeddable":true,"href":"https:\/\/dev.garden.ee\/en\/wp-json\/wp\/v2\/media\/11012"}],"wp:attachment":[{"href":"https:\/\/dev.garden.ee\/en\/wp-json\/wp\/v2\/media?parent=11011"}],"wp:term":[{"taxonomy":"product_brand","embeddable":true,"href":"https:\/\/dev.garden.ee\/en\/wp-json\/wp\/v2\/product_brand?post=11011"},{"taxonomy":"product_cat","embeddable":true,"href":"https:\/\/dev.garden.ee\/en\/wp-json\/wp\/v2\/product_cat?post=11011"},{"taxonomy":"product_tag","embeddable":true,"href":"https:\/\/dev.garden.ee\/en\/wp-json\/wp\/v2\/product_tag?post=11011"}],"curies":[{"name":"wp","href":"https:\/\/api.w.org\/{rel}","templated":true}]}}