{"id":10989,"date":"2023-01-18T18:34:53","date_gmt":"2023-01-18T16:34:53","guid":{"rendered":"https:\/\/dev.zezz.ee\/garden\/toode\/lamium-maculatum-shell-pink\/"},"modified":"2026-03-01T13:29:14","modified_gmt":"2026-03-01T11:29:14","slug":"lamium-maculatum-shell-pink","status":"publish","type":"product","link":"https:\/\/dev.garden.ee\/en\/product\/lamium-maculatum-shell-pink\/","title":{"rendered":"Lamium maculatum &#8216;Shell Pink&#8217;"},"content":{"rendered":"<input class=\"fooboxshare_post_id\" type=\"hidden\" value=\"10989\"\/>","protected":false},"excerpt":{"rendered":"<p>Pilkup\u00fc\u00fcdev ja t\u00e4nuv\u00e4\u00e4rne pinnakatja poolvarjulisse niiskema mullaga alale. V\u00e4ikestel n\u00f5gesesarnastel lehtedel on h\u00f5bedane triip kaunistuseks. \u00d5ied ilmuvad kevade l\u00f5pus, \u00a0kobaras lehtede vahele, ehtides taime \u00f5rna roosa vahuga. Taim \u00f5itseb pikalt ja korduvalt, pakkudes silmailu kogu suveks. Sobib h\u00e4sti rooside ja muude p\u00f5\u00f5saste alla. V\u00e4ltige t\u00e4isp\u00e4ikese ja kuiva pinna kooslust, see taimele ei meeldiks. Kui taim on kohanenud, siis talub ka kuivemat pinda. Taime v\u00f5ib tagasi l\u00f5igata soovitud vormi ja jagada kevadel v\u00f5i s\u00fcgisel.<\/p>","protected":false},"featured_media":10990,"template":"","meta":[],"product_brand":[],"product_cat":[4415,6934,4406,9200,4401,4412,22],"product_tag":[],"class_list":{"0":"post-10989","1":"product","2":"type-product","3":"status-publish","4":"has-post-thumbnail","6":"product_cat-lilleaed","7":"product_cat-mesilassobralik-aed","8":"product_cat-park","9":"product_cat-pinnakatjad","10":"product_cat-pusikud","11":"product_cat-varjuaed","12":"product_cat-taimed","13":"pa_haiguskindlus-vaga-hea","14":"pa_moodud-k-15-20-cm-l-30-40-cm","15":"pa_oie-varv-roosa","16":"pa_oitsemise-aeg-mai-august","17":"pa_talvekindlus-vaga-hea","18":"pa_tsoon-z-3-8","19":"pa_variatsioon-suurem-pott","20":"pa_variatsioon-vaiksem-pott","22":"first","23":"outofstock","24":"purchasable","25":"product-type-variable"},"acf":[],"_links":{"self":[{"href":"https:\/\/dev.garden.ee\/en\/wp-json\/wp\/v2\/product\/10989","targetHints":{"allow":["GET"]}}],"collection":[{"href":"https:\/\/dev.garden.ee\/en\/wp-json\/wp\/v2\/product"}],"about":[{"href":"https:\/\/dev.garden.ee\/en\/wp-json\/wp\/v2\/types\/product"}],"wp:featuredmedia":[{"embeddable":true,"href":"https:\/\/dev.garden.ee\/en\/wp-json\/wp\/v2\/media\/10990"}],"wp:attachment":[{"href":"https:\/\/dev.garden.ee\/en\/wp-json\/wp\/v2\/media?parent=10989"}],"wp:term":[{"taxonomy":"product_brand","embeddable":true,"href":"https:\/\/dev.garden.ee\/en\/wp-json\/wp\/v2\/product_brand?post=10989"},{"taxonomy":"product_cat","embeddable":true,"href":"https:\/\/dev.garden.ee\/en\/wp-json\/wp\/v2\/product_cat?post=10989"},{"taxonomy":"product_tag","embeddable":true,"href":"https:\/\/dev.garden.ee\/en\/wp-json\/wp\/v2\/product_tag?post=10989"}],"curies":[{"name":"wp","href":"https:\/\/api.w.org\/{rel}","templated":true}]}}