{"id":10984,"date":"2023-01-18T18:34:50","date_gmt":"2023-01-18T16:34:50","guid":{"rendered":"https:\/\/dev.zezz.ee\/garden\/toode\/aronia-prunifolia-brilliant\/"},"modified":"2023-03-10T12:58:46","modified_gmt":"2023-03-10T10:58:46","slug":"aronia-prunifolia-brilliant","status":"publish","type":"product","link":"https:\/\/dev.garden.ee\/en\/product\/aronia-prunifolia-brilliant\/","title":{"rendered":"Aronia prunifolia &#8216;Brilliant&#8217;"},"content":{"rendered":"<input class=\"fooboxshare_post_id\" type=\"hidden\" value=\"10984\"\/>","protected":false},"excerpt":{"rendered":"<p>Antud h\u00fcbriidsort on suurep\u00e4rane dekoratiivp\u00f5\u00f5sas, mis lisaks ilule pakub ka imemaitsvad ning kasulikke marju. P\u00f5\u00f5sal on\u00a0mitmeid ladina keelseid nimetusi \u00a0<em>Aronia\u00a0melanocarpa<\/em>,\u00a0<em>Aronia arbutifolia\u00a0<\/em>ja\u00a0\u00a0<em>Aronia x prunifolia<\/em>. P\u00f5\u00f5sa s\u00fcgisene lehestik on t\u00e4nu aretusele eriti kaunis, tumerohelisest v\u00e4rvist saab \u00fcks hetk erkkarmiin ja burgundia punase segu. Kevadel \u00f5itsevad k\u00e4nnas\u00f5isikus valged \u00f5ied, mil tumepunased tolmukad. Matt, peenikese sakistatud \u00e4\u00e4ristusega ovaalsed lehed. Septembris, oktoobris valmivad marjad on peaaegu mustad, m\u00f5neti suuremad kui mustad s\u00f5strad, sisaldavad rohkel C-vitamiini ning teisi t\u00e4htsaid mikroelemente nagu raud ja jood. Marju v\u00f5ib s\u00fc\u00fca v\u00e4rskelt p\u00f5\u00f5sa pealt nopituna, puuvilja salatites v\u00f5i saab neist teha mahla, veini, kuivatatud sn\u00e4kke, variante on mitmeid.<\/p>\n<p>&nbsp;<\/p>","protected":false},"featured_media":10985,"template":"","meta":[],"product_brand":[],"product_cat":[4403,4395,4396,4408,4394,22],"product_tag":[],"class_list":{"0":"post-10984","1":"product","2":"type-product","3":"status-publish","4":"has-post-thumbnail","6":"product_cat-kodu","7":"product_cat-hekid","8":"product_cat-puud-ja-poosad","9":"product_cat-vaike-aed","10":"product_cat-viljad-ja-marjad","11":"product_cat-taimed","12":"pa_haiguskindlus-vaga-hea","13":"pa_moodud-k-150-180-cm-l-150-200-cm","14":"pa_oie-varv-valge","15":"pa_oitsemise-aeg-mai","16":"pa_talvekindlus-vaga-hea","17":"pa_tsoon-z-4-9","18":"pa_variatsioon-poosas-50-70-cm","19":"pa_variatsioon-poosas-h-120-150-cm","20":"pa_vili-c-vitamiinirikas","21":"pa_vili-mahlane","22":"pa_vili-morkjas","23":"pa_vili-tervislik","24":"pa_vili-antioksudantide-rikas","25":"pa_vilja-varvus-mustjas","27":"first","28":"instock","29":"purchasable","30":"product-type-variable"},"acf":[],"_links":{"self":[{"href":"https:\/\/dev.garden.ee\/en\/wp-json\/wp\/v2\/product\/10984","targetHints":{"allow":["GET"]}}],"collection":[{"href":"https:\/\/dev.garden.ee\/en\/wp-json\/wp\/v2\/product"}],"about":[{"href":"https:\/\/dev.garden.ee\/en\/wp-json\/wp\/v2\/types\/product"}],"wp:featuredmedia":[{"embeddable":true,"href":"https:\/\/dev.garden.ee\/en\/wp-json\/wp\/v2\/media\/10985"}],"wp:attachment":[{"href":"https:\/\/dev.garden.ee\/en\/wp-json\/wp\/v2\/media?parent=10984"}],"wp:term":[{"taxonomy":"product_brand","embeddable":true,"href":"https:\/\/dev.garden.ee\/en\/wp-json\/wp\/v2\/product_brand?post=10984"},{"taxonomy":"product_cat","embeddable":true,"href":"https:\/\/dev.garden.ee\/en\/wp-json\/wp\/v2\/product_cat?post=10984"},{"taxonomy":"product_tag","embeddable":true,"href":"https:\/\/dev.garden.ee\/en\/wp-json\/wp\/v2\/product_tag?post=10984"}],"curies":[{"name":"wp","href":"https:\/\/api.w.org\/{rel}","templated":true}]}}