{"id":10957,"date":"2023-01-18T18:34:37","date_gmt":"2023-01-18T16:34:37","guid":{"rendered":"https:\/\/dev.zezz.ee\/garden\/toode\/peach-drift\/"},"modified":"2026-02-08T16:44:26","modified_gmt":"2026-02-08T14:44:26","slug":"peach-drift","status":"publish","type":"product","link":"https:\/\/dev.garden.ee\/en\/product\/peach-drift\/","title":{"rendered":"Peach Drift\u00ae"},"content":{"rendered":"<input class=\"fooboxshare_post_id\" type=\"hidden\" value=\"10957\"\/>","protected":false},"excerpt":{"rendered":"<p>K\u00fclluslikult \u00f5itsev pinnakatteroos esitleb rikkalikult v\u00e4ikeseid, tassikujulisi \u00f5isi \u00f5rnas aprikoositoonis l\u00f5he ja vase nootidega. Umbes 8 cm l\u00e4bim\u00f5\u00f5duga \u00f5ied \u00f5itsevad 6\u201315 kaupa kobarates, varakult kuni esimese k\u00fclmani, kattes end v\u00e4simatult n\u00e4dalast n\u00e4dalasse uute roosilainetega. Kuigi l\u00f5hnatud, valgustavad selle \u00f5ied aeda oma sooja ja r\u00f5\u00f5msa kumaga, nagu aprikoosi p\u00e4ikesekiired.<\/p>\n<p>T\u00e4nu oma tervele ja tugevale lehestikule on see maastikuroos eriti haiguskindel, vastupidav ja v\u00e4hen\u00f5udlik. Omab ka erakordset k\u00fclmakindlust. Edeneb p\u00e4ikesepaistelises kuni osaliselt varjulises kohas.<\/p>\n<p>Oma tiheda ja kompaktse kasvuga moodustab see roosip\u00f5\u00f5sas v\u00e4ikese, laialivalguva p\u00f5\u00f5sa. Selle painduvad ja kaarjad oksad hargnevad rikkalikult, luues \u00fchtlase padja, mis sobib ideaalselt pinna katmiseks. Sobib kasutamiseks veel ka tihedate ja v\u00e4rviliste \u00e4\u00e4riste loomiseks radade \u00e4\u00e4rde, kombineerides p\u00fcsikute ja p\u00f5\u00f5sastega, kiviktaimlasse, konteineritesse ja pottidesse, terrassidele ja r\u00f5dudele.<\/p>\n<p>Eemaldage regulaarselt n\u00e4rtsinud \u00f5ied, et soodustada korduvat \u00f5itsemist. Kevade eel l\u00fchendage oksi umbes kolmandiku v\u00f5rra, et s\u00e4ilitada tihe ja harmooniline kuju. Selle loomulikult kompaktne kasv ei vaja ranget p\u00fcgamist.<\/p>","protected":false},"featured_media":10958,"template":"","meta":[],"product_brand":[],"product_cat":[9637,9503,4415,9702,9550,4416,4402,22],"product_tag":[],"class_list":{"0":"post-10957","1":"product","2":"type-product","3":"status-publish","4":"has-post-thumbnail","6":"product_cat-istutuskast","7":"product_cat-kiviktaimla","8":"product_cat-lilleaed","9":"product_cat-linnaaed","10":"product_cat-rodu-ja-terrass","11":"product_cat-roosiaed","12":"product_cat-roosid","13":"product_cat-taimed","14":"pa_aretus-meilland","15":"pa_avalikustamisaasta-299","16":"pa_haiguskindlus-vaga-hea","17":"pa_kasvukorgus-30-50-cm","18":"pa_laius-40-50-cm","19":"pa_lisainfo-hea-pinnakatja","20":"pa_lisainfo-ripptaim","21":"pa_lisainfo-sobilik-istutuskasti-jaoks","22":"pa_lisainfo-sobib-osalise-varjuga-kasvualale","23":"pa_lohn-orn","24":"pa_oie-suurus-keskmine","25":"pa_oie-varv-aprikoos","26":"pa_oie-varv-loheroosa","27":"pa_oietuup-taidisois","28":"pa_oitsemine-korduvalt-oitsev","29":"pa_sort-pinnakatteroos","30":"pa_taimede-arvestus-ruutmeetri-9218","31":"pa_talvekindlus-vaga-hea","32":"pa_variatsioon-potis-2l-kevadel","33":"pa_variatsioon-potis-4-6l","35":"first","36":"outofstock","37":"purchasable","38":"product-type-variable"},"acf":[],"_links":{"self":[{"href":"https:\/\/dev.garden.ee\/en\/wp-json\/wp\/v2\/product\/10957","targetHints":{"allow":["GET"]}}],"collection":[{"href":"https:\/\/dev.garden.ee\/en\/wp-json\/wp\/v2\/product"}],"about":[{"href":"https:\/\/dev.garden.ee\/en\/wp-json\/wp\/v2\/types\/product"}],"wp:featuredmedia":[{"embeddable":true,"href":"https:\/\/dev.garden.ee\/en\/wp-json\/wp\/v2\/media\/10958"}],"wp:attachment":[{"href":"https:\/\/dev.garden.ee\/en\/wp-json\/wp\/v2\/media?parent=10957"}],"wp:term":[{"taxonomy":"product_brand","embeddable":true,"href":"https:\/\/dev.garden.ee\/en\/wp-json\/wp\/v2\/product_brand?post=10957"},{"taxonomy":"product_cat","embeddable":true,"href":"https:\/\/dev.garden.ee\/en\/wp-json\/wp\/v2\/product_cat?post=10957"},{"taxonomy":"product_tag","embeddable":true,"href":"https:\/\/dev.garden.ee\/en\/wp-json\/wp\/v2\/product_tag?post=10957"}],"curies":[{"name":"wp","href":"https:\/\/api.w.org\/{rel}","templated":true}]}}