{"id":10936,"date":"2023-01-18T18:34:24","date_gmt":"2023-01-18T16:34:24","guid":{"rendered":"https:\/\/dev.zezz.ee\/garden\/toode\/orangerie\/"},"modified":"2026-02-08T13:37:27","modified_gmt":"2026-02-08T11:37:27","slug":"orangerie","status":"publish","type":"product","link":"https:\/\/dev.garden.ee\/en\/product\/orangerie\/","title":{"rendered":"Orangerie\u00ae \/ Friedrichstadt-Rose"},"content":{"rendered":"<input class=\"fooboxshare_post_id\" type=\"hidden\" value=\"10936\"\/>","protected":false},"excerpt":{"rendered":"<div class=\"QcsUad BDJ8fb BLojaf sMVRZe hCXDsb wneUed\">\n<div class=\"usGWQd\">\n<div class=\"KkbLmb\">\n<p class=\"lRu31\" dir=\"ltr\"><span class=\"HwtZe\" lang=\"et\"><span class=\"jCAhz ChMk0b\"><span class=\"ryNqvb\">V\u00e4ga kahekordsete, nostalgilise kujuga ja alati kobaratena paiknevate keskmise suurusega (7-8cm) \u00f5ite v\u00e4rvus on t\u00f5eliselt oran\u017e.<\/span><\/span> <span class=\"jCAhz\"><span class=\"ryNqvb\">V\u00e4rvus on stabiilne isegi pideva p\u00e4ikesevalguse k\u00e4es. Lehed tumerohelised, keskmised. <\/span><\/span><\/span>T\u00e4nu v\u00e4ga tervele lehestikule on hea ja kergesti hooldatav valik. <span class=\"HwtZe\" lang=\"et\"><span class=\"jCAhz ChMk0b\"><span class=\"ryNqvb\">Kasv on p\u00fcstine ja kompaktne.<\/span><\/span><\/span><\/p>\n<p class=\"lRu31\" dir=\"ltr\"><span class=\"HwtZe\" lang=\"et\"><span class=\"jCAhz ChMk0b\"><span class=\"ryNqvb\">Sobib kasvatamiseks klassikalistes roosipeenardes, segapeenardes v\u00f5i istutada pottidesse terrassidele v\u00f5i r\u00f5dudele.<\/span><\/span><\/span><\/p>\n<p class=\"lRu31\" dir=\"ltr\"><span class=\"HwtZe\" lang=\"et\"><span class=\"jCAhz ChMk0b\"><span class=\"ryNqvb\">Auhinnad rahvusvahelistel roosiv\u00f5istlustel, ADR.<\/span><\/span><\/span><\/p>\n<\/div>\n<\/div>\n<\/div>","protected":false},"featured_media":10937,"template":"","meta":[],"product_brand":[],"product_cat":[9637,9702,9550,4416,4402,22],"product_tag":[9418],"class_list":{"0":"post-10936","1":"product","2":"type-product","3":"status-publish","4":"has-post-thumbnail","6":"product_cat-istutuskast","7":"product_cat-linnaaed","8":"product_cat-rodu-ja-terrass","9":"product_cat-roosiaed","10":"product_cat-roosid","11":"product_cat-taimed","12":"product_tag-adr-roos","13":"pa_adr-9694","14":"pa_aretus-w-kordes-sohne","15":"pa_avalikustamisaasta-saksamaa-2016","16":"pa_haiguskindlus-vaga-hea","17":"pa_kasvukorgus-50-80-cm","18":"pa_kollektsioon-fairy-tale","19":"pa_laius-50-cm","20":"pa_lisainfo-sobilik-istutuskasti-jaoks","21":"pa_lohn-orn","22":"pa_oie-suurus-keskmine","23":"pa_oie-varv-oranz","24":"pa_oietuup-taidisois","25":"pa_oitsemine-korduvalt-oitsev","26":"pa_sort-floribund-ehk-paljuoieline-roos","27":"pa_taimede-arvestus-ruutmeetri-4-5","28":"pa_talvekindlus-hea","29":"pa_variatsioon-potis-2l-kevadel","30":"pa_variatsioon-potis-4-6l","32":"first","33":"outofstock","34":"purchasable","35":"product-type-variable"},"acf":[],"_links":{"self":[{"href":"https:\/\/dev.garden.ee\/en\/wp-json\/wp\/v2\/product\/10936","targetHints":{"allow":["GET"]}}],"collection":[{"href":"https:\/\/dev.garden.ee\/en\/wp-json\/wp\/v2\/product"}],"about":[{"href":"https:\/\/dev.garden.ee\/en\/wp-json\/wp\/v2\/types\/product"}],"wp:featuredmedia":[{"embeddable":true,"href":"https:\/\/dev.garden.ee\/en\/wp-json\/wp\/v2\/media\/10937"}],"wp:attachment":[{"href":"https:\/\/dev.garden.ee\/en\/wp-json\/wp\/v2\/media?parent=10936"}],"wp:term":[{"taxonomy":"product_brand","embeddable":true,"href":"https:\/\/dev.garden.ee\/en\/wp-json\/wp\/v2\/product_brand?post=10936"},{"taxonomy":"product_cat","embeddable":true,"href":"https:\/\/dev.garden.ee\/en\/wp-json\/wp\/v2\/product_cat?post=10936"},{"taxonomy":"product_tag","embeddable":true,"href":"https:\/\/dev.garden.ee\/en\/wp-json\/wp\/v2\/product_tag?post=10936"}],"curies":[{"name":"wp","href":"https:\/\/api.w.org\/{rel}","templated":true}]}}