{"id":10898,"date":"2023-01-18T18:34:05","date_gmt":"2023-01-18T16:34:05","guid":{"rendered":"https:\/\/dev.zezz.ee\/garden\/toode\/original-repete\/"},"modified":"2023-04-03T12:57:41","modified_gmt":"2023-04-03T09:57:41","slug":"original-repete","status":"publish","type":"product","link":"https:\/\/dev.garden.ee\/en\/product\/original-repete\/","title":{"rendered":"Original rePETe\u2122"},"content":{"rendered":"<input class=\"fooboxshare_post_id\" type=\"hidden\" value=\"10898\"\/>","protected":false},"excerpt":{"rendered":"<p>Original rePETe\u2122 kott on 99% taaskasutatud materjalist, sellest 73% moodustab taaskasutatud olmepr\u00fcgi. See kott on Original koti samm edasi veel looduss\u00f5bralikuma \u00fchiskonna poole.<\/p>\n<p>Masinas pestav, k\u00f5igest 43 grammi kaaluv, 5 erinevas, loodusest inspireeritud v\u00e4rvitoonis, 11,3 kg kandej\u00f5uga suurep\u00e4rane taaskasutatav kott igale keskkonnateadlikule tarbijale.<\/p>\n<p>Kangas, n\u00f6\u00f6r ja nupp 100% taaskasutatud materjalist, lukustusvedru 97% taaskasutatud alumiiniumist<\/p>","protected":false},"featured_media":10899,"template":"","meta":[],"product_brand":[],"product_cat":[4403,4422,4417],"product_tag":[],"class_list":{"0":"post-10898","1":"product","2":"type-product","3":"status-publish","4":"has-post-thumbnail","6":"product_cat-kodu","7":"product_cat-chico-kotid","8":"product_cat-tarvikud","9":"pa_mahutavus-113-kg","10":"pa_materjal-taaskasutatud-materjalid","11":"pa_moodud-46-x-37-cm-kotis-u-7x10-cm","12":"pa_pestavus-kulm-masinapesu-riputa-kuivama","13":"pa_variatsioon-oranz","14":"pa_variatsioon-pruun","15":"pa_variatsioon-sinine","16":"pa_variatsioon-tumeroheline","18":"first","19":"outofstock","20":"purchasable","21":"product-type-variable"},"acf":[],"_links":{"self":[{"href":"https:\/\/dev.garden.ee\/en\/wp-json\/wp\/v2\/product\/10898","targetHints":{"allow":["GET"]}}],"collection":[{"href":"https:\/\/dev.garden.ee\/en\/wp-json\/wp\/v2\/product"}],"about":[{"href":"https:\/\/dev.garden.ee\/en\/wp-json\/wp\/v2\/types\/product"}],"wp:featuredmedia":[{"embeddable":true,"href":"https:\/\/dev.garden.ee\/en\/wp-json\/wp\/v2\/media\/10899"}],"wp:attachment":[{"href":"https:\/\/dev.garden.ee\/en\/wp-json\/wp\/v2\/media?parent=10898"}],"wp:term":[{"taxonomy":"product_brand","embeddable":true,"href":"https:\/\/dev.garden.ee\/en\/wp-json\/wp\/v2\/product_brand?post=10898"},{"taxonomy":"product_cat","embeddable":true,"href":"https:\/\/dev.garden.ee\/en\/wp-json\/wp\/v2\/product_cat?post=10898"},{"taxonomy":"product_tag","embeddable":true,"href":"https:\/\/dev.garden.ee\/en\/wp-json\/wp\/v2\/product_tag?post=10898"}],"curies":[{"name":"wp","href":"https:\/\/api.w.org\/{rel}","templated":true}]}}