{"id":1086,"date":"2023-01-18T17:00:40","date_gmt":"2023-01-18T15:00:40","guid":{"rendered":"https:\/\/dev.zezz.ee\/garden\/toode\/pierre-arditi-roger-whittaker\/"},"modified":"2026-02-09T10:54:14","modified_gmt":"2026-02-09T08:54:14","slug":"pierre-arditi-roger-whittaker","status":"publish","type":"product","link":"https:\/\/dev.garden.ee\/en\/product\/pierre-arditi-roger-whittaker\/","title":{"rendered":"Pierre Arditi\u00ae \/ Roger Whittaker\u00ae"},"content":{"rendered":"<input class=\"fooboxshare_post_id\" type=\"hidden\" value=\"1086\"\/>","protected":false},"excerpt":{"rendered":"<p>Eristub puhaste, s\u00e4ravate valgete \u00f5ite poolest, mis v\u00f5ivad jaheda ja niiske ilmaga omandada \u00f5rna roosaka tooni. Need rikkalikud 14 cm l\u00e4bim\u00f5\u00f5duga ja 95 peenelt asetatud kroonlehest koosnevad \u00f5ied meenutavad vanade rooside elegantsi. Kaunilt t\u00e4idetud kausjad \u00f5ied paiknevad p\u00f5\u00f5sal \u00fcksikult. J\u00f5uline ja v\u00e4simatu roos \u00f5itseb rikkalikult ja pidevalt kuni esimeste k\u00fclmadeni. Nende aroom \u00fchendab lillelised noodid puuviljaste aktsentidega (valge virsikukoor ja Williamsi pirn), luues rafineeritud ja k\u00fctkestava l\u00f5hna. V\u00e4ga terve, dekoratiivne &#8211; l\u00e4ikiv, tumeroheline lehestik.<\/p>\n<p>Sobib\u00a0ideaalselt lillepeenardesse, madalatesse hekkidesse v\u00f5i l\u00f5ikelilleaeda.<\/p>\n<p>Sort loodi austusavaldusena ikoonilisele filmi- ja teatrin\u00e4itlejale Pierre Arditile, kehastades elegantsi ja karismat. See sort, mis on suurte valgete \u00f5ite seas \u00fcks ilusamaid, v\u00f5lub oma peenuse ja v\u00f5imsa aroomiga, lisades aeda glamuuri ja dramaatilisust.<\/p>\n<p>Auhinnad: Gold Medal Buenos Aires; Fragrance Prize in Rome and Le Roeulx, Mention of the Arts in Buenos Aires; The prestigious Label Rouge.<\/p>\n<p><span style=\"color: #ff0000;\">ETTETELLIMINE, V\u00c4LJASTAMINE APRILLI KESKPAIGAST<\/span><\/p>","protected":false},"featured_media":1087,"template":"","meta":[],"product_brand":[],"product_cat":[4395,4415,4414,4413,4416,4402,22],"product_tag":[],"class_list":{"0":"post-1086","1":"product","2":"type-product","3":"status-publish","4":"has-post-thumbnail","6":"product_cat-hekid","7":"product_cat-lilleaed","8":"product_cat-lohnaaed","9":"product_cat-loikelilleaed","10":"product_cat-roosiaed","11":"product_cat-roosid","12":"product_cat-taimed","13":"pa_aretus-meilland","14":"pa_avalikustamisaasta-enne-2009","15":"pa_haiguskindlus-vaga-hea","16":"pa_kasvukorgus-120-cm","17":"pa_laius-50-cm","18":"pa_lisainfo-dekoratiivsed-viljad","19":"pa_lisainfo-ideaalne-heki-loomiseks","20":"pa_lisainfo-sobib-lohnaaeda","21":"pa_lisainfo-sobib-loikelilleks","22":"pa_lisainfo-talvine-ponevus","23":"pa_lohn-tugev","24":"pa_lohn-intensiivne","25":"pa_lohn-puuviljane","26":"pa_oie-suurus-ulisuur","27":"pa_oie-varv-valge","28":"pa_oietuup-taidisois","29":"pa_oitsemine-korduvalt-oitsev","30":"pa_sort-teehubriidroos","31":"pa_taimede-arvestus-ruutmeetri-5-6","32":"pa_talvekindlus-hea","33":"pa_variatsioon-paljasjuurne-ainult-kevadel","34":"pa_variatsioon-potis-4-6l-suvel-ja-sugisel","36":"first","37":"outofstock","38":"purchasable","39":"product-type-variable"},"acf":[],"_links":{"self":[{"href":"https:\/\/dev.garden.ee\/en\/wp-json\/wp\/v2\/product\/1086","targetHints":{"allow":["GET"]}}],"collection":[{"href":"https:\/\/dev.garden.ee\/en\/wp-json\/wp\/v2\/product"}],"about":[{"href":"https:\/\/dev.garden.ee\/en\/wp-json\/wp\/v2\/types\/product"}],"wp:featuredmedia":[{"embeddable":true,"href":"https:\/\/dev.garden.ee\/en\/wp-json\/wp\/v2\/media\/1087"}],"wp:attachment":[{"href":"https:\/\/dev.garden.ee\/en\/wp-json\/wp\/v2\/media?parent=1086"}],"wp:term":[{"taxonomy":"product_brand","embeddable":true,"href":"https:\/\/dev.garden.ee\/en\/wp-json\/wp\/v2\/product_brand?post=1086"},{"taxonomy":"product_cat","embeddable":true,"href":"https:\/\/dev.garden.ee\/en\/wp-json\/wp\/v2\/product_cat?post=1086"},{"taxonomy":"product_tag","embeddable":true,"href":"https:\/\/dev.garden.ee\/en\/wp-json\/wp\/v2\/product_tag?post=1086"}],"curies":[{"name":"wp","href":"https:\/\/api.w.org\/{rel}","templated":true}]}}