{"id":10853,"date":"2023-01-18T18:33:43","date_gmt":"2023-01-18T16:33:43","guid":{"rendered":"https:\/\/dev.zezz.ee\/garden\/toode\/vaike-kaaride-teritaja\/"},"modified":"2023-03-10T15:47:45","modified_gmt":"2023-03-10T13:47:45","slug":"vaike-kaaride-teritaja","status":"publish","type":"product","link":"https:\/\/dev.garden.ee\/en\/product\/vaike-kaaride-teritaja\/","title":{"rendered":"V\u00e4ike k\u00e4\u00e4ride teritaja"},"content":{"rendered":"<input class=\"fooboxshare_post_id\" type=\"hidden\" value=\"10853\"\/>","protected":false},"excerpt":{"rendered":"<p>Terasest v&auml;ike ja mugav, 7 cm pikkune k&auml;&auml;ride teritaja. Messingist peaga.<\/p>\n<p>K&auml;&auml;re teritatakse seest v&auml;ljapoole, piki tera, tera pealispinna poolelt, &uuml;hes suunas. Kiire ja lihtne kasutada.<\/p>","protected":false},"featured_media":10854,"template":"","meta":[],"product_brand":[],"product_cat":[4403,4417,4418],"product_tag":[],"class_list":{"0":"post-10853","1":"product","2":"type-product","3":"status-publish","4":"has-post-thumbnail","6":"product_cat-kodu","7":"product_cat-tarvikud","8":"product_cat-tooriistad-ja-abivahendid","9":"pa_variatsioon-vaike-kaaride-teritaja","11":"first","12":"outofstock","13":"product-type-variable"},"acf":[],"_links":{"self":[{"href":"https:\/\/dev.garden.ee\/en\/wp-json\/wp\/v2\/product\/10853","targetHints":{"allow":["GET"]}}],"collection":[{"href":"https:\/\/dev.garden.ee\/en\/wp-json\/wp\/v2\/product"}],"about":[{"href":"https:\/\/dev.garden.ee\/en\/wp-json\/wp\/v2\/types\/product"}],"wp:featuredmedia":[{"embeddable":true,"href":"https:\/\/dev.garden.ee\/en\/wp-json\/wp\/v2\/media\/10854"}],"wp:attachment":[{"href":"https:\/\/dev.garden.ee\/en\/wp-json\/wp\/v2\/media?parent=10853"}],"wp:term":[{"taxonomy":"product_brand","embeddable":true,"href":"https:\/\/dev.garden.ee\/en\/wp-json\/wp\/v2\/product_brand?post=10853"},{"taxonomy":"product_cat","embeddable":true,"href":"https:\/\/dev.garden.ee\/en\/wp-json\/wp\/v2\/product_cat?post=10853"},{"taxonomy":"product_tag","embeddable":true,"href":"https:\/\/dev.garden.ee\/en\/wp-json\/wp\/v2\/product_tag?post=10853"}],"curies":[{"name":"wp","href":"https:\/\/api.w.org\/{rel}","templated":true}]}}