{"id":10841,"date":"2023-01-18T18:33:36","date_gmt":"2023-01-18T16:33:36","guid":{"rendered":"https:\/\/dev.zezz.ee\/garden\/toode\/hosta-sieboldiana-blue-angel\/"},"modified":"2026-02-27T16:29:34","modified_gmt":"2026-02-27T14:29:34","slug":"hosta-sieboldiana-blue-angel","status":"publish","type":"product","link":"https:\/\/dev.garden.ee\/en\/product\/hosta-sieboldiana-blue-angel\/","title":{"rendered":"Hosta sieboldiana &#8216;Blue Angel&#8217;"},"content":{"rendered":"<input class=\"fooboxshare_post_id\" type=\"hidden\" value=\"10841\"\/>","protected":false},"excerpt":{"rendered":"<p>See hosta on k\u00f5rge, hiigelsuurte dekoratiivsete, triibuliste lehtedega. Lehed hallikassinised, s\u00fcdamekujulised. \u00a0Pilkup\u00fc\u00fcdev lehestik sobib suurep\u00e4raselt nii metsaaeda \u00e4\u00e4ristama kui ka veidi varjulisemasse p\u00fcsikupeenrasse.\u00a0Pika, tugeva varre otsa ilmuvad kesksuvel valged, suured trompetikujulised \u00f5ied. Heades tingimustes v\u00f5ib taim ulatuda 80 cm-ni ja selle laius kuni 120 cm-ni. Kasvab h\u00e4sti varjus ja poolvarjus. Saad rikkaliku lehestikuga hosta, kui toidad teda piisavalt &#8211; mult\u0161id ta \u00fcmbruse, annad kasvuperioodi jooksul komposti v\u00f5i v\u00e4etad lehti vedelv\u00e4etisega. Hostad on tegelikult liilialiste sugukonda kuuluvad lehtdekoratiivsed, hea kohanemisv\u00f5imega taimed. Taluvad \u00a0jahedamat kliimat sama h\u00e4sti kui n\u00e4iteks subtroopilist.<\/p>\n<p>Hooldus: Hostataim istutada rammusasse mulda, kindlasti peale istutamist aeg-ajalt kasta, kuni juurdunud. Kasta tuleks juurte \u00fcmbert, mitte lehtede pealt. Taime saab paljundada jagamise teel. Laiuvat laadi hostasortidele meeldib laiutada, niisiis on soovitav j\u00e4tta talle piisavalt kasvuruumi.<\/p>","protected":false},"featured_media":25588,"template":"","meta":[],"product_brand":[],"product_cat":[4406,4401,4412,22],"product_tag":[],"class_list":{"0":"post-10841","1":"product","2":"type-product","3":"status-publish","4":"has-post-thumbnail","6":"product_cat-park","7":"product_cat-pusikud","8":"product_cat-varjuaed","9":"product_cat-taimed","10":"pa_moodud-k-75-80-cm-l-90-cm","11":"pa_oie-varv-valge","12":"pa_oitsemise-aeg-juuni-juuli","13":"pa_talvekindlus-vaga-hea","14":"pa_tsoon-2-9","15":"pa_variatsioon-suurem-pott","16":"pa_variatsioon-vaiksem-pott","18":"first","19":"instock","20":"purchasable","21":"product-type-variable"},"acf":[],"_links":{"self":[{"href":"https:\/\/dev.garden.ee\/en\/wp-json\/wp\/v2\/product\/10841","targetHints":{"allow":["GET"]}}],"collection":[{"href":"https:\/\/dev.garden.ee\/en\/wp-json\/wp\/v2\/product"}],"about":[{"href":"https:\/\/dev.garden.ee\/en\/wp-json\/wp\/v2\/types\/product"}],"wp:featuredmedia":[{"embeddable":true,"href":"https:\/\/dev.garden.ee\/en\/wp-json\/wp\/v2\/media\/25588"}],"wp:attachment":[{"href":"https:\/\/dev.garden.ee\/en\/wp-json\/wp\/v2\/media?parent=10841"}],"wp:term":[{"taxonomy":"product_brand","embeddable":true,"href":"https:\/\/dev.garden.ee\/en\/wp-json\/wp\/v2\/product_brand?post=10841"},{"taxonomy":"product_cat","embeddable":true,"href":"https:\/\/dev.garden.ee\/en\/wp-json\/wp\/v2\/product_cat?post=10841"},{"taxonomy":"product_tag","embeddable":true,"href":"https:\/\/dev.garden.ee\/en\/wp-json\/wp\/v2\/product_tag?post=10841"}],"curies":[{"name":"wp","href":"https:\/\/api.w.org\/{rel}","templated":true}]}}