{"id":10795,"date":"2023-01-18T18:33:10","date_gmt":"2023-01-18T16:33:10","guid":{"rendered":"https:\/\/dev.zezz.ee\/garden\/toode\/sling-repete\/"},"modified":"2023-04-03T12:58:42","modified_gmt":"2023-04-03T09:58:42","slug":"sling-repete","status":"publish","type":"product","link":"https:\/\/dev.garden.ee\/en\/product\/sling-repete\/","title":{"rendered":"Sling rePETe"},"content":{"rendered":"<input class=\"fooboxshare_post_id\" type=\"hidden\" value=\"10795\"\/>","protected":false},"excerpt":{"rendered":"<p>Sling rePETe<span lang=\"ET\">\u2122<\/span>\u00a0on loodud neile, kellele meeldib \u00fcle\u00f5la ja -keha kuller-t\u00fc\u00fcpi kott. K\u00f5ikide Chico kottide heade omadustega, m\u00f5nus kott nii rattaga s\u00f5iduks kui ka loengutele minekuks. Nagu ka teised rePETe<span lang=\"ET\">\u2122<\/span>\u00a0tooted, on Sling rePETe<span lang=\"ET\">\u2122<\/span>\u00a0toodetud 99% taaskasutatud materjalidest.\u00a0Loetelu kasutatud materjalidest leiab\u00a0suure koti seest ja v\u00e4ikese tagak\u00fcljelt.<\/p>\n<p>Kangas, plastikosad ja n\u00f6\u00f6r &#8211; 100% taaskasutatud materjalid; lukustusvedruga haak &#8211; 97% taaskasutatud alumiinium<\/p>","protected":false},"featured_media":10796,"template":"","meta":[],"product_brand":[],"product_cat":[4403,4422,4417],"product_tag":[],"class_list":{"0":"post-10795","1":"product","2":"type-product","3":"status-publish","4":"has-post-thumbnail","6":"product_cat-kodu","7":"product_cat-chico-kotid","8":"product_cat-tarvikud","9":"pa_materjal-taaskasutatud-materjalid","10":"pa_moodud-34-x-37-cm-kotis-u-10-x-14-cm","11":"pa_pestavus-kulm-masinapesu-riputa-kuivama","12":"pa_variatsioon-graniithall","13":"pa_variatsioon-lubjakivihall","14":"pa_variatsioon-oranz","15":"pa_variatsioon-pruun","16":"pa_variatsioon-roheline","17":"pa_variatsioon-turmaliinlilla","19":"first","20":"outofstock","21":"purchasable","22":"product-type-variable"},"acf":[],"_links":{"self":[{"href":"https:\/\/dev.garden.ee\/en\/wp-json\/wp\/v2\/product\/10795","targetHints":{"allow":["GET"]}}],"collection":[{"href":"https:\/\/dev.garden.ee\/en\/wp-json\/wp\/v2\/product"}],"about":[{"href":"https:\/\/dev.garden.ee\/en\/wp-json\/wp\/v2\/types\/product"}],"wp:featuredmedia":[{"embeddable":true,"href":"https:\/\/dev.garden.ee\/en\/wp-json\/wp\/v2\/media\/10796"}],"wp:attachment":[{"href":"https:\/\/dev.garden.ee\/en\/wp-json\/wp\/v2\/media?parent=10795"}],"wp:term":[{"taxonomy":"product_brand","embeddable":true,"href":"https:\/\/dev.garden.ee\/en\/wp-json\/wp\/v2\/product_brand?post=10795"},{"taxonomy":"product_cat","embeddable":true,"href":"https:\/\/dev.garden.ee\/en\/wp-json\/wp\/v2\/product_cat?post=10795"},{"taxonomy":"product_tag","embeddable":true,"href":"https:\/\/dev.garden.ee\/en\/wp-json\/wp\/v2\/product_tag?post=10795"}],"curies":[{"name":"wp","href":"https:\/\/api.w.org\/{rel}","templated":true}]}}