{"id":10787,"date":"2023-01-18T18:33:05","date_gmt":"2023-01-18T16:33:05","guid":{"rendered":"https:\/\/dev.zezz.ee\/garden\/toode\/daypack-15-repete\/"},"modified":"2023-04-03T12:55:35","modified_gmt":"2023-04-03T09:55:35","slug":"daypack-15-repete","status":"publish","type":"product","link":"https:\/\/dev.garden.ee\/en\/product\/daypack-15-repete\/","title":{"rendered":"Daypack 15 rePETe"},"content":{"rendered":"<input class=\"fooboxshare_post_id\" type=\"hidden\" value=\"10787\"\/>","protected":false},"excerpt":{"rendered":"<p>DayPack15 rePETe on DayPack20 v\u00e4ike \u00f5de, m\u00f5eldud just naistele. Sama disainifilosoofiaga, kuid naiselikuma joonega ja veidi v\u00e4iksem kott. Toodetud 95% taaskasutatud materjalidest kott on m\u00f5eldud moe- ja keskkonnateadlikule tarbijale, kes liigub palju.<\/p>\n<p>J\u00e4rgides ChicoBagi filosoofiat, et \u00fcks taaskasutatav kott peab olema meeldej\u00e4\u00e4v,\u00a0saab DayPack15 v\u00e4ikeseks kotiks kokku pakkida, mis j\u00e4\u00e4b taskuks\u00a0koti sisemusse kui kott lahti v\u00f5tta. Komapktne suurus teeb temast ideaalse koti, mis pista kas kohvrisse, matkavarustuse hulka v\u00f5i miks mitte ka poodi kaasa v\u00f5tta.<\/p>\n<p>Kangas, metallosad ja v\u00f5rk &#8211; 100% taaskasutatud materjal; Lukustusvedruga haak &#8211; 97% taaskasutatud alumiinium; pudelitasku &#8211; 95% taaskasutatud materjal<\/p>","protected":false},"featured_media":10788,"template":"","meta":[],"product_brand":[],"product_cat":[4403,4422,4417],"product_tag":[],"class_list":{"0":"post-10787","1":"product","2":"type-product","3":"status-publish","4":"has-post-thumbnail","6":"product_cat-kodu","7":"product_cat-chico-kotid","8":"product_cat-tarvikud","9":"pa_materjal-taaskasutatud-materjalid","10":"pa_moodud-41-x-46-cm-kotis-u-15x19-cm","11":"pa_pestavus-kulm-masinapesu-riputa-kuivama","12":"pa_variatsioon-roheline","13":"pa_variatsioon-sinine","15":"first","16":"outofstock","17":"taxable","18":"shipping-taxable","19":"product-type-variable"},"acf":[],"_links":{"self":[{"href":"https:\/\/dev.garden.ee\/en\/wp-json\/wp\/v2\/product\/10787","targetHints":{"allow":["GET"]}}],"collection":[{"href":"https:\/\/dev.garden.ee\/en\/wp-json\/wp\/v2\/product"}],"about":[{"href":"https:\/\/dev.garden.ee\/en\/wp-json\/wp\/v2\/types\/product"}],"wp:featuredmedia":[{"embeddable":true,"href":"https:\/\/dev.garden.ee\/en\/wp-json\/wp\/v2\/media\/10788"}],"wp:attachment":[{"href":"https:\/\/dev.garden.ee\/en\/wp-json\/wp\/v2\/media?parent=10787"}],"wp:term":[{"taxonomy":"product_brand","embeddable":true,"href":"https:\/\/dev.garden.ee\/en\/wp-json\/wp\/v2\/product_brand?post=10787"},{"taxonomy":"product_cat","embeddable":true,"href":"https:\/\/dev.garden.ee\/en\/wp-json\/wp\/v2\/product_cat?post=10787"},{"taxonomy":"product_tag","embeddable":true,"href":"https:\/\/dev.garden.ee\/en\/wp-json\/wp\/v2\/product_tag?post=10787"}],"curies":[{"name":"wp","href":"https:\/\/api.w.org\/{rel}","templated":true}]}}