{"id":10782,"date":"2023-01-18T18:33:03","date_gmt":"2023-01-18T16:33:03","guid":{"rendered":"https:\/\/dev.zezz.ee\/garden\/toode\/lobelia-x-gerardii-vedrariensis\/"},"modified":"2026-03-02T11:43:52","modified_gmt":"2026-03-02T09:43:52","slug":"lobelia-x-gerardii-vedrariensis","status":"publish","type":"product","link":"https:\/\/dev.garden.ee\/en\/product\/lobelia-x-gerardii-vedrariensis\/","title":{"rendered":"Lobelia x gerardii &#8216;Vedrariensis&#8217;"},"content":{"rendered":"<input class=\"fooboxshare_post_id\" type=\"hidden\" value=\"10782\"\/>","protected":false},"excerpt":{"rendered":"<p>Dramaatilised erelillad piklikud v\u00e4ikesed \u00f5ied elegantsetel \u00f5ievartel\u00a0ilmestavad aeda suve teisel poolel. \u00d5ied alustavad \u00f5itsemist alt \u00fcles. Lobeeliad armastavad niisket pinnast ja sobivad nii p\u00e4ikesesse kui varjulisemasse kohta. Kergelt punaka lisandiga rohelised lehed annavad v\u00e4ljapaistvatele \u00f5itele m\u00f5nusa tausta. Headeks kaaslasteks on nii helmikp\u00f6\u00f6rised kui ka s\u00f5najalad. Ta on hea l\u00f5ikelill, meelitab aeda nii linde kui ka liblikaid, kuid kitsedele ja j\u00e4nestele ei meeldi. Talveks\u00a0v\u00f5iks ta meie kliimas veidi \u00fcles mult\u0161ida.<\/p>","protected":false},"featured_media":10783,"template":"","meta":[],"product_brand":[],"product_cat":[6934,4406,4401,4409,22],"product_tag":[],"class_list":{"0":"post-10782","1":"product","2":"type-product","3":"status-publish","4":"has-post-thumbnail","6":"product_cat-mesilassobralik-aed","7":"product_cat-park","8":"product_cat-pusikud","9":"product_cat-tiigiaed","10":"product_cat-taimed","11":"pa_moodud-k-60-100-cm-l-40-cm","12":"pa_oie-varv-lilla","13":"pa_oitsemise-aeg-juuli-september","14":"pa_talvekindlus-vaga-hea","15":"pa_tsoon-z-3-8","16":"pa_variatsioon-suurem-pott","17":"pa_variatsioon-vaiksem-pott","19":"first","20":"outofstock","21":"purchasable","22":"product-type-variable"},"acf":[],"_links":{"self":[{"href":"https:\/\/dev.garden.ee\/en\/wp-json\/wp\/v2\/product\/10782","targetHints":{"allow":["GET"]}}],"collection":[{"href":"https:\/\/dev.garden.ee\/en\/wp-json\/wp\/v2\/product"}],"about":[{"href":"https:\/\/dev.garden.ee\/en\/wp-json\/wp\/v2\/types\/product"}],"wp:featuredmedia":[{"embeddable":true,"href":"https:\/\/dev.garden.ee\/en\/wp-json\/wp\/v2\/media\/10783"}],"wp:attachment":[{"href":"https:\/\/dev.garden.ee\/en\/wp-json\/wp\/v2\/media?parent=10782"}],"wp:term":[{"taxonomy":"product_brand","embeddable":true,"href":"https:\/\/dev.garden.ee\/en\/wp-json\/wp\/v2\/product_brand?post=10782"},{"taxonomy":"product_cat","embeddable":true,"href":"https:\/\/dev.garden.ee\/en\/wp-json\/wp\/v2\/product_cat?post=10782"},{"taxonomy":"product_tag","embeddable":true,"href":"https:\/\/dev.garden.ee\/en\/wp-json\/wp\/v2\/product_tag?post=10782"}],"curies":[{"name":"wp","href":"https:\/\/api.w.org\/{rel}","templated":true}]}}