{"id":10778,"date":"2023-01-18T18:33:00","date_gmt":"2023-01-18T16:33:00","guid":{"rendered":"https:\/\/dev.zezz.ee\/garden\/toode\/linum-perenne-saphir\/"},"modified":"2026-03-02T11:08:03","modified_gmt":"2026-03-02T09:08:03","slug":"linum-perenne-saphir","status":"publish","type":"product","link":"https:\/\/dev.garden.ee\/en\/product\/linum-perenne-saphir\/","title":{"rendered":"Linum perenne &#8216;Saphir&#8217;"},"content":{"rendered":"<input class=\"fooboxshare_post_id\" type=\"hidden\" value=\"10778\"\/>","protected":false},"excerpt":{"rendered":"<p>Kompaktne ja hea kasvuga, kaua\u00f5itsev p\u00fcsik. Kaunid taevasinised, \u00f5rnad \u00f5ied ilmestavad erinevaid kooslusi. V\u00e4ga hea k\u00fclmakindlusega taim, suurep\u00e4rane valik kuivemasse mulda nii lilleaasale kui ka looduslikku aeda. Annab seemnetest isek\u00fclvi.\u00a0Ei armasta \u00fcmberistustamist.<\/p>\n<p>Hooldus: Kesksuvel l\u00f5ika taim\u00a01\/3 kuni poole peale maha, ergutad uut v\u00e4rsket kasvu ja taas\u00f5itsemist. L\u00f5ika hiliss\u00fcgisel maani maha.<\/p>","protected":false},"featured_media":25716,"template":"","meta":[],"product_brand":[],"product_cat":[4407,9503,4415,4401,22],"product_tag":[],"class_list":{"0":"post-10778","1":"product","2":"type-product","3":"status-publish","4":"has-post-thumbnail","6":"product_cat-aasad","7":"product_cat-kiviktaimla","8":"product_cat-lilleaed","9":"product_cat-pusikud","10":"product_cat-taimed","11":"pa_haiguskindlus-hea","12":"pa_kasvukorgus-25-cm","13":"pa_laius-15-cm","14":"pa_oie-varv-sinine","15":"pa_oitsemise-aeg-juuni-august","16":"pa_talvekindlus-vaga-hea","17":"pa_tsoon-z-3-9","18":"pa_variatsioon-suurem-pott","19":"pa_variatsioon-vaiksem-pott","21":"first","22":"outofstock","23":"purchasable","24":"product-type-variable"},"acf":[],"_links":{"self":[{"href":"https:\/\/dev.garden.ee\/en\/wp-json\/wp\/v2\/product\/10778","targetHints":{"allow":["GET"]}}],"collection":[{"href":"https:\/\/dev.garden.ee\/en\/wp-json\/wp\/v2\/product"}],"about":[{"href":"https:\/\/dev.garden.ee\/en\/wp-json\/wp\/v2\/types\/product"}],"wp:featuredmedia":[{"embeddable":true,"href":"https:\/\/dev.garden.ee\/en\/wp-json\/wp\/v2\/media\/25716"}],"wp:attachment":[{"href":"https:\/\/dev.garden.ee\/en\/wp-json\/wp\/v2\/media?parent=10778"}],"wp:term":[{"taxonomy":"product_brand","embeddable":true,"href":"https:\/\/dev.garden.ee\/en\/wp-json\/wp\/v2\/product_brand?post=10778"},{"taxonomy":"product_cat","embeddable":true,"href":"https:\/\/dev.garden.ee\/en\/wp-json\/wp\/v2\/product_cat?post=10778"},{"taxonomy":"product_tag","embeddable":true,"href":"https:\/\/dev.garden.ee\/en\/wp-json\/wp\/v2\/product_tag?post=10778"}],"curies":[{"name":"wp","href":"https:\/\/api.w.org\/{rel}","templated":true}]}}