{"id":10774,"date":"2023-01-18T18:32:57","date_gmt":"2023-01-18T16:32:57","guid":{"rendered":"https:\/\/dev.zezz.ee\/garden\/toode\/ligularia-x-palmatiloba\/"},"modified":"2026-03-01T20:59:15","modified_gmt":"2026-03-01T18:59:15","slug":"ligularia-x-palmatiloba","status":"publish","type":"product","link":"https:\/\/dev.garden.ee\/en\/product\/ligularia-x-palmatiloba\/","title":{"rendered":"Ligularia x palmatiloba"},"content":{"rendered":"<input class=\"fooboxshare_post_id\" type=\"hidden\" value=\"10774\"\/>","protected":false},"excerpt":{"rendered":"<p>H\u00f5lmine kobarpea on t\u00e4nuv\u00e4\u00e4rne k\u00fclmakindel p\u00fcsik, suurte tumeroheliste lehtedega ja kollakasoran\u017eide karikakra-taoliste \u00f5itega, pikkadel tugevatel vartel. M\u00f5jub eksootiliselt ja suursuguselt. \u00d5itseb kobarpea ohtralt, suve teises pooles. Suured lehed on \u00fcmara kujuga, l\u00f5histunud ja v\u00f5ivad kasvada k\u00e4elabasuuruseks, mis tekitab troopilise, d\u017eunglimeeleolu teie aeda. Soodsates tingimustes kasvab kuni 2-meetri k\u00f5rguseks. Soovib niiskemat mulda ja varjulisemat kasvukohta.<\/p>","protected":false},"featured_media":10775,"template":"","meta":[],"product_brand":[],"product_cat":[4415,4401,4409,4392,22],"product_tag":[],"class_list":{"0":"post-10774","1":"product","2":"type-product","3":"status-publish","4":"has-post-thumbnail","6":"product_cat-lilleaed","7":"product_cat-pusikud","8":"product_cat-tiigiaed","9":"product_cat-tiigitaimed","10":"product_cat-taimed","11":"pa_haiguskindlus-hea","12":"pa_moodud-k-1-15-m-l-12-15-m","13":"pa_oie-varv-kollane","14":"pa_oitsemise-aeg-juuli-august","15":"pa_talvekindlus-vaga-hea","16":"pa_tsoon-z-4-9","17":"pa_variatsioon-suurem-pott","18":"pa_variatsioon-vaiksem-pott","20":"first","21":"outofstock","22":"purchasable","23":"product-type-variable"},"acf":[],"_links":{"self":[{"href":"https:\/\/dev.garden.ee\/en\/wp-json\/wp\/v2\/product\/10774","targetHints":{"allow":["GET"]}}],"collection":[{"href":"https:\/\/dev.garden.ee\/en\/wp-json\/wp\/v2\/product"}],"about":[{"href":"https:\/\/dev.garden.ee\/en\/wp-json\/wp\/v2\/types\/product"}],"wp:featuredmedia":[{"embeddable":true,"href":"https:\/\/dev.garden.ee\/en\/wp-json\/wp\/v2\/media\/10775"}],"wp:attachment":[{"href":"https:\/\/dev.garden.ee\/en\/wp-json\/wp\/v2\/media?parent=10774"}],"wp:term":[{"taxonomy":"product_brand","embeddable":true,"href":"https:\/\/dev.garden.ee\/en\/wp-json\/wp\/v2\/product_brand?post=10774"},{"taxonomy":"product_cat","embeddable":true,"href":"https:\/\/dev.garden.ee\/en\/wp-json\/wp\/v2\/product_cat?post=10774"},{"taxonomy":"product_tag","embeddable":true,"href":"https:\/\/dev.garden.ee\/en\/wp-json\/wp\/v2\/product_tag?post=10774"}],"curies":[{"name":"wp","href":"https:\/\/api.w.org\/{rel}","templated":true}]}}