{"id":10745,"date":"2023-01-18T18:32:44","date_gmt":"2023-01-18T16:32:44","guid":{"rendered":"https:\/\/dev.zezz.ee\/garden\/toode\/vita-repete\/"},"modified":"2023-04-03T12:59:15","modified_gmt":"2023-04-03T09:59:15","slug":"vita-repete","status":"publish","type":"product","link":"https:\/\/dev.garden.ee\/en\/product\/vita-repete\/","title":{"rendered":"Vita RePETe"},"content":{"rendered":"<input class=\"fooboxshare_post_id\" type=\"hidden\" value=\"10745\"\/>","protected":false},"excerpt":{"rendered":"<p>Antud kottide kollektsioonis on omavahel \u00fchendatud juba populaarsust kogunud kottide &#8216;Original rePETe<span lang=\"ET\">\u2122&#8217;\u00a0<\/span>ja &#8216;Vita<span lang=\"ET\">\u2122&#8217;<\/span>\u00a0head omadused. See on stiilne \u00f5lakott, mis on toodetud 99% taaskasutatud materjalidest ja on kahev\u00e4rviline, sangad ja kandid annavad\u00a0p\u00f5neva kontrasti kotile endale.<\/p>\n<p>Kasutatud materjalide info on prinditud koti sisek\u00fcljele ja v\u00e4ikese koti\u00a0taha. Suurep\u00e4rane kott, millega minna hommikul turule, ostudele, raamatupoodi v\u00f5i randa, olles samas ka m\u00f5nusalt stiilne s\u00f5num keskkonna s\u00e4\u00e4stmisel.<\/p>\n<p>Kangas, plastikosad ja n\u00f6\u00f6r &#8211; 100% taaskasutatud materjalid; lukustusvedruga haak &#8211; 97% taaskasutatud alumiinium<\/p>","protected":false},"featured_media":10746,"template":"","meta":[],"product_brand":[],"product_cat":[4403,4422,4417],"product_tag":[],"class_list":{"0":"post-10745","1":"product","2":"type-product","3":"status-publish","4":"has-post-thumbnail","6":"product_cat-kodu","7":"product_cat-chico-kotid","8":"product_cat-tarvikud","9":"pa_mahutavus-18-kg","10":"pa_materjal-taaskasutatud-materjalid","11":"pa_moodud-49-x-39-cm-kotis-u-9x12-cm","12":"pa_pestavus-kulm-masinapesu-riputa-kuivama","13":"pa_variatsioon-bordoopunane","14":"pa_variatsioon-kollane","15":"pa_variatsioon-lilla","16":"pa_variatsioon-mustikasinine","17":"pa_variatsioon-sugav-smaragdroheline","18":"pa_variatsioon-tumepruun","20":"first","21":"outofstock","22":"purchasable","23":"product-type-variable"},"acf":[],"_links":{"self":[{"href":"https:\/\/dev.garden.ee\/en\/wp-json\/wp\/v2\/product\/10745","targetHints":{"allow":["GET"]}}],"collection":[{"href":"https:\/\/dev.garden.ee\/en\/wp-json\/wp\/v2\/product"}],"about":[{"href":"https:\/\/dev.garden.ee\/en\/wp-json\/wp\/v2\/types\/product"}],"wp:featuredmedia":[{"embeddable":true,"href":"https:\/\/dev.garden.ee\/en\/wp-json\/wp\/v2\/media\/10746"}],"wp:attachment":[{"href":"https:\/\/dev.garden.ee\/en\/wp-json\/wp\/v2\/media?parent=10745"}],"wp:term":[{"taxonomy":"product_brand","embeddable":true,"href":"https:\/\/dev.garden.ee\/en\/wp-json\/wp\/v2\/product_brand?post=10745"},{"taxonomy":"product_cat","embeddable":true,"href":"https:\/\/dev.garden.ee\/en\/wp-json\/wp\/v2\/product_cat?post=10745"},{"taxonomy":"product_tag","embeddable":true,"href":"https:\/\/dev.garden.ee\/en\/wp-json\/wp\/v2\/product_tag?post=10745"}],"curies":[{"name":"wp","href":"https:\/\/api.w.org\/{rel}","templated":true}]}}