{"id":10713,"date":"2023-01-18T18:32:32","date_gmt":"2023-01-18T16:32:32","guid":{"rendered":"https:\/\/dev.zezz.ee\/garden\/toode\/hordeum-jubatum\/"},"modified":"2026-02-25T21:01:20","modified_gmt":"2026-02-25T19:01:20","slug":"hordeum-jubatum","status":"publish","type":"product","link":"https:\/\/dev.garden.ee\/en\/product\/hordeum-jubatum\/","title":{"rendered":"Hordeum jubatum"},"content":{"rendered":"<input class=\"fooboxshare_post_id\" type=\"hidden\" value=\"10713\"\/>","protected":false},"excerpt":{"rendered":"<p>Uhke lakaga siidjad roosakas-h\u00f5bedased \u00f5isikud avanevad kesksuvel. Poole meetri k\u00f5rguseks kasvav p\u00fcstine k\u00f5rreline on kaunis lisand k\u00f5rgemate p\u00fcsikute \u00fcmber v\u00f5i soolotaimena massistutuses. Talub merel\u00e4hedust ja soolasegust mullapinda, suurep\u00e4rane taim kaunistamaks rannaala. Tuule k\u00e4es liikuvad ja p\u00e4ikese k\u00e4es helkivad h\u00f5bedased k\u00f5rrelisepead on suurep\u00e4rane vaatamisv\u00e4\u00e4rsus.<\/p>","protected":false},"featured_media":10714,"template":"","meta":[],"product_brand":[],"product_cat":[4407,4400,4415,9650,4401,22],"product_tag":[],"class_list":{"0":"post-10713","1":"product","2":"type-product","3":"status-publish","4":"has-post-thumbnail","6":"product_cat-aasad","7":"product_cat-korrelised","8":"product_cat-lilleaed","9":"product_cat-looduslik-aed","10":"product_cat-pusikud","11":"product_cat-taimed","12":"pa_moodud-k-50-cm-l-60-cm","13":"pa_oie-varv-roosa","14":"pa_oitsemise-aeg-juuli-august","15":"pa_talvekindlus-vaga-hea","16":"pa_tsoon-4-10","17":"pa_variatsioon-suurem-pott","18":"pa_variatsioon-vaiksem-pott","20":"first","21":"instock","22":"purchasable","23":"product-type-variable"},"acf":[],"_links":{"self":[{"href":"https:\/\/dev.garden.ee\/en\/wp-json\/wp\/v2\/product\/10713","targetHints":{"allow":["GET"]}}],"collection":[{"href":"https:\/\/dev.garden.ee\/en\/wp-json\/wp\/v2\/product"}],"about":[{"href":"https:\/\/dev.garden.ee\/en\/wp-json\/wp\/v2\/types\/product"}],"wp:featuredmedia":[{"embeddable":true,"href":"https:\/\/dev.garden.ee\/en\/wp-json\/wp\/v2\/media\/10714"}],"wp:attachment":[{"href":"https:\/\/dev.garden.ee\/en\/wp-json\/wp\/v2\/media?parent=10713"}],"wp:term":[{"taxonomy":"product_brand","embeddable":true,"href":"https:\/\/dev.garden.ee\/en\/wp-json\/wp\/v2\/product_brand?post=10713"},{"taxonomy":"product_cat","embeddable":true,"href":"https:\/\/dev.garden.ee\/en\/wp-json\/wp\/v2\/product_cat?post=10713"},{"taxonomy":"product_tag","embeddable":true,"href":"https:\/\/dev.garden.ee\/en\/wp-json\/wp\/v2\/product_tag?post=10713"}],"curies":[{"name":"wp","href":"https:\/\/api.w.org\/{rel}","templated":true}]}}