{"id":10709,"date":"2023-01-18T18:32:30","date_gmt":"2023-01-18T16:32:30","guid":{"rendered":"https:\/\/dev.zezz.ee\/garden\/toode\/filipendula-ulmaria-aurea\/"},"modified":"2026-02-24T00:59:24","modified_gmt":"2026-02-23T22:59:24","slug":"filipendula-ulmaria-aurea","status":"publish","type":"product","link":"https:\/\/dev.garden.ee\/en\/product\/filipendula-ulmaria-aurea\/","title":{"rendered":"Filipendula ulmaria &#8216;Aurea&#8217;"},"content":{"rendered":"<input class=\"fooboxshare_post_id\" type=\"hidden\" value=\"10709\"\/>","protected":false},"excerpt":{"rendered":"<p>Pilkup\u00fc\u00fcdva kollase lehestikuga lai, k\u00f5rge p\u00f5\u00f5sas, suvel avanevad erksa lehestiku taustal \u00f5rnad valged \u00f5itekobarad. Eriti kaunilt m\u00f5jub rohke\u00f5ieline p\u00fcsik just veekogu \u00e4\u00e4res. Uhke ja edev ka soolotaimena. Peamine taime kasvatamise p\u00f5hjus on siiski tema s\u00e4ravalt rohekaskollane lehestik ja tihti l\u00f5igatakse \u00f5ied pigem\u00a0\u00e4ra, et kasvatada veelgi suurem ja efektsem lehestik. Kaunis lisand suvistele lillekimpudele, hea l\u00f5ikelill.\u00a0Suve teises pooles v\u00f5ib\u00a0nii \u00f5ievarred kui ka lehestikku tagasi l\u00f5igata, et ergutada taas v\u00e4rskemale kasvule.\u00a0Kuumal perioodil ei tohi lasta juurestikul l\u00e4bi kuivada. Kasvukoht v\u00f5iks olla niiske, isegi m\u00e4rg. Taim kasvab suhteliselt suureks, ta on ka paras laiutaja ja seep\u00e4rast oleks vaja leida talle\u00a0helgem, poolvarjuline ja piisava ruumiga kasvukoht.<\/p>","protected":false},"featured_media":10710,"template":"","meta":[],"product_brand":[],"product_cat":[4413,4406,4401,4409,4392,22],"product_tag":[],"class_list":{"0":"post-10709","1":"product","2":"type-product","3":"status-publish","4":"has-post-thumbnail","6":"product_cat-loikelilleaed","7":"product_cat-park","8":"product_cat-pusikud","9":"product_cat-tiigiaed","10":"product_cat-tiigitaimed","11":"product_cat-taimed","12":"pa_haiguskindlus-hea","13":"pa_kasvukorgus-75-90-cm","14":"pa_laius-45-60-cm","15":"pa_lehestikuvarv-rohekaskollane","16":"pa_lisainfo-kaldataim","17":"pa_lisainfo-pilgupuudja","18":"pa_lisainfo-sobib-loikelilleks","19":"pa_lisainfo-sobib-osalise-varjuga-kasvualale","20":"pa_oie-varv-valge","21":"pa_oitsemise-aeg-juuli-august","22":"pa_talvekindlus-vaga-hea","23":"pa_tingimused-marg","24":"pa_tingimused-niiske","25":"pa_tsoon-3-9","26":"pa_valguse-tingimused-poolvari","27":"pa_variatsioon-suurem-pott","28":"pa_variatsioon-vaiksem-pott","30":"first","31":"instock","32":"purchasable","33":"product-type-variable"},"acf":[],"_links":{"self":[{"href":"https:\/\/dev.garden.ee\/en\/wp-json\/wp\/v2\/product\/10709","targetHints":{"allow":["GET"]}}],"collection":[{"href":"https:\/\/dev.garden.ee\/en\/wp-json\/wp\/v2\/product"}],"about":[{"href":"https:\/\/dev.garden.ee\/en\/wp-json\/wp\/v2\/types\/product"}],"wp:featuredmedia":[{"embeddable":true,"href":"https:\/\/dev.garden.ee\/en\/wp-json\/wp\/v2\/media\/10710"}],"wp:attachment":[{"href":"https:\/\/dev.garden.ee\/en\/wp-json\/wp\/v2\/media?parent=10709"}],"wp:term":[{"taxonomy":"product_brand","embeddable":true,"href":"https:\/\/dev.garden.ee\/en\/wp-json\/wp\/v2\/product_brand?post=10709"},{"taxonomy":"product_cat","embeddable":true,"href":"https:\/\/dev.garden.ee\/en\/wp-json\/wp\/v2\/product_cat?post=10709"},{"taxonomy":"product_tag","embeddable":true,"href":"https:\/\/dev.garden.ee\/en\/wp-json\/wp\/v2\/product_tag?post=10709"}],"curies":[{"name":"wp","href":"https:\/\/api.w.org\/{rel}","templated":true}]}}