{"id":10681,"date":"2023-01-18T18:32:12","date_gmt":"2023-01-18T16:32:12","guid":{"rendered":"https:\/\/dev.zezz.ee\/garden\/toode\/minerva\/"},"modified":"2026-02-07T18:51:54","modified_gmt":"2026-02-07T16:51:54","slug":"minerva","status":"publish","type":"product","link":"https:\/\/dev.garden.ee\/en\/product\/minerva\/","title":{"rendered":"Minerva"},"content":{"rendered":"<input class=\"fooboxshare_post_id\" type=\"hidden\" value=\"10681\"\/>","protected":false},"excerpt":{"rendered":"<p>Unustamatu magus l\u00f5hn ja ebatavaline \u00f5iev\u00e4rv &#8211; see roos on igati t\u00e4helepanu v\u00e4\u00e4rt. Ihaldatud oma tugeva aroomi t\u00f5ttu. Rikkalik, osaliselt tsitruselise magususe ja v\u00fcrtsikama noodiga, v\u00e4ga joovastav. Kompaktne vaarikapunane \u00f5ienupuke lummab avanedes oma sinakas lillade poolt\u00e4idlaste kuni t\u00e4idlaste kroonlehtedega, roosi s\u00fcdames on aga armsad kollased tolmukad. \u00d5itsemisperioodi jooksul muutuvad kroonlehed veelgi intensiivsemaks, sinisemaks. Moodustab \u00fches \u00f5ier\u00f5ngas arvukalt pungi, seega kestab \u00fcks \u00f5itsemisfaas v\u00e4ga kaua ja kui hooaja jooksul \u00f5igesti k\u00e4rpida, v\u00f5ib ta \u00f5itseda peaaegu pidevalt. Lehed on terved, s\u00fcgavrohelised ja l\u00e4ikivad, v\u00e4iksemad kui teeh\u00fcbriididel. Ei ole liiga j\u00f5uliselt kasvav roos.<\/p>\n<p><span style=\"color: #ff0000;\">ETTETELLIMINE, V\u00c4LJASTAMINE ALATES APRILLI KESKPAIGAST<\/span><\/p>","protected":false},"featured_media":24961,"template":"","meta":[],"product_brand":[],"product_cat":[4414,4416,4402,22],"product_tag":[],"class_list":{"0":"post-10681","1":"product","2":"type-product","3":"status-publish","4":"has-post-thumbnail","6":"product_cat-lohnaaed","7":"product_cat-roosiaed","8":"product_cat-roosid","9":"product_cat-taimed","10":"pa_aretus-martin-vissers","11":"pa_avalikustamisaasta-belgia-2004","12":"pa_haiguskindlus-vaga-hea","13":"pa_kasvukorgus-80-90-cm","14":"pa_laius-50-cm","15":"pa_lisainfo-sobib-lohnaaeda","16":"pa_lohn-tugev","17":"pa_lohn-magus","18":"pa_oie-suurus-suur","19":"pa_oie-varv-sinakaslilla","20":"pa_oie-varv-violetne","21":"pa_oietuup-taidisois","22":"pa_oitsemine-korduvalt-oitsev","23":"pa_sort-floribund-ehk-paljuoieline-roos","24":"pa_taimede-arvestus-ruutmeetri-4-5","25":"pa_talvekindlus-hea","26":"pa_variatsioon-paljasjuurne-ainult-kevadel","27":"pa_variatsioon-potis-4-6l-suvel-ja-sugisel","29":"first","30":"outofstock","31":"purchasable","32":"product-type-variable"},"acf":[],"_links":{"self":[{"href":"https:\/\/dev.garden.ee\/en\/wp-json\/wp\/v2\/product\/10681","targetHints":{"allow":["GET"]}}],"collection":[{"href":"https:\/\/dev.garden.ee\/en\/wp-json\/wp\/v2\/product"}],"about":[{"href":"https:\/\/dev.garden.ee\/en\/wp-json\/wp\/v2\/types\/product"}],"wp:featuredmedia":[{"embeddable":true,"href":"https:\/\/dev.garden.ee\/en\/wp-json\/wp\/v2\/media\/24961"}],"wp:attachment":[{"href":"https:\/\/dev.garden.ee\/en\/wp-json\/wp\/v2\/media?parent=10681"}],"wp:term":[{"taxonomy":"product_brand","embeddable":true,"href":"https:\/\/dev.garden.ee\/en\/wp-json\/wp\/v2\/product_brand?post=10681"},{"taxonomy":"product_cat","embeddable":true,"href":"https:\/\/dev.garden.ee\/en\/wp-json\/wp\/v2\/product_cat?post=10681"},{"taxonomy":"product_tag","embeddable":true,"href":"https:\/\/dev.garden.ee\/en\/wp-json\/wp\/v2\/product_tag?post=10681"}],"curies":[{"name":"wp","href":"https:\/\/api.w.org\/{rel}","templated":true}]}}