{"id":10676,"date":"2023-01-18T18:32:09","date_gmt":"2023-01-18T16:32:09","guid":{"rendered":"https:\/\/dev.zezz.ee\/garden\/toode\/euphorbia-x-martinii-ascot-rainbow\/"},"modified":"2026-02-24T00:01:27","modified_gmt":"2026-02-23T22:01:27","slug":"euphorbia-x-martinii-ascot-rainbow","status":"publish","type":"product","link":"https:\/\/dev.garden.ee\/en\/product\/euphorbia-x-martinii-ascot-rainbow\/","title":{"rendered":"Euphorbia x martinii &#8216;Ascot Rainbow&#8217;"},"content":{"rendered":"<input class=\"fooboxshare_post_id\" type=\"hidden\" value=\"10676\"\/>","protected":false},"excerpt":{"rendered":"<p>Antud piimalille omap\u00e4ra on v\u00e4rvilised, igihaljad lehed. Lehed asetsevad j\u00e4rjestikku kogu varre pikkuses, moodustades koheva tuusti, lehed ise on rohelised, kollaste laikude ja \u00e4\u00e4rega, muutudes \u00a0talvel roosakas-punakaks. \u00d5ied on laimikollased, punase s\u00fcdamikuga, \u00f5itsevad suve algul. Meelitab liblikaid. N\u00e4rtsinud \u00f5ied tuleb eemaldada, et anda ruumi uutele v\u00f5rsetele. Ettevaatust, taim on m\u00fcrgine, k\u00e4sitlemisel v\u00f5ib tekkida allergiline l\u00f6\u00f6ve.<\/p>","protected":false},"featured_media":23797,"template":"","meta":[],"product_brand":[],"product_cat":[4415,4406,4401,22],"product_tag":[],"class_list":{"0":"post-10676","1":"product","2":"type-product","3":"status-publish","4":"has-post-thumbnail","6":"product_cat-lilleaed","7":"product_cat-park","8":"product_cat-pusikud","9":"product_cat-taimed","10":"pa_haiguskindlus-vaga-hea","11":"pa_kasvukorgus-45-50-cm","12":"pa_laius-45-60-cm","13":"pa_lehestikuvarv-roheline","14":"pa_lehestikuvarv-kollane","15":"pa_lehestikuvarv-mitmevarviline","16":"pa_lisainfo-dekoratiivne-lehestik","17":"pa_lisainfo-igihaljas","18":"pa_lisainfo-mesilaste-lemmik","19":"pa_lisainfo-murgine","20":"pa_oie-varv-kollane","21":"pa_oie-varv-laimikollane","22":"pa_oitsemise-aeg-mai-juuni","23":"pa_talvekindlus-kulmaorn","24":"pa_tingimused-hea-drenaaz","25":"pa_tingimused-kuiv","26":"pa_tsoon-6-9","27":"pa_valguse-tingimused-paike","28":"pa_valguse-tingimused-poolvari","29":"pa_variatsioon-suurem-pott","30":"pa_variatsioon-vaiksem-pott","32":"first","33":"onbackorder","34":"purchasable","35":"product-type-variable"},"acf":[],"_links":{"self":[{"href":"https:\/\/dev.garden.ee\/en\/wp-json\/wp\/v2\/product\/10676","targetHints":{"allow":["GET"]}}],"collection":[{"href":"https:\/\/dev.garden.ee\/en\/wp-json\/wp\/v2\/product"}],"about":[{"href":"https:\/\/dev.garden.ee\/en\/wp-json\/wp\/v2\/types\/product"}],"wp:featuredmedia":[{"embeddable":true,"href":"https:\/\/dev.garden.ee\/en\/wp-json\/wp\/v2\/media\/23797"}],"wp:attachment":[{"href":"https:\/\/dev.garden.ee\/en\/wp-json\/wp\/v2\/media?parent=10676"}],"wp:term":[{"taxonomy":"product_brand","embeddable":true,"href":"https:\/\/dev.garden.ee\/en\/wp-json\/wp\/v2\/product_brand?post=10676"},{"taxonomy":"product_cat","embeddable":true,"href":"https:\/\/dev.garden.ee\/en\/wp-json\/wp\/v2\/product_cat?post=10676"},{"taxonomy":"product_tag","embeddable":true,"href":"https:\/\/dev.garden.ee\/en\/wp-json\/wp\/v2\/product_tag?post=10676"}],"curies":[{"name":"wp","href":"https:\/\/api.w.org\/{rel}","templated":true}]}}