{"id":10672,"date":"2023-01-18T18:32:07","date_gmt":"2023-01-18T16:32:07","guid":{"rendered":"https:\/\/dev.zezz.ee\/garden\/toode\/lilium-yellow-space\/"},"modified":"2026-01-16T10:35:48","modified_gmt":"2026-01-16T08:35:48","slug":"lilium-yellow-space","status":"publish","type":"product","link":"https:\/\/dev.garden.ee\/en\/product\/lilium-yellow-space\/","title":{"rendered":"Lilium &#8216;Yellow Space&#8217;"},"content":{"rendered":"<input class=\"fooboxshare_post_id\" type=\"hidden\" value=\"10672\"\/>","protected":false},"excerpt":{"rendered":"<p>S\u00fcn. &#8216;Golden Condor&#8217;. Meeldiva l\u00f5hnaga, keskmise suurusega, s\u00e4ravkollased, allapoole vaatavad kaunid \u00f5ied. V\u00e4ga l\u00e4hedalt vaadates v\u00f5ib \u00f5iel m\u00e4rgata tumepunast pliiatsijoose sarnast mustrit. Esimese kasvuaasta k\u00f5rgus on umbes 90 cm, hiljem kasvab veidi k\u00f5rgemaks. See liilia ei ole mulla suhtes n\u00f5udlik, vajab vaid head drenaa\u017ei. V\u00e4eta orgaanilise v\u00e4etisega kevadel.<\/p>\n<p>Sibula suurus 18-20 cm.<\/p>","protected":false},"featured_media":10673,"template":"","meta":[],"product_brand":[],"product_cat":[4403,4415,4414,4413,4401,4391,22],"product_tag":[9458,9417],"class_list":{"0":"post-10672","1":"product","2":"type-product","3":"status-publish","4":"has-post-thumbnail","6":"product_cat-kodu","7":"product_cat-lilleaed","8":"product_cat-lohnaaed","9":"product_cat-loikelilleaed","10":"product_cat-pusikud","11":"product_cat-sibullilled","12":"product_cat-taimed","13":"product_tag-pikaoieline-idahubriid-liilia","14":"product_tag-soodushind-50","15":"pa_lohn-lohnav","16":"pa_moodud-k-90-12-m-l-30-cm","17":"pa_oie-varv-kollane","18":"pa_oitsemise-aeg-juuli","19":"pa_talvekindlus-hea","20":"pa_variatsioon-sibul-ainult-kevadel","21":"pa_variatsioon-suurem-pott","23":"first","24":"instock","25":"sale","26":"taxable","27":"shipping-taxable","28":"purchasable","29":"product-type-variable"},"acf":[],"_links":{"self":[{"href":"https:\/\/dev.garden.ee\/en\/wp-json\/wp\/v2\/product\/10672","targetHints":{"allow":["GET"]}}],"collection":[{"href":"https:\/\/dev.garden.ee\/en\/wp-json\/wp\/v2\/product"}],"about":[{"href":"https:\/\/dev.garden.ee\/en\/wp-json\/wp\/v2\/types\/product"}],"wp:featuredmedia":[{"embeddable":true,"href":"https:\/\/dev.garden.ee\/en\/wp-json\/wp\/v2\/media\/10673"}],"wp:attachment":[{"href":"https:\/\/dev.garden.ee\/en\/wp-json\/wp\/v2\/media?parent=10672"}],"wp:term":[{"taxonomy":"product_brand","embeddable":true,"href":"https:\/\/dev.garden.ee\/en\/wp-json\/wp\/v2\/product_brand?post=10672"},{"taxonomy":"product_cat","embeddable":true,"href":"https:\/\/dev.garden.ee\/en\/wp-json\/wp\/v2\/product_cat?post=10672"},{"taxonomy":"product_tag","embeddable":true,"href":"https:\/\/dev.garden.ee\/en\/wp-json\/wp\/v2\/product_tag?post=10672"}],"curies":[{"name":"wp","href":"https:\/\/api.w.org\/{rel}","templated":true}]}}