{"id":10665,"date":"2023-01-18T18:32:04","date_gmt":"2023-01-18T16:32:04","guid":{"rendered":"https:\/\/dev.zezz.ee\/garden\/toode\/eupatorium-rugosum-chocolate\/"},"modified":"2026-02-23T23:46:46","modified_gmt":"2026-02-23T21:46:46","slug":"eupatorium-rugosum-chocolate","status":"publish","type":"product","link":"https:\/\/dev.garden.ee\/en\/product\/eupatorium-rugosum-chocolate\/","title":{"rendered":"Eupatorium rugosum &#8216;Chocolate&#8217;"},"content":{"rendered":"<input class=\"fooboxshare_post_id\" type=\"hidden\" value=\"10665\"\/>","protected":false},"excerpt":{"rendered":"<p>Taim on k\u00f5rgekasvuline, hea tekstuuriga, h\u00e4sti harunev. Lehestik on terve v\u00e4limusega. Lehed on kevadel ja suvel pronksjas-pruunid, isegi purpursed, s\u00fcgisel, kui p\u00f5\u00f5sas \u00f5ide puhkeb, muutuvad tumeroheliseks. Ideaalne lisand peenrale arhitektuursuse ning k\u00f5rguse andmiseks istutusaladele, ka veesilma \u00e4\u00e4rde. Sobivad koos erinevate k\u00f5rrelistega v\u00f5i teiste hilisemat \u00f5itsemisperioodi omavate p\u00fcsikutega nagu n\u00e4iteks siilk\u00fcbarad. Kasvukoht v\u00f5ib olla isegi kuiv ja varjuline, kui taim on korralikult juurdunud ja j\u00f5udu kogunud. \u00d5ied on valged, kohevad puhmad, p\u00fcsivad kuni esimeste k\u00fclmadeni. \u00d5ied meelitavad aeda liblikaid. Nii \u00f5ied kui ka oksad sobivad s\u00fcgiskompositsiooni vaasi. Taime saab edukalt jagada kevadel.<\/p>","protected":false},"featured_media":10666,"template":"","meta":[],"product_brand":[],"product_cat":[4415,4413,6934,4401,4409,4392,22],"product_tag":[],"class_list":{"0":"post-10665","1":"product","2":"type-product","3":"status-publish","4":"has-post-thumbnail","6":"product_cat-lilleaed","7":"product_cat-loikelilleaed","8":"product_cat-mesilassobralik-aed","9":"product_cat-pusikud","10":"product_cat-tiigiaed","11":"product_cat-tiigitaimed","12":"product_cat-taimed","13":"pa_haiguskindlus-vaga-hea","14":"pa_kasvukorgus-90-120-cm","15":"pa_laius-75-90-cm","16":"pa_lehestikuvarv-roheline","17":"pa_lehestikuvarv-pronksjas","18":"pa_lehestikuvarv-purpurne","19":"pa_lisainfo-kaldataim","20":"pa_lisainfo-mesilaste-lemmik","21":"pa_lisainfo-sobib-loikelilleks","22":"pa_lisainfo-sobib-osalise-varjuga-kasvualale","23":"pa_lisainfo-talub-kuiva-varjulisemat-kasvukohta","24":"pa_oie-varv-valge","25":"pa_oitsemise-aeg-august-september","26":"pa_talvekindlus-vaga-hea","27":"pa_tingimused-niiske","28":"pa_tsoon-4-9","29":"pa_valguse-tingimused-paike","30":"pa_valguse-tingimused-poolvari","31":"pa_variatsioon-suurem-pott","32":"pa_variatsioon-vaiksem-pott","34":"first","35":"instock","36":"purchasable","37":"product-type-variable"},"acf":[],"_links":{"self":[{"href":"https:\/\/dev.garden.ee\/en\/wp-json\/wp\/v2\/product\/10665","targetHints":{"allow":["GET"]}}],"collection":[{"href":"https:\/\/dev.garden.ee\/en\/wp-json\/wp\/v2\/product"}],"about":[{"href":"https:\/\/dev.garden.ee\/en\/wp-json\/wp\/v2\/types\/product"}],"wp:featuredmedia":[{"embeddable":true,"href":"https:\/\/dev.garden.ee\/en\/wp-json\/wp\/v2\/media\/10666"}],"wp:attachment":[{"href":"https:\/\/dev.garden.ee\/en\/wp-json\/wp\/v2\/media?parent=10665"}],"wp:term":[{"taxonomy":"product_brand","embeddable":true,"href":"https:\/\/dev.garden.ee\/en\/wp-json\/wp\/v2\/product_brand?post=10665"},{"taxonomy":"product_cat","embeddable":true,"href":"https:\/\/dev.garden.ee\/en\/wp-json\/wp\/v2\/product_cat?post=10665"},{"taxonomy":"product_tag","embeddable":true,"href":"https:\/\/dev.garden.ee\/en\/wp-json\/wp\/v2\/product_tag?post=10665"}],"curies":[{"name":"wp","href":"https:\/\/api.w.org\/{rel}","templated":true}]}}