{"id":10652,"date":"2023-01-18T18:31:56","date_gmt":"2023-01-18T16:31:56","guid":{"rendered":"https:\/\/dev.zezz.ee\/garden\/toode\/epimedium-x-warleyense\/"},"modified":"2026-02-23T15:02:18","modified_gmt":"2026-02-23T13:02:18","slug":"epimedium-x-warleyense","status":"publish","type":"product","link":"https:\/\/dev.garden.ee\/en\/product\/epimedium-x-warleyense\/","title":{"rendered":"Epimedium x warleyense"},"content":{"rendered":"<input class=\"fooboxshare_post_id\" type=\"hidden\" value=\"10652\"\/>","protected":false},"excerpt":{"rendered":"<p>Epimeediumi kahev\u00e4rvilised \u00f5ied on t\u00f5eline vaatamisv\u00e4\u00e4rsus, lehestik on kaunis\u00a0l\u00e4bi aasta. Talvel, kevadel ja s\u00fcgisel on lehed purpurse varjundiga, suvel muutuvad need rohelisteks. Epimeedium on t\u00f5eliselt rabav taim just varjuaeda, n\u00e4iteks jalgteede \u00e4\u00e4ristuses. Hilistalvel tuleks kogu allesj\u00e4\u00e4nud kuivanud lehestik maha l\u00f5igata, et teha ruumi uutele kevadistele kasvudele. V\u00e4ga eriline taim kiviktaimlasse, alpiaeda, kergelt varjulisse kohta, n\u00e4iteks madalakasvulistele hostadele naabriks. Kuigi taimel v\u00f5tab paar aastat aega, et saavutada oma t\u00e4ism\u00f5\u00f5tmed, on tegemist v\u00e4ga pikaealise ning vastupidava taimega. T\u00e4iskavanuna suudab ta vastu pidada ka p\u00f5uale. Ideaalne pinnakatja.<\/p>\n<p>Hooldus: Jagamist v\u00f5ib teha varakevadel v\u00f5i hilissuvel.<\/p>","protected":false},"featured_media":10653,"template":"","meta":[],"product_brand":[],"product_cat":[4406,9200,4401,4412,22],"product_tag":[],"class_list":{"0":"post-10652","1":"product","2":"type-product","3":"status-publish","4":"has-post-thumbnail","6":"product_cat-park","7":"product_cat-pinnakatjad","8":"product_cat-pusikud","9":"product_cat-varjuaed","10":"product_cat-taimed","11":"pa_haiguskindlus-vaga-hea","12":"pa_kasvukorgus-30-cm","13":"pa_laius-45-cm","14":"pa_lisainfo-hea-pinnakatja","15":"pa_lisainfo-sobib-osalise-varjuga-kasvualale","16":"pa_lisainfo-talub-kuiva-varjulisemat-kasvukohta","17":"pa_oie-varv-oranz","18":"pa_oitsemise-aeg-aprill-mai","19":"pa_talvekindlus-vaga-hea","20":"pa_tingimused-hea-drenaaz","21":"pa_tingimused-viljakas","22":"pa_tsoon-4-9","23":"pa_valguse-tingimused-poolvari","24":"pa_valguse-tingimused-vari","25":"pa_variatsioon-suurem-pott","26":"pa_variatsioon-vaiksem-pott","28":"first","29":"instock","30":"purchasable","31":"product-type-variable"},"acf":[],"_links":{"self":[{"href":"https:\/\/dev.garden.ee\/en\/wp-json\/wp\/v2\/product\/10652","targetHints":{"allow":["GET"]}}],"collection":[{"href":"https:\/\/dev.garden.ee\/en\/wp-json\/wp\/v2\/product"}],"about":[{"href":"https:\/\/dev.garden.ee\/en\/wp-json\/wp\/v2\/types\/product"}],"wp:featuredmedia":[{"embeddable":true,"href":"https:\/\/dev.garden.ee\/en\/wp-json\/wp\/v2\/media\/10653"}],"wp:attachment":[{"href":"https:\/\/dev.garden.ee\/en\/wp-json\/wp\/v2\/media?parent=10652"}],"wp:term":[{"taxonomy":"product_brand","embeddable":true,"href":"https:\/\/dev.garden.ee\/en\/wp-json\/wp\/v2\/product_brand?post=10652"},{"taxonomy":"product_cat","embeddable":true,"href":"https:\/\/dev.garden.ee\/en\/wp-json\/wp\/v2\/product_cat?post=10652"},{"taxonomy":"product_tag","embeddable":true,"href":"https:\/\/dev.garden.ee\/en\/wp-json\/wp\/v2\/product_tag?post=10652"}],"curies":[{"name":"wp","href":"https:\/\/api.w.org\/{rel}","templated":true}]}}