{"id":10587,"date":"2023-01-18T18:31:12","date_gmt":"2023-01-18T16:31:12","guid":{"rendered":"https:\/\/dev.zezz.ee\/garden\/toode\/geranium-rozanne\/"},"modified":"2026-02-24T12:02:03","modified_gmt":"2026-02-24T10:02:03","slug":"geranium-rozanne","status":"publish","type":"product","link":"https:\/\/dev.garden.ee\/en\/product\/geranium-rozanne\/","title":{"rendered":"Geranium &#8216;Rozanne&#8217;"},"content":{"rendered":"<input class=\"fooboxshare_post_id\" type=\"hidden\" value=\"10587\"\/>","protected":false},"excerpt":{"rendered":"<p>Kurereha suur eelis on pikk \u00f5itsemisperiood. Eriti selle sordi suured, ebamaiselt sinised \u00f5ied on eriline vaatamisv\u00e4\u00e4rsus ja kui seda saab nautida l\u00e4bi suve, siis v\u00f5ib t\u00f5deda, et 2008. aastal saavutatud &#8216;Aasta Taime&#8217; tiitel on ausalt v\u00e4ljateenutud. \u00d5ite v\u00e4rv v\u00f5ib varieeruda sinisest kuni kergelt lillakani, lehestik roheline, s\u00fcgisel muutub lehestik pronksjaks.\u00a0Kui suve keskel j\u00e4\u00e4b \u00f5itsemine pisut h\u00f5redamaks, v\u00f5iks taime pisut k\u00e4rpida, siis taim asub j\u00e4lle usinasti \u00f5itsema. Armastab p\u00e4ikest, poolvarjus kasvab ka h\u00e4sti. Jagamist\u00f6\u00f6d v\u00f5iks j\u00e4\u00e4da kas kevadesse v\u00f5i varas\u00fcgisesse.<\/p>","protected":false},"featured_media":25513,"template":"","meta":[],"product_brand":[],"product_cat":[4415,9200,4401,22],"product_tag":[],"class_list":{"0":"post-10587","1":"product","2":"type-product","3":"status-publish","4":"has-post-thumbnail","6":"product_cat-lilleaed","7":"product_cat-pinnakatjad","8":"product_cat-pusikud","9":"product_cat-taimed","10":"pa_haiguskindlus-hea","11":"pa_moodud-k-30-50cm-l-45-60cm","12":"pa_oie-varv-sinine","13":"pa_oitsemise-aeg-juuni-august","14":"pa_talvekindlus-vaga-hea","15":"pa_tsoon-z4-9","16":"pa_variatsioon-suurem-pott","17":"pa_variatsioon-vaiksem-pott","19":"first","20":"instock","21":"purchasable","22":"product-type-variable"},"acf":[],"_links":{"self":[{"href":"https:\/\/dev.garden.ee\/en\/wp-json\/wp\/v2\/product\/10587","targetHints":{"allow":["GET"]}}],"collection":[{"href":"https:\/\/dev.garden.ee\/en\/wp-json\/wp\/v2\/product"}],"about":[{"href":"https:\/\/dev.garden.ee\/en\/wp-json\/wp\/v2\/types\/product"}],"wp:featuredmedia":[{"embeddable":true,"href":"https:\/\/dev.garden.ee\/en\/wp-json\/wp\/v2\/media\/25513"}],"wp:attachment":[{"href":"https:\/\/dev.garden.ee\/en\/wp-json\/wp\/v2\/media?parent=10587"}],"wp:term":[{"taxonomy":"product_brand","embeddable":true,"href":"https:\/\/dev.garden.ee\/en\/wp-json\/wp\/v2\/product_brand?post=10587"},{"taxonomy":"product_cat","embeddable":true,"href":"https:\/\/dev.garden.ee\/en\/wp-json\/wp\/v2\/product_cat?post=10587"},{"taxonomy":"product_tag","embeddable":true,"href":"https:\/\/dev.garden.ee\/en\/wp-json\/wp\/v2\/product_tag?post=10587"}],"curies":[{"name":"wp","href":"https:\/\/api.w.org\/{rel}","templated":true}]}}