{"id":10583,"date":"2023-01-18T18:31:09","date_gmt":"2023-01-18T16:31:09","guid":{"rendered":"https:\/\/dev.zezz.ee\/garden\/toode\/festuca-walberla\/"},"modified":"2026-02-24T00:34:12","modified_gmt":"2026-02-23T22:34:12","slug":"festuca-walberla","status":"publish","type":"product","link":"https:\/\/dev.garden.ee\/en\/product\/festuca-walberla\/","title":{"rendered":"Festuca &#8216;Walberla&#8217;"},"content":{"rendered":"<input class=\"fooboxshare_post_id\" type=\"hidden\" value=\"10583\"\/>","protected":false},"excerpt":{"rendered":"<p>Tegemist on \u00fche lihtsaimalt kasvatatava pinnakatjaga, mis ei vaja l\u00f5ikamist. Ainus, mida tuleks teha, on kevadine vana lehestiku v\u00e4ljaharjamine. Kui taim on korralikult kohanenud, pole talle mureks ei p\u00f5ud ega liigne kuumus. Lehestik on kompaktne ja p\u00fcstine, lehed peened, punaste tippudega. \u00d5ievarred\u00a0on p\u00fcstised, pikad, taim \u00f5itseb rikkalikult. Parima efekti annab taim, kui on istutatud massina, sama kaunis, kui ilutseb uhkes \u00fcksinduses. Pikaealine ja igihaljas taim.<\/p>","protected":false},"featured_media":10584,"template":"","meta":[],"product_brand":[],"product_cat":[4407,4400,4415,9702,9200,4401,9550,22],"product_tag":[],"class_list":{"0":"post-10583","1":"product","2":"type-product","3":"status-publish","4":"has-post-thumbnail","6":"product_cat-aasad","7":"product_cat-korrelised","8":"product_cat-lilleaed","9":"product_cat-linnaaed","10":"product_cat-pinnakatjad","11":"product_cat-pusikud","12":"product_cat-rodu-ja-terrass","13":"product_cat-taimed","14":"pa_kasvukorgus-30-40-cm","15":"pa_laius-25-30-cm","16":"pa_lehestikuvarv-roheline","17":"pa_lehestikuvarv-punane","18":"pa_lisainfo-hea-pinnakatja","19":"pa_lisainfo-hirve-kahjustustele-vastupidav","20":"pa_lisainfo-igihaljas","21":"pa_lisainfo-talub-pouda","22":"pa_oie-varv-beez","23":"pa_oitsemise-aeg-juuni-juuli","24":"pa_talvekindlus-vaga-hea","25":"pa_tingimused-hea-drenaaz","26":"pa_tingimused-kuiv","27":"pa_tsoon-5-9","28":"pa_valguse-tingimused-paike","29":"pa_variatsioon-suurem-pott","30":"pa_variatsioon-vaiksem-pott","32":"first","33":"instock","34":"purchasable","35":"product-type-variable"},"acf":[],"_links":{"self":[{"href":"https:\/\/dev.garden.ee\/en\/wp-json\/wp\/v2\/product\/10583","targetHints":{"allow":["GET"]}}],"collection":[{"href":"https:\/\/dev.garden.ee\/en\/wp-json\/wp\/v2\/product"}],"about":[{"href":"https:\/\/dev.garden.ee\/en\/wp-json\/wp\/v2\/types\/product"}],"wp:featuredmedia":[{"embeddable":true,"href":"https:\/\/dev.garden.ee\/en\/wp-json\/wp\/v2\/media\/10584"}],"wp:attachment":[{"href":"https:\/\/dev.garden.ee\/en\/wp-json\/wp\/v2\/media?parent=10583"}],"wp:term":[{"taxonomy":"product_brand","embeddable":true,"href":"https:\/\/dev.garden.ee\/en\/wp-json\/wp\/v2\/product_brand?post=10583"},{"taxonomy":"product_cat","embeddable":true,"href":"https:\/\/dev.garden.ee\/en\/wp-json\/wp\/v2\/product_cat?post=10583"},{"taxonomy":"product_tag","embeddable":true,"href":"https:\/\/dev.garden.ee\/en\/wp-json\/wp\/v2\/product_tag?post=10583"}],"curies":[{"name":"wp","href":"https:\/\/api.w.org\/{rel}","templated":true}]}}