{"id":1058,"date":"2023-01-18T17:00:22","date_gmt":"2023-01-18T15:00:22","guid":{"rendered":"https:\/\/dev.zezz.ee\/garden\/toode\/nostalgie\/"},"modified":"2026-02-07T21:36:29","modified_gmt":"2026-02-07T19:36:29","slug":"nostalgie","status":"publish","type":"product","link":"https:\/\/dev.garden.ee\/en\/product\/nostalgie\/","title":{"rendered":"Nostalgie\u00ae"},"content":{"rendered":"<input class=\"fooboxshare_post_id\" type=\"hidden\" value=\"1058\"\/>","protected":false},"excerpt":{"rendered":"<p>Peetakse roosimaailmas \u00fcheks klassikuks. See on legendaarne nii aia- kui ka l\u00f5ikeroosina! Selle kerakujulised \u00f5ied (8-10cm), kreemikasvalge ja kirsikarva v\u00e4rvikombinatsioon, meeldivalt mahe aroom, \u00e4\u00e4rmiselt l\u00e4ikivad nahkjad lehed ja armsad punakad p\u00fcstised v\u00f5rsed on toonud sellele \u00fclemaailmse populaarsuse.<\/p>\n<p>Sobib kasutamiseks segaroosipeenardes, suurtes peenardes, pottides ja vannides, v\u00e4ikestes r\u00fchmades, k\u00f5rge k\u00f5rgusega peenardes, romantilistes aedades koos p\u00fcsikutega, segapeenardes, l\u00f5ikelilledeks.<\/p>\n<p>Auhinnad: Most beautiful rose of the Rosarium Uetersen (Germany 2013); &#8220;Top Rose&#8221; Den Haag (2000); Gold Medal Glasgow (Great Britain 2002).<\/p>","protected":false},"featured_media":1059,"template":"","meta":[],"product_brand":[],"product_cat":[9637,4415,4413,4416,4402,22],"product_tag":[],"class_list":{"0":"post-1058","1":"product","2":"type-product","3":"status-publish","4":"has-post-thumbnail","6":"product_cat-istutuskast","7":"product_cat-lilleaed","8":"product_cat-loikelilleaed","9":"product_cat-roosiaed","10":"product_cat-roosid","11":"product_cat-taimed","12":"pa_aretus-rosen-tantau","13":"pa_avalikustamisaasta-404","14":"pa_haiguskindlus-vaga-hea","15":"pa_kasvukorgus-80-120-cm","16":"pa_laius-45-50-cm","17":"pa_lisainfo-sobilik-istutuskasti-jaoks","18":"pa_lisainfo-sobib-loikelilleks","19":"pa_lohn-keskmine","20":"pa_lohn-kerge","21":"pa_oie-suurus-keskmine","22":"pa_oie-varv-kirsipunane","23":"pa_oie-varv-kreemikasvalge","24":"pa_oie-varv-kreemjas","25":"pa_oie-varv-mitmevarviline","26":"pa_oietuup-taidisois","27":"pa_oitsemine-korduvalt-oitsev","28":"pa_sort-nostalgiline-teehubriidroos","29":"pa_sunonuum-nostalgia","30":"pa_taimede-arvestus-ruutmeetri-4-5","31":"pa_talvekindlus-vaga-hea","32":"pa_variatsioon-paljasjuurne-ainult-kevadel","33":"pa_variatsioon-potis-4-6l","34":"pa_variatsioon-potis-4-6l-suvel-ja-sugisel","36":"first","37":"outofstock","38":"purchasable","39":"product-type-variable"},"acf":[],"_links":{"self":[{"href":"https:\/\/dev.garden.ee\/en\/wp-json\/wp\/v2\/product\/1058","targetHints":{"allow":["GET"]}}],"collection":[{"href":"https:\/\/dev.garden.ee\/en\/wp-json\/wp\/v2\/product"}],"about":[{"href":"https:\/\/dev.garden.ee\/en\/wp-json\/wp\/v2\/types\/product"}],"wp:featuredmedia":[{"embeddable":true,"href":"https:\/\/dev.garden.ee\/en\/wp-json\/wp\/v2\/media\/1059"}],"wp:attachment":[{"href":"https:\/\/dev.garden.ee\/en\/wp-json\/wp\/v2\/media?parent=1058"}],"wp:term":[{"taxonomy":"product_brand","embeddable":true,"href":"https:\/\/dev.garden.ee\/en\/wp-json\/wp\/v2\/product_brand?post=1058"},{"taxonomy":"product_cat","embeddable":true,"href":"https:\/\/dev.garden.ee\/en\/wp-json\/wp\/v2\/product_cat?post=1058"},{"taxonomy":"product_tag","embeddable":true,"href":"https:\/\/dev.garden.ee\/en\/wp-json\/wp\/v2\/product_tag?post=1058"}],"curies":[{"name":"wp","href":"https:\/\/api.w.org\/{rel}","templated":true}]}}