{"id":10578,"date":"2023-01-18T18:31:07","date_gmt":"2023-01-18T16:31:07","guid":{"rendered":"https:\/\/dev.zezz.ee\/garden\/toode\/geum-mai-tai\/"},"modified":"2026-02-24T14:26:14","modified_gmt":"2026-02-24T12:26:14","slug":"geum-mai-tai","status":"publish","type":"product","link":"https:\/\/dev.garden.ee\/en\/product\/geum-mai-tai\/","title":{"rendered":"Geum &#8216;Mai Tai&#8217;"},"content":{"rendered":"<input class=\"fooboxshare_post_id\" type=\"hidden\" value=\"10578\"\/>","protected":false},"excerpt":{"rendered":"<p>Kaunilt lainetava \u00e4\u00e4rega \u00f5ied on roosakas-oran\u017ei v\u00e4rvi, poolt\u00e4idis\u00f5ied, s\u00fcdamikus kollased tolmukad. V\u00e4rvuselt tumedad ning karvased varred on praktiliselt lehetud, suurem osa lehestikust on endale paiga leidnud hoopis varrejaluses. Korduvalt\u00f5itsev, kompaktne taim sobib iga peenra \u00e4\u00e4ristuseks, lisav\u00e4\u00e4rtusena meelitab ligi liblikaid. Aretanud Brent Horvath.<\/p>","protected":false},"featured_media":23873,"template":"","meta":[],"product_brand":[],"product_cat":[4415,6934,4401,4409,4392,22],"product_tag":[],"class_list":{"0":"post-10578","1":"product","2":"type-product","3":"status-publish","4":"has-post-thumbnail","6":"product_cat-lilleaed","7":"product_cat-mesilassobralik-aed","8":"product_cat-pusikud","9":"product_cat-tiigiaed","10":"product_cat-tiigitaimed","11":"product_cat-taimed","12":"pa_moodud-k-40-45-cm-l-30-35-cm","13":"pa_oie-varv-oranz","14":"pa_oitsemise-aeg-mai-juuni","15":"pa_talvekindlus-vaga-hea","16":"pa_tsoon-z-5-9","17":"pa_variatsioon-suurem-pott","18":"pa_variatsioon-vaiksem-pott","20":"first","21":"onbackorder","22":"purchasable","23":"product-type-variable"},"acf":[],"_links":{"self":[{"href":"https:\/\/dev.garden.ee\/en\/wp-json\/wp\/v2\/product\/10578","targetHints":{"allow":["GET"]}}],"collection":[{"href":"https:\/\/dev.garden.ee\/en\/wp-json\/wp\/v2\/product"}],"about":[{"href":"https:\/\/dev.garden.ee\/en\/wp-json\/wp\/v2\/types\/product"}],"wp:featuredmedia":[{"embeddable":true,"href":"https:\/\/dev.garden.ee\/en\/wp-json\/wp\/v2\/media\/23873"}],"wp:attachment":[{"href":"https:\/\/dev.garden.ee\/en\/wp-json\/wp\/v2\/media?parent=10578"}],"wp:term":[{"taxonomy":"product_brand","embeddable":true,"href":"https:\/\/dev.garden.ee\/en\/wp-json\/wp\/v2\/product_brand?post=10578"},{"taxonomy":"product_cat","embeddable":true,"href":"https:\/\/dev.garden.ee\/en\/wp-json\/wp\/v2\/product_cat?post=10578"},{"taxonomy":"product_tag","embeddable":true,"href":"https:\/\/dev.garden.ee\/en\/wp-json\/wp\/v2\/product_tag?post=10578"}],"curies":[{"name":"wp","href":"https:\/\/api.w.org\/{rel}","templated":true}]}}