{"id":10565,"date":"2023-01-18T18:30:58","date_gmt":"2023-01-18T16:30:58","guid":{"rendered":"https:\/\/dev.zezz.ee\/garden\/toode\/epimedium-x-versicolor-cupreum\/"},"modified":"2026-02-23T15:14:51","modified_gmt":"2026-02-23T13:14:51","slug":"epimedium-x-versicolor-cupreum","status":"publish","type":"product","link":"https:\/\/dev.garden.ee\/en\/product\/epimedium-x-versicolor-cupreum\/","title":{"rendered":"Epimedium x versicolor &#8216;Cupreum&#8217;"},"content":{"rendered":"<input class=\"fooboxshare_post_id\" type=\"hidden\" value=\"10565\"\/>","protected":false},"excerpt":{"rendered":"<p>Antud sordi muudavad eriliseks mitmev\u00e4rvilised \u00f5ied ning lehestik, mis suvel on roheline, kevadel ning s\u00fcgisel aga intensiivselt pronksjas. \u00d5ie kroonlehed on roosad ja s\u00fcdamik kollane. Kuigi taimel v\u00f5tab paar aastat aega, et saavutada oma t\u00e4ism\u00f5\u00f5tmed, on tegemist v\u00e4ga pikaealise ning vastupidava taimega. T\u00e4iskavanuna suudab ta vastu pidada ka p\u00f5uale. Vana lehestik tuleks hilistalvel v\u00f5i varakevadel maha l\u00f5igata, et ka j\u00e4rgmisel aastal n\u00e4eks taim hea v\u00e4lja. Jagamist v\u00f5ib teha varakevadel v\u00f5i hilissuvel. Ideaalne pinnakatja metsa-aeda v\u00f5i parki, varjulisemasse aiaosasse.<\/p>","protected":false},"featured_media":10566,"template":"","meta":[],"product_brand":[],"product_cat":[4406,9200,4401,4412,22],"product_tag":[],"class_list":{"0":"post-10565","1":"product","2":"type-product","3":"status-publish","4":"has-post-thumbnail","6":"product_cat-park","7":"product_cat-pinnakatjad","8":"product_cat-pusikud","9":"product_cat-varjuaed","10":"product_cat-taimed","11":"pa_haiguskindlus-vaga-hea","12":"pa_kasvukorgus-45-cm","13":"pa_laius-40-60-cm","14":"pa_lisainfo-hea-pinnakatja","15":"pa_lisainfo-sobib-osalise-varjuga-kasvualale","16":"pa_lisainfo-talub-kuiva-varjulisemat-kasvukohta","17":"pa_oie-varv-kollane","18":"pa_oie-varv-mitmevarviline","19":"pa_oie-varv-roosa","20":"pa_oitsemise-aeg-aprill-mai","21":"pa_talvekindlus-vaga-hea","22":"pa_tingimused-hea-drenaaz","23":"pa_tingimused-viljakas","24":"pa_tsoon-4-9","25":"pa_valguse-tingimused-poolvari","26":"pa_valguse-tingimused-vari","27":"pa_variatsioon-suurem-pott","28":"pa_variatsioon-vaiksem-pott","30":"first","31":"onbackorder","32":"purchasable","33":"product-type-variable"},"acf":[],"_links":{"self":[{"href":"https:\/\/dev.garden.ee\/en\/wp-json\/wp\/v2\/product\/10565","targetHints":{"allow":["GET"]}}],"collection":[{"href":"https:\/\/dev.garden.ee\/en\/wp-json\/wp\/v2\/product"}],"about":[{"href":"https:\/\/dev.garden.ee\/en\/wp-json\/wp\/v2\/types\/product"}],"wp:featuredmedia":[{"embeddable":true,"href":"https:\/\/dev.garden.ee\/en\/wp-json\/wp\/v2\/media\/10566"}],"wp:attachment":[{"href":"https:\/\/dev.garden.ee\/en\/wp-json\/wp\/v2\/media?parent=10565"}],"wp:term":[{"taxonomy":"product_brand","embeddable":true,"href":"https:\/\/dev.garden.ee\/en\/wp-json\/wp\/v2\/product_brand?post=10565"},{"taxonomy":"product_cat","embeddable":true,"href":"https:\/\/dev.garden.ee\/en\/wp-json\/wp\/v2\/product_cat?post=10565"},{"taxonomy":"product_tag","embeddable":true,"href":"https:\/\/dev.garden.ee\/en\/wp-json\/wp\/v2\/product_tag?post=10565"}],"curies":[{"name":"wp","href":"https:\/\/api.w.org\/{rel}","templated":true}]}}