{"id":10556,"date":"2023-01-18T18:30:53","date_gmt":"2023-01-18T16:30:53","guid":{"rendered":"https:\/\/dev.zezz.ee\/garden\/toode\/leucanthemum-x-superbum-banana-cream\/"},"modified":"2026-03-01T15:43:14","modified_gmt":"2026-03-01T13:43:14","slug":"leucanthemum-x-superbum-banana-cream","status":"publish","type":"product","link":"https:\/\/dev.garden.ee\/en\/product\/leucanthemum-x-superbum-banana-cream\/","title":{"rendered":"Leucanthemum \u00d7 superbum &#8216;Banana Cream&#8217;"},"content":{"rendered":"<input class=\"fooboxshare_post_id\" type=\"hidden\" value=\"10556\"\/>","protected":false},"excerpt":{"rendered":"<p>Tegemist on ebatavalist kollast v\u00e4rvi h\u00e4rjasilmadega.\u00a0P\u00e4ikeselised h\u00e4rjasilmad on suurep\u00e4rane t\u00e4iendus \u00a0lillepeenrasse.\u00a0V\u00e4ga kaunis teiste taimede k\u00f5rval kasvades, n\u00e4iteks ka\u00a0konteinerites. Sobib l\u00f5ikelilleks. Iga kahe kuni kolme aasta tagant tuleks taime kevadeti jagada, et s\u00e4ilitada tema kasvuj\u00f5ud. Regulaarselt n\u00e4rtsinud \u00f5ite \u00e4ra korjamine v\u00f5ib \u00f5itsemisperioodi korralikult pikendada.\u00a0Atraktiivne liblikatele. Aeg-ajalt kontrollida, et poleks kiritigude r\u00fcnnaku objektiks.<\/p>","protected":false},"featured_media":10557,"template":"","meta":[],"product_brand":[],"product_cat":[4415,4413,6934,4401,22],"product_tag":[],"class_list":{"0":"post-10556","1":"product","2":"type-product","3":"status-publish","4":"has-post-thumbnail","6":"product_cat-lilleaed","7":"product_cat-loikelilleaed","8":"product_cat-mesilassobralik-aed","9":"product_cat-pusikud","10":"product_cat-taimed","11":"pa_haiguskindlus-hea","12":"pa_moodud-k-35-50-cm-l-45-60-cm","13":"pa_oie-varv-kollane","14":"pa_oitsemise-aeg-juuni-september","15":"pa_talvekindlus-hea","16":"pa_tsoon-z-4-9","17":"pa_variatsioon-suurem-pott","18":"pa_variatsioon-vaiksem-pott","20":"first","21":"outofstock","22":"purchasable","23":"product-type-variable"},"acf":[],"_links":{"self":[{"href":"https:\/\/dev.garden.ee\/en\/wp-json\/wp\/v2\/product\/10556","targetHints":{"allow":["GET"]}}],"collection":[{"href":"https:\/\/dev.garden.ee\/en\/wp-json\/wp\/v2\/product"}],"about":[{"href":"https:\/\/dev.garden.ee\/en\/wp-json\/wp\/v2\/types\/product"}],"wp:featuredmedia":[{"embeddable":true,"href":"https:\/\/dev.garden.ee\/en\/wp-json\/wp\/v2\/media\/10557"}],"wp:attachment":[{"href":"https:\/\/dev.garden.ee\/en\/wp-json\/wp\/v2\/media?parent=10556"}],"wp:term":[{"taxonomy":"product_brand","embeddable":true,"href":"https:\/\/dev.garden.ee\/en\/wp-json\/wp\/v2\/product_brand?post=10556"},{"taxonomy":"product_cat","embeddable":true,"href":"https:\/\/dev.garden.ee\/en\/wp-json\/wp\/v2\/product_cat?post=10556"},{"taxonomy":"product_tag","embeddable":true,"href":"https:\/\/dev.garden.ee\/en\/wp-json\/wp\/v2\/product_tag?post=10556"}],"curies":[{"name":"wp","href":"https:\/\/api.w.org\/{rel}","templated":true}]}}