{"id":10528,"date":"2023-01-18T18:30:33","date_gmt":"2023-01-18T16:30:33","guid":{"rendered":"https:\/\/dev.zezz.ee\/garden\/toode\/cercidiphyllum-japonicum\/"},"modified":"2023-02-22T23:10:18","modified_gmt":"2023-02-22T21:10:18","slug":"cercidiphyllum-japonicum","status":"publish","type":"product","link":"https:\/\/dev.garden.ee\/en\/product\/cercidiphyllum-japonicum\/","title":{"rendered":"Cercidiphyllum japonicum"},"content":{"rendered":"<input class=\"fooboxshare_post_id\" type=\"hidden\" value=\"10528\"\/>","protected":false},"excerpt":{"rendered":"<p>Neerukujulised lehed on puhkedes purpursed, suvel sinakasrohelised ning s\u00fcgisel ulatub toon kollasest punaseni. Mida happelisem muld seda intensiivsem on ka s\u00fcgisv\u00e4rvus. P\u00f5\u00f5sa muudabki atraktiivseks tema kaunis lehestik. Pisikesed \u00f5ied, mis puhkevad enne lehtimist ning hiljem valmivad pruunid viljad on pigem v\u00e4het\u00e4htsad. P\u00f5\u00f5sal on p\u00fcstine vorm.<\/p>","protected":false},"featured_media":10529,"template":"","meta":[],"product_brand":[],"product_cat":[4403,4406,4396,22],"product_tag":[],"class_list":{"0":"post-10528","1":"product","2":"type-product","3":"status-publish","4":"has-post-thumbnail","6":"product_cat-kodu","7":"product_cat-park","8":"product_cat-puud-ja-poosad","9":"product_cat-taimed","10":"pa_moodud-k-3-4-m-l-2-3-m","11":"pa_muugisuurus-h-125-150-cm","12":"pa_oie-varv-kreemjas","13":"pa_oitsemise-aeg-aprill","14":"pa_talvekindlus-vaga-hea","15":"pa_tsoon-4-8","16":"pa_variatsioon-h-100-125-cm","17":"pa_variatsioon-h-125-150-cm","18":"pa_variatsioon-h-150-200-cm","20":"first","21":"instock","22":"purchasable","23":"product-type-variable"},"acf":[],"_links":{"self":[{"href":"https:\/\/dev.garden.ee\/en\/wp-json\/wp\/v2\/product\/10528","targetHints":{"allow":["GET"]}}],"collection":[{"href":"https:\/\/dev.garden.ee\/en\/wp-json\/wp\/v2\/product"}],"about":[{"href":"https:\/\/dev.garden.ee\/en\/wp-json\/wp\/v2\/types\/product"}],"wp:featuredmedia":[{"embeddable":true,"href":"https:\/\/dev.garden.ee\/en\/wp-json\/wp\/v2\/media\/10529"}],"wp:attachment":[{"href":"https:\/\/dev.garden.ee\/en\/wp-json\/wp\/v2\/media?parent=10528"}],"wp:term":[{"taxonomy":"product_brand","embeddable":true,"href":"https:\/\/dev.garden.ee\/en\/wp-json\/wp\/v2\/product_brand?post=10528"},{"taxonomy":"product_cat","embeddable":true,"href":"https:\/\/dev.garden.ee\/en\/wp-json\/wp\/v2\/product_cat?post=10528"},{"taxonomy":"product_tag","embeddable":true,"href":"https:\/\/dev.garden.ee\/en\/wp-json\/wp\/v2\/product_tag?post=10528"}],"curies":[{"name":"wp","href":"https:\/\/api.w.org\/{rel}","templated":true}]}}