{"id":10514,"date":"2023-01-18T18:30:21","date_gmt":"2023-01-18T16:30:21","guid":{"rendered":"https:\/\/dev.zezz.ee\/garden\/toode\/actinidia-kolomikta\/"},"modified":"2023-03-08T15:13:12","modified_gmt":"2023-03-08T13:13:12","slug":"actinidia-kolomikta","status":"publish","type":"product","link":"https:\/\/dev.garden.ee\/en\/product\/actinidia-kolomikta\/","title":{"rendered":"Actinidia kolomikta"},"content":{"rendered":"<input class=\"fooboxshare_post_id\" type=\"hidden\" value=\"10514\"\/>","protected":false},"excerpt":{"rendered":"<p>P\u00f5neva lehestikuga ronitaim. Dekoratiivse v\u00e4limusega on just isastaimed, nende lehed v\u00e4rvuvad otstest h\u00f5bedaseks ning roosaks. Suve alguses avanevad valged \u00f5ied on tugeva l\u00f5hnaga. Kui on olemas nii isas- kui emastaim, siis saab augustis peale kauni lehestiku nautida ka magusaid rohelisi C-vitamiini rikkaid vilju.\u00a0Tuult kardab, kerge varjuga saab aga kenasti hakkama, siiski ideaalseks kasvukohaks, eriti kui soov taime ka viljade p\u00e4rast kasvatada oleks p\u00e4ikeseline soe koht.<\/p>\n<p>K\u00fclmakindlus: Z5-8<\/p>\n<p><span style=\"color: #ff0000;\">\u00a0<\/span><\/p>","protected":false},"featured_media":10515,"template":"","meta":[],"product_brand":[],"product_cat":[4403,4406,4397,4410,4412,4394,22],"product_tag":[],"class_list":{"0":"post-10514","1":"product","2":"type-product","3":"status-publish","4":"has-post-thumbnail","6":"product_cat-kodu","7":"product_cat-park","8":"product_cat-ronitaimed","9":"product_cat-tarbeaed","10":"product_cat-varjuaed","11":"product_cat-viljad-ja-marjad","12":"product_cat-taimed","13":"pa_moodud-k-3-5-m","14":"pa_muugisuurus-h-100-cm","15":"pa_oie-varv-valge","16":"pa_oitsemise-aeg-juuni","17":"pa_talvekindlus-hea","18":"pa_variatsioon-ronitaim-h-100-125-cm","19":"pa_variatsioon-ronitaim-h-40-60-cm","20":"pa_variatsioon-ronitaim-h-60-80-cm","22":"first","23":"instock","24":"purchasable","25":"product-type-variable"},"acf":[],"_links":{"self":[{"href":"https:\/\/dev.garden.ee\/en\/wp-json\/wp\/v2\/product\/10514","targetHints":{"allow":["GET"]}}],"collection":[{"href":"https:\/\/dev.garden.ee\/en\/wp-json\/wp\/v2\/product"}],"about":[{"href":"https:\/\/dev.garden.ee\/en\/wp-json\/wp\/v2\/types\/product"}],"wp:featuredmedia":[{"embeddable":true,"href":"https:\/\/dev.garden.ee\/en\/wp-json\/wp\/v2\/media\/10515"}],"wp:attachment":[{"href":"https:\/\/dev.garden.ee\/en\/wp-json\/wp\/v2\/media?parent=10514"}],"wp:term":[{"taxonomy":"product_brand","embeddable":true,"href":"https:\/\/dev.garden.ee\/en\/wp-json\/wp\/v2\/product_brand?post=10514"},{"taxonomy":"product_cat","embeddable":true,"href":"https:\/\/dev.garden.ee\/en\/wp-json\/wp\/v2\/product_cat?post=10514"},{"taxonomy":"product_tag","embeddable":true,"href":"https:\/\/dev.garden.ee\/en\/wp-json\/wp\/v2\/product_tag?post=10514"}],"curies":[{"name":"wp","href":"https:\/\/api.w.org\/{rel}","templated":true}]}}