{"id":10504,"date":"2023-01-18T18:30:10","date_gmt":"2023-01-18T16:30:10","guid":{"rendered":"https:\/\/dev.zezz.ee\/garden\/toode\/viburnum-carlesii-aurora\/"},"modified":"2023-03-24T12:13:30","modified_gmt":"2023-03-24T10:13:30","slug":"viburnum-carlesii-aurora","status":"publish","type":"product","link":"https:\/\/dev.garden.ee\/en\/product\/viburnum-carlesii-aurora\/","title":{"rendered":"Viburnum carlesii &#8216;Aurora&#8217;"},"content":{"rendered":"<input class=\"fooboxshare_post_id\" type=\"hidden\" value=\"10504\"\/>","protected":false},"excerpt":{"rendered":"<p>Tumeroosad \u00f5isikupadjad avanevad pastellroosadeks ning imeliselt l\u00f5hnavateks \u00f5iteks. Lisaks kaunile kevadisele \u00f5ieilule pakub p\u00f5nevust ka sordi lehestik. Kevadisel noorel lehestikul on sees kergeid roostetoone, s\u00fcgisel v\u00e4rvub aga lehestik \u00fcleni kaunilt punastesse toonidesse. Tegemist on hea pilgup\u00fc\u00fcdjaga, mis samas sobib ka segaheki loomiseks. Aeglase kasvuga p\u00f5\u00f5sal on \u00fcmar ning p\u00fcstine vorm. Suve l\u00f5pupoole valmivad \u00f5isikutest tagasihoidliku v\u00e4ljan\u00e4gemisega sinakasmustad marjad.<\/p>","protected":false},"featured_media":10505,"template":"","meta":[],"product_brand":[],"product_cat":[4403,4395,4406,4396,22],"product_tag":[],"class_list":{"0":"post-10504","1":"product","2":"type-product","3":"status-publish","4":"has-post-thumbnail","6":"product_cat-kodu","7":"product_cat-hekid","8":"product_cat-park","9":"product_cat-puud-ja-poosad","10":"product_cat-taimed","11":"pa_moodud-k-17-m-l-17-m","12":"pa_oie-varv-roosa","13":"pa_oitsemise-aeg-mai","14":"pa_tsoon-4-7","15":"pa_variatsioon-poosas-h-40-50-cm","16":"pa_variatsioon-poosas-h-80-100-cm","18":"first","19":"outofstock","20":"taxable","21":"shipping-taxable","22":"purchasable","23":"product-type-variable"},"acf":[],"_links":{"self":[{"href":"https:\/\/dev.garden.ee\/en\/wp-json\/wp\/v2\/product\/10504","targetHints":{"allow":["GET"]}}],"collection":[{"href":"https:\/\/dev.garden.ee\/en\/wp-json\/wp\/v2\/product"}],"about":[{"href":"https:\/\/dev.garden.ee\/en\/wp-json\/wp\/v2\/types\/product"}],"wp:featuredmedia":[{"embeddable":true,"href":"https:\/\/dev.garden.ee\/en\/wp-json\/wp\/v2\/media\/10505"}],"wp:attachment":[{"href":"https:\/\/dev.garden.ee\/en\/wp-json\/wp\/v2\/media?parent=10504"}],"wp:term":[{"taxonomy":"product_brand","embeddable":true,"href":"https:\/\/dev.garden.ee\/en\/wp-json\/wp\/v2\/product_brand?post=10504"},{"taxonomy":"product_cat","embeddable":true,"href":"https:\/\/dev.garden.ee\/en\/wp-json\/wp\/v2\/product_cat?post=10504"},{"taxonomy":"product_tag","embeddable":true,"href":"https:\/\/dev.garden.ee\/en\/wp-json\/wp\/v2\/product_tag?post=10504"}],"curies":[{"name":"wp","href":"https:\/\/api.w.org\/{rel}","templated":true}]}}