{"id":10499,"date":"2023-01-18T18:30:07","date_gmt":"2023-01-18T16:30:07","guid":{"rendered":"https:\/\/dev.zezz.ee\/garden\/toode\/geranium-renardii\/"},"modified":"2026-02-24T12:56:24","modified_gmt":"2026-02-24T10:56:24","slug":"geranium-renardii","status":"publish","type":"product","link":"https:\/\/dev.garden.ee\/en\/product\/geranium-renardii\/","title":{"rendered":"Geranium renardii"},"content":{"rendered":"<input class=\"fooboxshare_post_id\" type=\"hidden\" value=\"10499\"\/>","protected":false},"excerpt":{"rendered":"<p>Pehme, krobelise tektstuuriga hallikasrohelised lehed ja \u00f5rnad, valged, kerge lillaka n\u00fcansiga \u00f5ied on huvitav kooslus peenra \u00e4\u00e4ristuseks v\u00f5i kiviktaimlasse. Taime teeb veelgi m\u00e4rkimisv\u00e4\u00e4rseks pikk \u00f5itsemisperiood.\u00a0Kui suve keskel j\u00e4\u00e4b \u00f5itsemine pisut h\u00f5redamaks, v\u00f5iks taime pisut k\u00e4rpida, siis taim asub j\u00e4lle usinasti \u00f5itsema. Armastab p\u00e4ikest, poolvarjus kasvab ka h\u00e4sti. Jagamist\u00f6\u00f6d v\u00f5iks j\u00e4\u00e4da kas kevadesse v\u00f5i varas\u00fcgisesse.<\/p>","protected":false},"featured_media":10500,"template":"","meta":[],"product_brand":[],"product_cat":[4415,9200,4401,22],"product_tag":[],"class_list":{"0":"post-10499","1":"product","2":"type-product","3":"status-publish","4":"has-post-thumbnail","6":"product_cat-lilleaed","7":"product_cat-pinnakatjad","8":"product_cat-pusikud","9":"product_cat-taimed","10":"pa_haiguskindlus-hea","11":"pa_moodud-k-15-20-cm-l-20-30-cm","12":"pa_oie-varv-valge","13":"pa_oitsemise-aeg-juuni-august","14":"pa_talvekindlus-vaga-hea","15":"pa_tsoon-z4-9","16":"pa_variatsioon-suurem-pott","17":"pa_variatsioon-vaiksem-pott","19":"first","20":"onbackorder","21":"purchasable","22":"product-type-variable"},"acf":[],"_links":{"self":[{"href":"https:\/\/dev.garden.ee\/en\/wp-json\/wp\/v2\/product\/10499","targetHints":{"allow":["GET"]}}],"collection":[{"href":"https:\/\/dev.garden.ee\/en\/wp-json\/wp\/v2\/product"}],"about":[{"href":"https:\/\/dev.garden.ee\/en\/wp-json\/wp\/v2\/types\/product"}],"wp:featuredmedia":[{"embeddable":true,"href":"https:\/\/dev.garden.ee\/en\/wp-json\/wp\/v2\/media\/10500"}],"wp:attachment":[{"href":"https:\/\/dev.garden.ee\/en\/wp-json\/wp\/v2\/media?parent=10499"}],"wp:term":[{"taxonomy":"product_brand","embeddable":true,"href":"https:\/\/dev.garden.ee\/en\/wp-json\/wp\/v2\/product_brand?post=10499"},{"taxonomy":"product_cat","embeddable":true,"href":"https:\/\/dev.garden.ee\/en\/wp-json\/wp\/v2\/product_cat?post=10499"},{"taxonomy":"product_tag","embeddable":true,"href":"https:\/\/dev.garden.ee\/en\/wp-json\/wp\/v2\/product_tag?post=10499"}],"curies":[{"name":"wp","href":"https:\/\/api.w.org\/{rel}","templated":true}]}}