{"id":10469,"date":"2023-01-18T18:29:43","date_gmt":"2023-01-18T16:29:43","guid":{"rendered":"https:\/\/dev.zezz.ee\/garden\/toode\/carex-morrowii-ice-dance\/"},"modified":"2026-02-19T10:08:48","modified_gmt":"2026-02-19T08:08:48","slug":"carex-morrowii-ice-dance","status":"publish","type":"product","link":"https:\/\/dev.garden.ee\/en\/product\/carex-morrowii-ice-dance\/","title":{"rendered":"Carex morrowii &#8216;Ice Dance&#8217;"},"content":{"rendered":"<input class=\"fooboxshare_post_id\" type=\"hidden\" value=\"10469\"\/>","protected":false},"excerpt":{"rendered":"<p>Erksalt kahev\u00e4rvilise lehestikuga k\u00f5rreline, mis on kaunilt kaarduva vormiga.<\/p>\n<p>Kuna tarnale pole vari probleemiks, siis on ta suurep\u00e4raseks taimeks nii puude kui p\u00f5\u00f5saste alla. Kaaslastena sobivad s\u00f5najalad, hostad ning teised varjutaimed, lisab varjuaeda kontrastsust ja terviklikkust. Samuti v\u00f5ib kasvatada alpiaia v\u00f5i kiviktaimla varjulises osas. \u00a0Aeglaselt kasvava risoomiga p\u00fcsik, millel lehestik palju uhkem ja v\u00e4ljapaistvam kui \u00f5ied.<\/p>\n<p>Kevadel, enne uute v\u00f5rsete ilmumist tuleks vanad koltunud lehed eemaldada.<\/p>","protected":false},"featured_media":23364,"template":"","meta":[],"product_brand":[],"product_cat":[9637,4400,9200,4401,4412,22],"product_tag":[],"class_list":{"0":"post-10469","1":"product","2":"type-product","3":"status-publish","4":"has-post-thumbnail","6":"product_cat-istutuskast","7":"product_cat-korrelised","8":"product_cat-pinnakatjad","9":"product_cat-pusikud","10":"product_cat-varjuaed","11":"product_cat-taimed","12":"pa_haiguskindlus-hea","13":"pa_kasvukorgus-30-cm","14":"pa_laius-40-cm","15":"pa_lehestikuvarv-roheline","16":"pa_lehestikuvarv-valge","17":"pa_lisainfo-dekoratiivne-lehestik","18":"pa_lisainfo-hea-pinnakatja","19":"pa_lisainfo-sobilik-istutuskasti-jaoks","20":"pa_lisainfo-sobib-osalise-varjuga-kasvualale","21":"pa_oie-varv-roheline","22":"pa_oitsemise-aeg-juuni","23":"pa_talvekindlus-vaga-hea","24":"pa_tingimused-hea-drenaaz","25":"pa_tsoon-5-9","26":"pa_valguse-tingimused-poolvari","27":"pa_valguse-tingimused-vari","28":"pa_variatsioon-suurem-pott","29":"pa_variatsioon-vaiksem-pott","31":"first","32":"instock","33":"purchasable","34":"product-type-variable"},"acf":[],"_links":{"self":[{"href":"https:\/\/dev.garden.ee\/en\/wp-json\/wp\/v2\/product\/10469","targetHints":{"allow":["GET"]}}],"collection":[{"href":"https:\/\/dev.garden.ee\/en\/wp-json\/wp\/v2\/product"}],"about":[{"href":"https:\/\/dev.garden.ee\/en\/wp-json\/wp\/v2\/types\/product"}],"wp:featuredmedia":[{"embeddable":true,"href":"https:\/\/dev.garden.ee\/en\/wp-json\/wp\/v2\/media\/23364"}],"wp:attachment":[{"href":"https:\/\/dev.garden.ee\/en\/wp-json\/wp\/v2\/media?parent=10469"}],"wp:term":[{"taxonomy":"product_brand","embeddable":true,"href":"https:\/\/dev.garden.ee\/en\/wp-json\/wp\/v2\/product_brand?post=10469"},{"taxonomy":"product_cat","embeddable":true,"href":"https:\/\/dev.garden.ee\/en\/wp-json\/wp\/v2\/product_cat?post=10469"},{"taxonomy":"product_tag","embeddable":true,"href":"https:\/\/dev.garden.ee\/en\/wp-json\/wp\/v2\/product_tag?post=10469"}],"curies":[{"name":"wp","href":"https:\/\/api.w.org\/{rel}","templated":true}]}}