{"id":10445,"date":"2023-01-18T18:29:28","date_gmt":"2023-01-18T16:29:28","guid":{"rendered":"https:\/\/dev.zezz.ee\/garden\/toode\/magnolia-x-leobneri-leonard-messel\/"},"modified":"2023-03-21T12:56:37","modified_gmt":"2023-03-21T10:56:37","slug":"magnolia-x-leobneri-leonard-messel","status":"publish","type":"product","link":"https:\/\/dev.garden.ee\/en\/product\/magnolia-x-leobneri-leonard-messel\/","title":{"rendered":"Magnolia x leobneri &#8216;Leonard Messel&#8217;"},"content":{"rendered":"<input class=\"fooboxshare_post_id\" type=\"hidden\" value=\"10445\"\/>","protected":false},"excerpt":{"rendered":"<p>L\u00f5hnavad \u00f5rnroosad \u00f5ied ilmuvad puule enne kevadisi lehti. \u00d5ied on avanedes karikakrasarnased, pisut alla langevate kroonlehtedega. Lehed on kaunid tumerohelised kogu hooaja v\u00e4ltel, s\u00fcgisel s\u00e4ilitab rohelise v\u00e4rvi.\u00a0V\u00e4ga heade taluvusn\u00e4itajatega.\u00a0Puule meeldib p\u00e4ikeseline koht, hea drenaa\u017eiga s\u00fcgav, toitainerikas muld. Puu \u00fcmbert peaks mulda korralikult mult\u0161ima, et v\u00e4listada umbrohu invasiooni ja et hoida niiskust ja jahedust juurtele. Ei taha tuulist kasvukohta. L\u00f5ika (kui vaja) varakevadel v\u00f5i varasuvel, kuid minimaalselt, et s\u00e4ilitada terve v\u00e4limus.\u00a0<span style=\"color: #ff0000;\">\u00a0 \u00a0 \u00a0 \u00a0 \u00a0 \u00a0 \u00a0 \u00a0 \u00a0 \u00a0 \u00a0 \u00a0 \u00a0 \u00a0 \u00a0 \u00a0 \u00a0 \u00a0 \u00a0 \u00a0 \u00a0 \u00a0 \u00a0 \u00a0 \u00a0 \u00a0 \u00a0 \u00a0 \u00a0 \u00a0 \u00a0 \u00a0 \u00a0 \u00a0<\/span><\/p>","protected":false},"featured_media":10446,"template":"","meta":[],"product_brand":[],"product_cat":[4403,6934,4396,4408,22],"product_tag":[],"class_list":{"0":"post-10445","1":"product","2":"type-product","3":"status-publish","4":"has-post-thumbnail","6":"product_cat-kodu","7":"product_cat-mesilassobralik-aed","8":"product_cat-puud-ja-poosad","9":"product_cat-vaike-aed","10":"product_cat-taimed","11":"pa_moodud-k-3-5-m-l-2-4-m","12":"pa_oie-varv-roosa","13":"pa_oitsemise-aeg-mai","14":"pa_talvekindlus-hea","15":"pa_tsoon-634","16":"pa_variatsioon-poosas-h-100-125-cm","17":"pa_variatsioon-poosas-h-125-150-cm","18":"pa_variatsioon-poosas-h-175-200-cm","19":"pa_variatsioon-poosas-h-80-100-cm","21":"first","22":"outofstock","23":"taxable","24":"shipping-taxable","25":"purchasable","26":"product-type-variable"},"acf":[],"_links":{"self":[{"href":"https:\/\/dev.garden.ee\/en\/wp-json\/wp\/v2\/product\/10445","targetHints":{"allow":["GET"]}}],"collection":[{"href":"https:\/\/dev.garden.ee\/en\/wp-json\/wp\/v2\/product"}],"about":[{"href":"https:\/\/dev.garden.ee\/en\/wp-json\/wp\/v2\/types\/product"}],"wp:featuredmedia":[{"embeddable":true,"href":"https:\/\/dev.garden.ee\/en\/wp-json\/wp\/v2\/media\/10446"}],"wp:attachment":[{"href":"https:\/\/dev.garden.ee\/en\/wp-json\/wp\/v2\/media?parent=10445"}],"wp:term":[{"taxonomy":"product_brand","embeddable":true,"href":"https:\/\/dev.garden.ee\/en\/wp-json\/wp\/v2\/product_brand?post=10445"},{"taxonomy":"product_cat","embeddable":true,"href":"https:\/\/dev.garden.ee\/en\/wp-json\/wp\/v2\/product_cat?post=10445"},{"taxonomy":"product_tag","embeddable":true,"href":"https:\/\/dev.garden.ee\/en\/wp-json\/wp\/v2\/product_tag?post=10445"}],"curies":[{"name":"wp","href":"https:\/\/api.w.org\/{rel}","templated":true}]}}