{"id":1044,"date":"2023-01-18T17:00:09","date_gmt":"2023-01-18T15:00:09","guid":{"rendered":"https:\/\/dev.zezz.ee\/garden\/toode\/jubile-du-prince-de-monaco-50\/"},"modified":"2026-02-06T14:21:55","modified_gmt":"2026-02-06T12:21:55","slug":"jubile-du-prince-de-monaco","status":"publish","type":"product","link":"https:\/\/dev.garden.ee\/en\/product\/jubile-du-prince-de-monaco\/","title":{"rendered":"Jubil\u00e9 du Prince de Monaco\u00ae"},"content":{"rendered":"<input class=\"fooboxshare_post_id\" type=\"hidden\" value=\"1044\"\/>","protected":false},"excerpt":{"rendered":"<p>Fantastiline kahev\u00e4rviline roos &#8211; laitmatu valge, millele on kaunilt kontrastiks s\u00e4rav ja elav punane. Meenutades uhkusega Monaco lipu v\u00e4rve. Keskmised \u00f5ied (8-9 cm) on t\u00e4idetud 23-30 kroonlehega. Paistab silma oma rikkaliku ja pideva \u00f5itsemisega. Pakkudes l\u00f5putut lillepidu, mis elavdab aeda oma erksate v\u00e4rvidega mitu kuud, otsekui juubel, mis kestab terve hooaja. Kausja kuni lameda vormiga \u00f5ied taluvad h\u00e4sti nii kuuma kui ka vihma. \u00d5ied on pigem l\u00f5hnatud, kuid vahel harva v\u00f5ib siiski tunda \u00f5rna magusat aroomi. Selle mattroheline heitlehine lehestik pakub \u00f5rna kontrasti \u00f5itele, tuues esile nende erksad v\u00e4rvid.<\/p>\n<p>Tugeva kasvu ja rahuldava haiguskindlusega. \u00a0Juhul kui peaks tabanduma lehelaiksusest, \u00f5itseb ikka rikkalikult ja j\u00e4rjekindlalt kuni esimese lumeni.<\/p>\n<p>Sobib kasutamiseks teiste pisemate p\u00f5\u00f5saste v\u00f5i roosidega, roosihekiks, r\u00f5dul ja terrassil, istutuskastis ja l\u00f5ikelillena. Pakkudes igap\u00e4evast vaatem\u00e4ngu, sobib h\u00e4sti pidustusi otsivatele linnaelanikele.<\/p>\n<p>Roos on p\u00e4lvinud kuldmedali Buenos Aireses, samuti saavutas AARS (All America Rose Selection)\u00a0staatuse &#8211;\u00a0tegemist on Ameerika \u00fche prestii\u017eeima auhinnaga.<\/p>","protected":false},"featured_media":1045,"template":"","meta":[],"product_brand":[],"product_cat":[4395,9637,4415,9702,4413,9550,4416,4402,22],"product_tag":[],"class_list":{"0":"post-1044","1":"product","2":"type-product","3":"status-publish","4":"has-post-thumbnail","6":"product_cat-hekid","7":"product_cat-istutuskast","8":"product_cat-lilleaed","9":"product_cat-linnaaed","10":"product_cat-loikelilleaed","11":"product_cat-rodu-ja-terrass","12":"product_cat-roosiaed","13":"product_cat-roosid","14":"product_cat-taimed","15":"pa_aretus-meilland","16":"pa_avalikustamisaasta-prantsusmaa-2000","17":"pa_haiguskindlus-keskmine","18":"pa_kasvukorgus-70-90-cm","19":"pa_laius-40-50-cm","20":"pa_lisainfo-ideaalne-heki-loomiseks","21":"pa_lisainfo-sobilik-istutuskasti-jaoks","22":"pa_lisainfo-sobib-loikelilleks","23":"pa_lohn-lohnatu","24":"pa_oie-suurus-keskmine","25":"pa_oie-varv-punane","26":"pa_oie-varv-kahevarviline","27":"pa_oie-varv-puhasvalge","28":"pa_oietuup-taidisois","29":"pa_oitsemine-korduvalt-oitsev","30":"pa_sort-poosasroos","31":"pa_taimede-arvestus-ruutmeetri-9218","32":"pa_talvekindlus-vaga-hea","33":"pa_variatsioon-paljasjuurne-ainult-kevadel","34":"pa_variatsioon-potis-4-6l","35":"pa_variatsioon-potis-4-6l-suvel-ja-sugisel","37":"first","38":"outofstock","39":"purchasable","40":"product-type-variable","41":"has-default-attributes"},"acf":[],"_links":{"self":[{"href":"https:\/\/dev.garden.ee\/en\/wp-json\/wp\/v2\/product\/1044","targetHints":{"allow":["GET"]}}],"collection":[{"href":"https:\/\/dev.garden.ee\/en\/wp-json\/wp\/v2\/product"}],"about":[{"href":"https:\/\/dev.garden.ee\/en\/wp-json\/wp\/v2\/types\/product"}],"wp:featuredmedia":[{"embeddable":true,"href":"https:\/\/dev.garden.ee\/en\/wp-json\/wp\/v2\/media\/1045"}],"wp:attachment":[{"href":"https:\/\/dev.garden.ee\/en\/wp-json\/wp\/v2\/media?parent=1044"}],"wp:term":[{"taxonomy":"product_brand","embeddable":true,"href":"https:\/\/dev.garden.ee\/en\/wp-json\/wp\/v2\/product_brand?post=1044"},{"taxonomy":"product_cat","embeddable":true,"href":"https:\/\/dev.garden.ee\/en\/wp-json\/wp\/v2\/product_cat?post=1044"},{"taxonomy":"product_tag","embeddable":true,"href":"https:\/\/dev.garden.ee\/en\/wp-json\/wp\/v2\/product_tag?post=1044"}],"curies":[{"name":"wp","href":"https:\/\/api.w.org\/{rel}","templated":true}]}}