{"id":10405,"date":"2023-01-18T18:29:01","date_gmt":"2023-01-18T16:29:01","guid":{"rendered":"https:\/\/dev.zezz.ee\/garden\/toode\/mentha-suaveolens-pomo\/"},"modified":"2026-03-02T21:01:23","modified_gmt":"2026-03-02T19:01:23","slug":"mentha-suaveolens-pomo","status":"publish","type":"product","link":"https:\/\/dev.garden.ee\/en\/product\/mentha-suaveolens-pomo\/","title":{"rendered":"Mentha suaveolens &#8216;Pomo&#8217;"},"content":{"rendered":"<input class=\"fooboxshare_post_id\" type=\"hidden\" value=\"10405\"\/>","protected":false},"excerpt":{"rendered":"<p>Kerge \u00f5unaaroomiga piparm\u00fcnt!\u00a0Vormilt puhmjas, kasvab kuni 60 cm k\u00f5rguseks. Lehed tumerohelised, karvased, \u00fcmarama servaga. V\u00e4ikesed roosakas valged huul\u00f5ied\u00a0paiknevad v\u00f5rse tippudes, \u00f5iem\u00e4nnastes, mis on \u00fclalehtede all. Meelitavad aeda liblikaid ja mesilasi. \u00d5itseb kaua, maist juulini. Sobib v\u00e4ga h\u00e4sti lillepeenrasse, dekoratiivtaimede kaaslaseks. Iga \u00fcrdiaia p\u00f5hikomponent. Lihtne kasvatada r\u00f5dul, konteineris, potis v\u00f5i v\u00e4iksemas aias. Erakordsete raviomadustega taim, leevendab n\u00e4iteks pea- v\u00f5i hambavalu, iiveldust, uneh\u00e4ireid. Suvel kasuta v\u00e4rskelt toitude ja jookide (mojito!) valmistamisel, talvel kuivatatult toob suvemeeleolu tagasi!<\/p>","protected":false},"featured_media":10406,"template":"","meta":[],"product_brand":[],"product_cat":[4401,4410,4411,4393,22],"product_tag":[],"class_list":{"0":"post-10405","1":"product","2":"type-product","3":"status-publish","4":"has-post-thumbnail","6":"product_cat-pusikud","7":"product_cat-tarbeaed","8":"product_cat-urdiaed","9":"product_cat-urdid","10":"product_cat-taimed","11":"pa_haiguskindlus-vaga-hea","12":"pa_lohn-lohnav","13":"pa_moodud-k-60-cm-l-60-cm","14":"pa_oie-varv-valge","15":"pa_oitsemise-aeg-mai-juuli","16":"pa_talvekindlus-vaga-hea","17":"pa_tsoon-z-4-9","18":"pa_variatsioon-suurem-pott","19":"pa_variatsioon-suurem-pott-soodushind-50","20":"pa_variatsioon-vaiksem-pott","22":"first","23":"outofstock","24":"sale","25":"purchasable","26":"product-type-variable"},"acf":[],"_links":{"self":[{"href":"https:\/\/dev.garden.ee\/en\/wp-json\/wp\/v2\/product\/10405","targetHints":{"allow":["GET"]}}],"collection":[{"href":"https:\/\/dev.garden.ee\/en\/wp-json\/wp\/v2\/product"}],"about":[{"href":"https:\/\/dev.garden.ee\/en\/wp-json\/wp\/v2\/types\/product"}],"wp:featuredmedia":[{"embeddable":true,"href":"https:\/\/dev.garden.ee\/en\/wp-json\/wp\/v2\/media\/10406"}],"wp:attachment":[{"href":"https:\/\/dev.garden.ee\/en\/wp-json\/wp\/v2\/media?parent=10405"}],"wp:term":[{"taxonomy":"product_brand","embeddable":true,"href":"https:\/\/dev.garden.ee\/en\/wp-json\/wp\/v2\/product_brand?post=10405"},{"taxonomy":"product_cat","embeddable":true,"href":"https:\/\/dev.garden.ee\/en\/wp-json\/wp\/v2\/product_cat?post=10405"},{"taxonomy":"product_tag","embeddable":true,"href":"https:\/\/dev.garden.ee\/en\/wp-json\/wp\/v2\/product_tag?post=10405"}],"curies":[{"name":"wp","href":"https:\/\/api.w.org\/{rel}","templated":true}]}}