{"id":10382,"date":"2023-01-18T18:28:48","date_gmt":"2023-01-18T16:28:48","guid":{"rendered":"https:\/\/dev.zezz.ee\/garden\/toode\/jazz\/"},"modified":"2026-02-06T14:35:48","modified_gmt":"2026-02-06T12:35:48","slug":"jazz","status":"publish","type":"product","link":"https:\/\/dev.garden.ee\/en\/product\/jazz\/","title":{"rendered":"Jazz\u00ae"},"content":{"rendered":"<input class=\"fooboxshare_post_id\" type=\"hidden\" value=\"10382\"\/>","protected":false},"excerpt":{"rendered":"<p>Klassikaline pinnakatteroos suuremate alade katmiseks. Loob v\u00e4ga v\u00e4rvilise vaatem\u00e4ngu, kus algselt 2 &#8211; 4 cm roostekarva oran\u017eid \u00f5ied pleekuvad virsikukollasteks kuni hele roosaks. Isepuhastuva \u00f5iega. Algup\u00e4rane kasvu k\u00f5rgus u. 70 cm. Keskmiselt roheline, v\u00e4ga l\u00e4ikiv lehestik on erakordselt haigusekindel.<\/p>\n<p>Ideaalne lisand Rosen Tantau Cityflor kollektsiooni, kuhu on valitud roosid, mis on peamiselt m\u00f5eldud \u00fcldkasutatavatele aladele, \u00fchiskondlikesse aedadesse ning linna keskkonda. Ranged taimekontrollid ning j\u00e4relvalve erinevates Euroopa piirkondades tagab, et Rosen Tantau poolt kehtestatud kvaliteedi ning v\u00e4limuse n\u00e4itajad oleksid kindlustatud.<\/p>\n<p>Sobib kasutamiseks v\u00e4ikestes gruppides, segapeenardes, romantilistes aedades koos p\u00fcsikutega, pottides ja konteinerites, kalmistutel, terrassidel, hekkides, segaroosipeenardes, suurtes peenardes, haljasaladel ja peenra\u00e4\u00e4rtes. P\u00fcstisema kasvuga kui teised v\u00e4iksemad p\u00f5\u00f5sasroosid, seet\u00f5ttu parima tulemuse saamiseks tuleks istustada v\u00e4hemalt 3 taime kaupa.<\/p>\n<p>Auhinnad: H\u00f5be Baden (Austria 2010); Pronks Monza (Itaalia 2009); H\u00f5be Geneva (\u0160veits 2009); Bronze Medal Warsaw (Poland 2021); Golden Rose Den Haag (Netherlands 2016); Environmental Award Orleans (France 2014); Silver Medal Monaco (2014); Silver Medal Elite of Le Roeulx (Belgium 2014); ADR Rose 2013.<\/p>","protected":false},"featured_media":24830,"template":"","meta":[],"product_brand":[],"product_cat":[4395,9637,6934,9550,4416,4402,4408,22],"product_tag":[9418],"class_list":{"0":"post-10382","1":"product","2":"type-product","3":"status-publish","4":"has-post-thumbnail","6":"product_cat-hekid","7":"product_cat-istutuskast","8":"product_cat-mesilassobralik-aed","9":"product_cat-rodu-ja-terrass","10":"product_cat-roosiaed","11":"product_cat-roosid","12":"product_cat-vaike-aed","13":"product_cat-taimed","14":"product_tag-adr-roos","15":"pa_adr-9754","16":"pa_aretus-rosen-tantau","17":"pa_avalikustamisaasta-saksamaa-2009","18":"pa_haiguskindlus-vaga-hea","19":"pa_kasvukorgus-50-80-cm","20":"pa_kollektsioon-cityflor","21":"pa_laius-45-50-cm","22":"pa_lisainfo-ideaalne-heki-loomiseks","23":"pa_lisainfo-mesilaste-lemmik","24":"pa_lisainfo-sobilik-istutuskasti-jaoks","25":"pa_lohn-orn","26":"pa_oie-suurus-vaike","27":"pa_oie-varv-oranz","28":"pa_oie-varv-roosa","29":"pa_oie-varv-virsikukollane","30":"pa_oietuup-pooltaidisois","31":"pa_oitsemine-korduvalt-oitsev","32":"pa_sort-pinnakatteroos","33":"pa_talvekindlus-vaga-hea","34":"pa_variatsioon-potis-2l-kevadel","35":"pa_variatsioon-potis-4-6l","37":"first","38":"outofstock","39":"purchasable","40":"product-type-variable"},"acf":[],"_links":{"self":[{"href":"https:\/\/dev.garden.ee\/en\/wp-json\/wp\/v2\/product\/10382","targetHints":{"allow":["GET"]}}],"collection":[{"href":"https:\/\/dev.garden.ee\/en\/wp-json\/wp\/v2\/product"}],"about":[{"href":"https:\/\/dev.garden.ee\/en\/wp-json\/wp\/v2\/types\/product"}],"wp:featuredmedia":[{"embeddable":true,"href":"https:\/\/dev.garden.ee\/en\/wp-json\/wp\/v2\/media\/24830"}],"wp:attachment":[{"href":"https:\/\/dev.garden.ee\/en\/wp-json\/wp\/v2\/media?parent=10382"}],"wp:term":[{"taxonomy":"product_brand","embeddable":true,"href":"https:\/\/dev.garden.ee\/en\/wp-json\/wp\/v2\/product_brand?post=10382"},{"taxonomy":"product_cat","embeddable":true,"href":"https:\/\/dev.garden.ee\/en\/wp-json\/wp\/v2\/product_cat?post=10382"},{"taxonomy":"product_tag","embeddable":true,"href":"https:\/\/dev.garden.ee\/en\/wp-json\/wp\/v2\/product_tag?post=10382"}],"curies":[{"name":"wp","href":"https:\/\/api.w.org\/{rel}","templated":true}]}}