{"id":10374,"date":"2023-01-18T18:28:44","date_gmt":"2023-01-18T16:28:44","guid":{"rendered":"https:\/\/dev.zezz.ee\/garden\/toode\/kneelo-aiamatt\/"},"modified":"2026-01-19T16:04:20","modified_gmt":"2026-01-19T14:04:20","slug":"kneelo-aiamatt","status":"publish","type":"product","link":"https:\/\/dev.garden.ee\/en\/product\/kneelo-aiamatt\/","title":{"rendered":"Kneelo\u2122 &#8211; Aiamatt"},"content":{"rendered":"<input class=\"fooboxshare_post_id\" type=\"hidden\" value=\"10374\"\/>","protected":false},"excerpt":{"rendered":"<p>Suurep\u00e4rane aiamatt aiat\u00f6\u00f6deks. T\u00f6\u00f6tab m\u00e4luga vahtpadja p\u00f5him\u00f5ttel. Mugav, praktiline ja kerge. M\u00f5nusa, paraja suurusega matt, mis laseb pikalt p\u00f5lvedele toetudes t\u00f6\u00f6d teha.<\/p>\n<p>Miks mitte teda kasutada ka p\u00f5randa puhastamisel remondit\u00f6\u00f6de juures, piknikel jne.<\/p>\n<p>&nbsp;<\/p>","protected":false},"featured_media":10375,"template":"","meta":[],"product_brand":[],"product_cat":[4403,4417,4418],"product_tag":[],"class_list":{"0":"post-10374","1":"product","2":"type-product","3":"status-publish","4":"has-post-thumbnail","6":"product_cat-kodu","7":"product_cat-tarvikud","8":"product_cat-tooriistad-ja-abivahendid","9":"pa_variatsioon-marjapunane","10":"pa_variatsioon-ploomililla","11":"pa_variatsioon-samblaroheline","12":"pa_variatsioon-tumesinine","14":"first","15":"outofstock","16":"purchasable","17":"product-type-variable"},"acf":[],"_links":{"self":[{"href":"https:\/\/dev.garden.ee\/en\/wp-json\/wp\/v2\/product\/10374","targetHints":{"allow":["GET"]}}],"collection":[{"href":"https:\/\/dev.garden.ee\/en\/wp-json\/wp\/v2\/product"}],"about":[{"href":"https:\/\/dev.garden.ee\/en\/wp-json\/wp\/v2\/types\/product"}],"wp:featuredmedia":[{"embeddable":true,"href":"https:\/\/dev.garden.ee\/en\/wp-json\/wp\/v2\/media\/10375"}],"wp:attachment":[{"href":"https:\/\/dev.garden.ee\/en\/wp-json\/wp\/v2\/media?parent=10374"}],"wp:term":[{"taxonomy":"product_brand","embeddable":true,"href":"https:\/\/dev.garden.ee\/en\/wp-json\/wp\/v2\/product_brand?post=10374"},{"taxonomy":"product_cat","embeddable":true,"href":"https:\/\/dev.garden.ee\/en\/wp-json\/wp\/v2\/product_cat?post=10374"},{"taxonomy":"product_tag","embeddable":true,"href":"https:\/\/dev.garden.ee\/en\/wp-json\/wp\/v2\/product_tag?post=10374"}],"curies":[{"name":"wp","href":"https:\/\/api.w.org\/{rel}","templated":true}]}}