{"id":10352,"date":"2023-01-18T18:28:36","date_gmt":"2023-01-18T16:28:36","guid":{"rendered":"https:\/\/dev.zezz.ee\/garden\/toode\/olivia-rose-austin\/"},"modified":"2026-02-08T12:56:12","modified_gmt":"2026-02-08T10:56:12","slug":"olivia-rose-austin","status":"publish","type":"product","link":"https:\/\/dev.garden.ee\/en\/product\/olivia-rose-austin\/","title":{"rendered":"Olivia Rose Austin"},"content":{"rendered":"<input class=\"fooboxshare_post_id\" type=\"hidden\" value=\"10352\"\/>","protected":false},"excerpt":{"rendered":"<p>Tegemist on v\u00f5rdlemisi erilise roosiga. Aretajate enda arvates v\u00f5ib olla tegemist lausa \u00fche parima sordiga, mida neil on kunagi olnud au tutvustada. Pehmeroosad \u00f5ied on kaunid igal ajahetkel. Kausjad \u00f5iepungad avanevad j\u00e4rk-j\u00e4rgult madal rosettjaks \u00f5iteks. Tugeva ning meeldiva puuviljal\u00f5hnaga \u00f5ite l\u00e4bim\u00f5\u00f5duks on u. 8,5 cm. Vormilt \u00fcmar ja kompaktne p\u00f5\u00f5sas, millel l\u00e4ikiv tume roheline lehestik. J\u00f5ulise kasvuga ning mitmek\u00fclgne sort.<\/p>\n<p>Ideaalne kasvamaks traditsioonilises roosipeenras, segapeenras ning suuremates pottides v\u00f5i kastides. Samuti sobilik l\u00f5hnava ning korduvalt \u00f5itseva heki loomiseks. Lisaks on sordi tervisen\u00e4itajad v\u00e4ga k\u00f5rged.<\/p>\n<p>Sort sai oma nime David Austin juuniori t\u00fctre ning David Austin seenior lapselapse j\u00e4rgi.<\/p>","protected":false},"featured_media":10353,"template":"","meta":[],"product_brand":[],"product_cat":[4395,9637,4415,4413,4416,4402,22],"product_tag":[],"class_list":{"0":"post-10352","1":"product","2":"type-product","3":"status-publish","4":"has-post-thumbnail","6":"product_cat-hekid","7":"product_cat-istutuskast","8":"product_cat-lilleaed","9":"product_cat-loikelilleaed","10":"product_cat-roosiaed","11":"product_cat-roosid","12":"product_cat-taimed","13":"pa_aretus-david-austin","14":"pa_avalikustamisaasta-uhendkuningriik-2014","15":"pa_haiguskindlus-vaga-hea","16":"pa_kasvukorgus-100-120-cm","17":"pa_laius-110-cm","18":"pa_lisainfo-ideaalne-heki-loomiseks","19":"pa_lisainfo-sobilik-istutuskasti-jaoks","20":"pa_lisainfo-sobib-loikelilleks","21":"pa_lisainfo-sobib-osalise-varjuga-kasvualale","22":"pa_lohn-keskmine","23":"pa_lohn-puuviljane","24":"pa_oie-suurus-suur","25":"pa_oie-varv-roosa","26":"pa_oietuup-taidisois","27":"pa_oitsemine-korduvalt-oitsev","28":"pa_sort-poosasroos","29":"pa_taimede-arvestus-ruutmeetri-9220","30":"pa_talvekindlus-vaga-hea","31":"pa_variatsioon-paljasjuurne-ainult-kevadel","32":"pa_variatsioon-potis-4-6l-suvel-ja-sugisel","33":"pa_variatsioon-tuviroos-paljasjuurne-ainult-kevadel","34":"pa_variatsioon-tuviroos-potis-suvel-ja-sugisel","36":"first","37":"outofstock","38":"purchasable","39":"product-type-variable"},"acf":[],"_links":{"self":[{"href":"https:\/\/dev.garden.ee\/en\/wp-json\/wp\/v2\/product\/10352","targetHints":{"allow":["GET"]}}],"collection":[{"href":"https:\/\/dev.garden.ee\/en\/wp-json\/wp\/v2\/product"}],"about":[{"href":"https:\/\/dev.garden.ee\/en\/wp-json\/wp\/v2\/types\/product"}],"wp:featuredmedia":[{"embeddable":true,"href":"https:\/\/dev.garden.ee\/en\/wp-json\/wp\/v2\/media\/10353"}],"wp:attachment":[{"href":"https:\/\/dev.garden.ee\/en\/wp-json\/wp\/v2\/media?parent=10352"}],"wp:term":[{"taxonomy":"product_brand","embeddable":true,"href":"https:\/\/dev.garden.ee\/en\/wp-json\/wp\/v2\/product_brand?post=10352"},{"taxonomy":"product_cat","embeddable":true,"href":"https:\/\/dev.garden.ee\/en\/wp-json\/wp\/v2\/product_cat?post=10352"},{"taxonomy":"product_tag","embeddable":true,"href":"https:\/\/dev.garden.ee\/en\/wp-json\/wp\/v2\/product_tag?post=10352"}],"curies":[{"name":"wp","href":"https:\/\/api.w.org\/{rel}","templated":true}]}}