{"id":10320,"date":"2023-01-18T18:28:19","date_gmt":"2023-01-18T16:28:19","guid":{"rendered":"https:\/\/dev.zezz.ee\/garden\/toode\/polystichum-polyblepharum\/"},"modified":"2026-03-06T17:25:13","modified_gmt":"2026-03-06T15:25:13","slug":"polystichum-polyblepharum","status":"publish","type":"product","link":"https:\/\/dev.garden.ee\/en\/product\/polystichum-polyblepharum\/","title":{"rendered":"Polystichum polyblepharum"},"content":{"rendered":"<input class=\"fooboxshare_post_id\" type=\"hidden\" value=\"10320\"\/>","protected":false},"excerpt":{"rendered":"<p>\u00dcks madalakasvulisematest s\u00f5najalgadest. Selle sordi omap\u00e4raks on eriti l\u00e4ikiv lehestik. Kasvab kompaktselt, p\u00fcstise kasvuga. Vaimustav taim varjuaeda, konteinerisse, suuremate taimede alla v\u00f5i metsamaale.<\/p>\n<p>Hooldus:\u00a0Lehestik tuleks kas hiliss\u00fcgisel v\u00f5i vara kevadel maha l\u00f5igata. Mult\u0161 on soovitav, et hoida peenart niiskena.<\/p>","protected":false},"featured_media":10321,"template":"","meta":[],"product_brand":[],"product_cat":[4406,4401,4399,4409,4412,22],"product_tag":[],"class_list":{"0":"post-10320","1":"product","2":"type-product","3":"status-publish","4":"has-post-thumbnail","6":"product_cat-park","7":"product_cat-pusikud","8":"product_cat-sonajalad","9":"product_cat-tiigiaed","10":"product_cat-varjuaed","11":"product_cat-taimed","12":"pa_moodud-k-30-60-cm-l-45-60-cm","13":"pa_talvekindlus-hea","14":"pa_tsoon-4-9","15":"pa_variatsioon-suurem-pott","16":"pa_variatsioon-vaiksem-pott","18":"first","19":"outofstock","20":"purchasable","21":"product-type-variable"},"acf":[],"_links":{"self":[{"href":"https:\/\/dev.garden.ee\/en\/wp-json\/wp\/v2\/product\/10320","targetHints":{"allow":["GET"]}}],"collection":[{"href":"https:\/\/dev.garden.ee\/en\/wp-json\/wp\/v2\/product"}],"about":[{"href":"https:\/\/dev.garden.ee\/en\/wp-json\/wp\/v2\/types\/product"}],"wp:featuredmedia":[{"embeddable":true,"href":"https:\/\/dev.garden.ee\/en\/wp-json\/wp\/v2\/media\/10321"}],"wp:attachment":[{"href":"https:\/\/dev.garden.ee\/en\/wp-json\/wp\/v2\/media?parent=10320"}],"wp:term":[{"taxonomy":"product_brand","embeddable":true,"href":"https:\/\/dev.garden.ee\/en\/wp-json\/wp\/v2\/product_brand?post=10320"},{"taxonomy":"product_cat","embeddable":true,"href":"https:\/\/dev.garden.ee\/en\/wp-json\/wp\/v2\/product_cat?post=10320"},{"taxonomy":"product_tag","embeddable":true,"href":"https:\/\/dev.garden.ee\/en\/wp-json\/wp\/v2\/product_tag?post=10320"}],"curies":[{"name":"wp","href":"https:\/\/api.w.org\/{rel}","templated":true}]}}