{"id":10317,"date":"2023-01-18T18:28:16","date_gmt":"2023-01-18T16:28:16","guid":{"rendered":"https:\/\/dev.zezz.ee\/garden\/toode\/luzula-pilosa-igel\/"},"modified":"2026-03-02T15:54:37","modified_gmt":"2026-03-02T13:54:37","slug":"luzula-pilosa-igel","status":"publish","type":"product","link":"https:\/\/dev.garden.ee\/en\/product\/luzula-pilosa-igel\/","title":{"rendered":"Luzula pilosa &#8216;Igel&#8217;"},"content":{"rendered":"<input class=\"fooboxshare_post_id\" type=\"hidden\" value=\"10317\"\/>","protected":false},"excerpt":{"rendered":"<p>Madal armas k\u00f5rreline moodustab pooligihaljaid korrap\u00e4raseid m\u00e4ttaid. Lehed tumerohelised, karvased. Eemalt vaadeldes j\u00e4tab taim endast mulje kui kerrat\u00f5mmanud siilist. Kasulik pinnakatja, mis sobib ka osalise varjuga kasvualale. Sobilik niiskem kuni parasniiske, hea drenaa\u017eiga muld.<\/p>","protected":false},"featured_media":25728,"template":"","meta":[],"product_brand":[],"product_cat":[4407,4400,4415,9200,4401,22],"product_tag":[],"class_list":{"0":"post-10317","1":"product","2":"type-product","3":"status-publish","4":"has-post-thumbnail","6":"product_cat-aasad","7":"product_cat-korrelised","8":"product_cat-lilleaed","9":"product_cat-pinnakatjad","10":"product_cat-pusikud","11":"product_cat-taimed","12":"pa_moodud-k-15-20-cm-l-25-cm","13":"pa_talvekindlus-vaga-hea","14":"pa_tsoon-4-8","15":"pa_variatsioon-suurem-pott","16":"pa_variatsioon-vaiksem-pott","18":"first","19":"outofstock","20":"purchasable","21":"product-type-variable"},"acf":[],"_links":{"self":[{"href":"https:\/\/dev.garden.ee\/en\/wp-json\/wp\/v2\/product\/10317","targetHints":{"allow":["GET"]}}],"collection":[{"href":"https:\/\/dev.garden.ee\/en\/wp-json\/wp\/v2\/product"}],"about":[{"href":"https:\/\/dev.garden.ee\/en\/wp-json\/wp\/v2\/types\/product"}],"wp:featuredmedia":[{"embeddable":true,"href":"https:\/\/dev.garden.ee\/en\/wp-json\/wp\/v2\/media\/25728"}],"wp:attachment":[{"href":"https:\/\/dev.garden.ee\/en\/wp-json\/wp\/v2\/media?parent=10317"}],"wp:term":[{"taxonomy":"product_brand","embeddable":true,"href":"https:\/\/dev.garden.ee\/en\/wp-json\/wp\/v2\/product_brand?post=10317"},{"taxonomy":"product_cat","embeddable":true,"href":"https:\/\/dev.garden.ee\/en\/wp-json\/wp\/v2\/product_cat?post=10317"},{"taxonomy":"product_tag","embeddable":true,"href":"https:\/\/dev.garden.ee\/en\/wp-json\/wp\/v2\/product_tag?post=10317"}],"curies":[{"name":"wp","href":"https:\/\/api.w.org\/{rel}","templated":true}]}}