{"id":10313,"date":"2023-01-18T18:28:14","date_gmt":"2023-01-18T16:28:14","guid":{"rendered":"https:\/\/dev.zezz.ee\/garden\/toode\/polystichum-munitum\/"},"modified":"2026-03-06T17:00:31","modified_gmt":"2026-03-06T15:00:31","slug":"polystichum-munitum","status":"publish","type":"product","link":"https:\/\/dev.garden.ee\/en\/product\/polystichum-munitum\/","title":{"rendered":"Polystichum munitum"},"content":{"rendered":"<input class=\"fooboxshare_post_id\" type=\"hidden\" value=\"10313\"\/>","protected":false},"excerpt":{"rendered":"<p>Kaunis ja elegantne s\u00f5najala sort. Kergesti kasvatatav, igihaljas taim on igati sobilik nii lillepeenrasse, kus toetab oma p\u00fcsiva rohelusega \u00f5itsvaid s\u00f5pru v\u00f5i kiviktaimlasse, kus tuleb esile kogu oma hiilguses. Kasvab kompaktselt, p\u00fcstise kasvuga. Vaimustav taim varjuaeda, konteinerisse, suuremate taimede alla v\u00f5i metsamaale.<\/p>\n<p>Hooldus:\u00a0Lehestik tuleks kas hiliss\u00fcgisel v\u00f5i varakevadel maha l\u00f5igata. Mult\u0161 on soovitav, et hoida peenart niiskena.<\/p>","protected":false},"featured_media":10314,"template":"","meta":[],"product_brand":[],"product_cat":[4406,4401,4399,4409,4412,22],"product_tag":[],"class_list":{"0":"post-10313","1":"product","2":"type-product","3":"status-publish","4":"has-post-thumbnail","6":"product_cat-park","7":"product_cat-pusikud","8":"product_cat-sonajalad","9":"product_cat-tiigiaed","10":"product_cat-varjuaed","11":"product_cat-taimed","12":"pa_moodud-k-90-12-m-l-60-12-m","13":"pa_tsoon-6-9","14":"pa_variatsioon-suurem-pott","15":"pa_variatsioon-vaiksem-pott","17":"first","18":"outofstock","19":"purchasable","20":"product-type-variable"},"acf":[],"_links":{"self":[{"href":"https:\/\/dev.garden.ee\/en\/wp-json\/wp\/v2\/product\/10313","targetHints":{"allow":["GET"]}}],"collection":[{"href":"https:\/\/dev.garden.ee\/en\/wp-json\/wp\/v2\/product"}],"about":[{"href":"https:\/\/dev.garden.ee\/en\/wp-json\/wp\/v2\/types\/product"}],"wp:featuredmedia":[{"embeddable":true,"href":"https:\/\/dev.garden.ee\/en\/wp-json\/wp\/v2\/media\/10314"}],"wp:attachment":[{"href":"https:\/\/dev.garden.ee\/en\/wp-json\/wp\/v2\/media?parent=10313"}],"wp:term":[{"taxonomy":"product_brand","embeddable":true,"href":"https:\/\/dev.garden.ee\/en\/wp-json\/wp\/v2\/product_brand?post=10313"},{"taxonomy":"product_cat","embeddable":true,"href":"https:\/\/dev.garden.ee\/en\/wp-json\/wp\/v2\/product_cat?post=10313"},{"taxonomy":"product_tag","embeddable":true,"href":"https:\/\/dev.garden.ee\/en\/wp-json\/wp\/v2\/product_tag?post=10313"}],"curies":[{"name":"wp","href":"https:\/\/api.w.org\/{rel}","templated":true}]}}