{"id":10299,"date":"2023-01-18T18:28:05","date_gmt":"2023-01-18T16:28:05","guid":{"rendered":"https:\/\/dev.zezz.ee\/garden\/toode\/phlox-subulata-candy-stripes\/"},"modified":"2026-03-06T12:06:14","modified_gmt":"2026-03-06T10:06:14","slug":"phlox-subulata-candy-stripes","status":"publish","type":"product","link":"https:\/\/dev.garden.ee\/en\/product\/phlox-subulata-candy-stripes\/","title":{"rendered":"Phlox subulata &#8216;Candy Stripes&#8217;"},"content":{"rendered":"<input class=\"fooboxshare_post_id\" type=\"hidden\" value=\"10299\"\/>","protected":false},"excerpt":{"rendered":"<p><span style=\"color: #000000;\">Madalakasvuline, v\u00e4ga kauni tooni \u00f5itega floks on suurep\u00e4rane pinnakatja kiviktaimlasse v\u00f5i peenarde \u00e4\u00e4ristajana. Lehed tumerohelised n\u00f5elataolised, kevade l\u00f5pus ilmub taimele hulgaliselt v\u00e4ikseid \u00f5isi, kommiroosa kroonleht on \u00e4\u00e4ristatud valgega, s\u00fcdamikus vaarikaroosad t\u00e4pid. Kohe p\u00e4rast \u00f5itsemist tagasi l\u00f5igata, et julgustada taime tihedamaks kasvama. Vajab head drenaa\u017ei. Jagada iga 3 &#8211; 4 aasta tagant.<\/span><\/p>","protected":false},"featured_media":10300,"template":"","meta":[],"product_brand":[],"product_cat":[9637,9503,4415,6934,9200,4401,22],"product_tag":[],"class_list":{"0":"post-10299","1":"product","2":"type-product","3":"status-publish","4":"has-post-thumbnail","6":"product_cat-istutuskast","7":"product_cat-kiviktaimla","8":"product_cat-lilleaed","9":"product_cat-mesilassobralik-aed","10":"product_cat-pinnakatjad","11":"product_cat-pusikud","12":"product_cat-taimed","13":"pa_haiguskindlus-vaga-hea","14":"pa_moodud-k-5-10-cm-l-30-45-cm","15":"pa_oie-varv-mitmevarviline","16":"pa_oitsemise-aeg-mai-juuni","17":"pa_talvekindlus-vaga-hea","18":"pa_tsoon-2-9","19":"pa_variatsioon-suurem-pott","20":"pa_variatsioon-vaiksem-pott","22":"first","23":"outofstock","24":"purchasable","25":"product-type-variable"},"acf":[],"_links":{"self":[{"href":"https:\/\/dev.garden.ee\/en\/wp-json\/wp\/v2\/product\/10299","targetHints":{"allow":["GET"]}}],"collection":[{"href":"https:\/\/dev.garden.ee\/en\/wp-json\/wp\/v2\/product"}],"about":[{"href":"https:\/\/dev.garden.ee\/en\/wp-json\/wp\/v2\/types\/product"}],"wp:featuredmedia":[{"embeddable":true,"href":"https:\/\/dev.garden.ee\/en\/wp-json\/wp\/v2\/media\/10300"}],"wp:attachment":[{"href":"https:\/\/dev.garden.ee\/en\/wp-json\/wp\/v2\/media?parent=10299"}],"wp:term":[{"taxonomy":"product_brand","embeddable":true,"href":"https:\/\/dev.garden.ee\/en\/wp-json\/wp\/v2\/product_brand?post=10299"},{"taxonomy":"product_cat","embeddable":true,"href":"https:\/\/dev.garden.ee\/en\/wp-json\/wp\/v2\/product_cat?post=10299"},{"taxonomy":"product_tag","embeddable":true,"href":"https:\/\/dev.garden.ee\/en\/wp-json\/wp\/v2\/product_tag?post=10299"}],"curies":[{"name":"wp","href":"https:\/\/api.w.org\/{rel}","templated":true}]}}