{"id":10285,"date":"2023-01-18T18:27:55","date_gmt":"2023-01-18T16:27:55","guid":{"rendered":"https:\/\/dev.zezz.ee\/garden\/toode\/origanum-vulgare-hot-and-spicy\/"},"modified":"2026-03-04T18:10:10","modified_gmt":"2026-03-04T16:10:10","slug":"origanum-vulgare-hot-and-spicy","status":"publish","type":"product","link":"https:\/\/dev.garden.ee\/en\/product\/origanum-vulgare-hot-and-spicy\/","title":{"rendered":"Origanum vulgare &#8216;Hot and Spicy&#8217;"},"content":{"rendered":"<input class=\"fooboxshare_post_id\" type=\"hidden\" value=\"10285\"\/>","protected":false},"excerpt":{"rendered":"<p>Tugeva ja v\u00fcrtsika maitsega sort. Maitse on tugevam enne \u00f5itsemiseperioodi. Puhma moodustaval p\u00fcsikul on puituvad v\u00f5rsed, mis on \u00fcmbritsetud pisikeste, v\u00fcrtsika l\u00f5hnaliste roheliste lehtedega. Suvel avanevad liblikaid ning mesilasi meelitavad lillad \u00f5isikud.\u00a0\u00dcrti kasutatakse laialdaselt nii v\u00e4rskelt kui ka kuivatatult.<\/p>","protected":false},"featured_media":25811,"template":"","meta":[],"product_brand":[],"product_cat":[4414,4401,4410,4411,4393,22],"product_tag":[],"class_list":{"0":"post-10285","1":"product","2":"type-product","3":"status-publish","4":"has-post-thumbnail","6":"product_cat-lohnaaed","7":"product_cat-pusikud","8":"product_cat-tarbeaed","9":"product_cat-urdiaed","10":"product_cat-urdid","11":"product_cat-taimed","12":"pa_haiguskindlus-vaga-hea","13":"pa_lohn-lohnav","14":"pa_moodud-k-50-cm-l-50-cm","15":"pa_oie-varv-lilla","16":"pa_oitsemise-aeg-juuli-september","17":"pa_talvekindlus-vaga-hea","18":"pa_tsoon-5-9","19":"pa_variatsioon-suurem-pott","20":"pa_variatsioon-vaiksem-pott","22":"first","23":"outofstock","24":"purchasable","25":"product-type-variable"},"acf":[],"_links":{"self":[{"href":"https:\/\/dev.garden.ee\/en\/wp-json\/wp\/v2\/product\/10285","targetHints":{"allow":["GET"]}}],"collection":[{"href":"https:\/\/dev.garden.ee\/en\/wp-json\/wp\/v2\/product"}],"about":[{"href":"https:\/\/dev.garden.ee\/en\/wp-json\/wp\/v2\/types\/product"}],"wp:featuredmedia":[{"embeddable":true,"href":"https:\/\/dev.garden.ee\/en\/wp-json\/wp\/v2\/media\/25811"}],"wp:attachment":[{"href":"https:\/\/dev.garden.ee\/en\/wp-json\/wp\/v2\/media?parent=10285"}],"wp:term":[{"taxonomy":"product_brand","embeddable":true,"href":"https:\/\/dev.garden.ee\/en\/wp-json\/wp\/v2\/product_brand?post=10285"},{"taxonomy":"product_cat","embeddable":true,"href":"https:\/\/dev.garden.ee\/en\/wp-json\/wp\/v2\/product_cat?post=10285"},{"taxonomy":"product_tag","embeddable":true,"href":"https:\/\/dev.garden.ee\/en\/wp-json\/wp\/v2\/product_tag?post=10285"}],"curies":[{"name":"wp","href":"https:\/\/api.w.org\/{rel}","templated":true}]}}