{"id":10272,"date":"2023-01-18T18:27:47","date_gmt":"2023-01-18T16:27:47","guid":{"rendered":"https:\/\/dev.zezz.ee\/garden\/toode\/lychnis-flos-cuculi-white-robin\/"},"modified":"2026-03-02T16:24:02","modified_gmt":"2026-03-02T14:24:02","slug":"lychnis-flos-cuculi-white-robin","status":"publish","type":"product","link":"https:\/\/dev.garden.ee\/en\/product\/lychnis-flos-cuculi-white-robin\/","title":{"rendered":"Lychnis flos-cuculi &#8216;White Robin&#8217;"},"content":{"rendered":"<input class=\"fooboxshare_post_id\" type=\"hidden\" value=\"10272\"\/>","protected":false},"excerpt":{"rendered":"<p>Kiiresti leviv loodusliku v\u00e4limusega taim loob maal\u00e4hedase atmosf\u00e4\u00e4ri. Sobib aasadele, murualadele, efektsemate taimede \u00fcmber massi loomiseks. Meeldib liblikatele ja mesilastele. Taime pikemad varred on p\u00fcstised, lehed j\u00e4\u00e4vad varre allossa, \u00f5ied on \u00f5rnad, puhasvalged kroonlehed on pikad, kitsad ja l\u00f5histunud, meenutavad t\u00e4hekesi.<\/p>\n<p>Hooldus: N\u00e4rtsinud \u00f5ied l\u00f5ika \u00e4ra, julgustad taime uuesti \u00f5itsema, samuti aitab see piirata isek\u00fclvi.<\/p>\n<p>Kaaslasena sobib nt\u00a0<em>Salvia nemorosa<\/em> &#8216;Schneeh\u00fcgel&#8217;<em>.<\/em><\/p>","protected":false},"featured_media":10273,"template":"","meta":[],"product_brand":[],"product_cat":[4415,6934,4401,22],"product_tag":[],"class_list":{"0":"post-10272","1":"product","2":"type-product","3":"status-publish","4":"has-post-thumbnail","6":"product_cat-lilleaed","7":"product_cat-mesilassobralik-aed","8":"product_cat-pusikud","9":"product_cat-taimed","10":"pa_moodud-k-60-70-cm-l-30-cm","11":"pa_oie-varv-valge","12":"pa_oitsemise-aeg-juuni-juuli","13":"pa_talvekindlus-vaga-hea","14":"pa_tsoon-z-3-8","15":"pa_variatsioon-suurem-pott","16":"pa_variatsioon-vaiksem-pott","18":"first","19":"outofstock","20":"purchasable","21":"product-type-variable"},"acf":[],"_links":{"self":[{"href":"https:\/\/dev.garden.ee\/en\/wp-json\/wp\/v2\/product\/10272","targetHints":{"allow":["GET"]}}],"collection":[{"href":"https:\/\/dev.garden.ee\/en\/wp-json\/wp\/v2\/product"}],"about":[{"href":"https:\/\/dev.garden.ee\/en\/wp-json\/wp\/v2\/types\/product"}],"wp:featuredmedia":[{"embeddable":true,"href":"https:\/\/dev.garden.ee\/en\/wp-json\/wp\/v2\/media\/10273"}],"wp:attachment":[{"href":"https:\/\/dev.garden.ee\/en\/wp-json\/wp\/v2\/media?parent=10272"}],"wp:term":[{"taxonomy":"product_brand","embeddable":true,"href":"https:\/\/dev.garden.ee\/en\/wp-json\/wp\/v2\/product_brand?post=10272"},{"taxonomy":"product_cat","embeddable":true,"href":"https:\/\/dev.garden.ee\/en\/wp-json\/wp\/v2\/product_cat?post=10272"},{"taxonomy":"product_tag","embeddable":true,"href":"https:\/\/dev.garden.ee\/en\/wp-json\/wp\/v2\/product_tag?post=10272"}],"curies":[{"name":"wp","href":"https:\/\/api.w.org\/{rel}","templated":true}]}}